{"id":7694,"date":"2025-11-05T14:57:28","date_gmt":"2025-11-05T20:57:28","guid":{"rendered":"https:\/\/libreriahistoriasdebolsillo.com\/?post_type=product&#038;p=7694"},"modified":"2026-01-30T14:27:14","modified_gmt":"2026-01-30T20:27:14","slug":"el-evangelio-segun-luzbel","status":"publish","type":"product","link":"https:\/\/libreriahistoriasdebolsillo.com\/index.php\/producto\/el-evangelio-segun-luzbel\/","title":{"rendered":"El Evangelio seg\u00fan Luzbel"},"content":{"rendered":"<div class=\"justify\">\n<p><b>EN ALG\u00daN LUGAR DEL MEDIO ORIENTE<\/b><\/p>\n<p><b>MUY CERCA DEL FIN DE LOS TIEMPOS<\/b><\/p>\n<\/div>\n<div class=\"justify\">\n<p>La historia de la humanidad\u00a0<b>contada por Luzbel<\/b>\u00a0a los dos \u00faltimos seres humanos. Un recorrido desde la Gran Explosi\u00f3n hasta\u00a0<b>el Apocalipsis<\/b>, de Mesopotamia a la Revoluci\u00f3n Industrial, de los mitos de la creaci\u00f3n a la f\u00edsica cu\u00e1ntica,\u00a0<b>de<\/b>\u00a0<b>las cruzadas a las guerras mundiales<\/b>. Un viaje sobre el\u00a0<b>origen de los humanos<\/b>\u00a0y de los dioses, sobre la sabidur\u00eda de los mitos, la aventura de la ciencia, la raz\u00f3n de ser del universo y ese misterio al que los humanos llaman Dios.<\/p>\n<\/div>\n","protected":false},"excerpt":{"rendered":"<p>Juan Miguel Zunzunegui<br \/>\n296 p\u00e1ginas<\/p>\n","protected":false},"featured_media":7695,"template":"","meta":{"_joinchat":[]},"product_brand":[],"product_cat":[33],"product_tag":[34],"class_list":{"0":"post-7694","1":"product","2":"type-product","3":"status-publish","4":"has-post-thumbnail","6":"product_cat-ficcion-general","7":"product_tag-penguin-random-house","9":"first","10":"outofstock","11":"shipping-taxable","12":"purchasable","13":"product-type-simple"},"_links":{"self":[{"href":"https:\/\/libreriahistoriasdebolsillo.com\/index.php\/wp-json\/wp\/v2\/product\/7694","targetHints":{"allow":["GET"]}}],"collection":[{"href":"https:\/\/libreriahistoriasdebolsillo.com\/index.php\/wp-json\/wp\/v2\/product"}],"about":[{"href":"https:\/\/libreriahistoriasdebolsillo.com\/index.php\/wp-json\/wp\/v2\/types\/product"}],"wp:featuredmedia":[{"embeddable":true,"href":"https:\/\/libreriahistoriasdebolsillo.com\/index.php\/wp-json\/wp\/v2\/media\/7695"}],"wp:attachment":[{"href":"https:\/\/libreriahistoriasdebolsillo.com\/index.php\/wp-json\/wp\/v2\/media?parent=7694"}],"wp:term":[{"taxonomy":"product_brand","embeddable":true,"href":"https:\/\/libreriahistoriasdebolsillo.com\/index.php\/wp-json\/wp\/v2\/product_brand?post=7694"},{"taxonomy":"product_cat","embeddable":true,"href":"https:\/\/libreriahistoriasdebolsillo.com\/index.php\/wp-json\/wp\/v2\/product_cat?post=7694"},{"taxonomy":"product_tag","embeddable":true,"href":"https:\/\/libreriahistoriasdebolsillo.com\/index.php\/wp-json\/wp\/v2\/product_tag?post=7694"}],"curies":[{"name":"wp","href":"https:\/\/api.w.org\/{rel}","templated":true}]}}