{"id":7696,"date":"2025-11-05T14:59:33","date_gmt":"2025-11-05T20:59:33","guid":{"rendered":"https:\/\/libreriahistoriasdebolsillo.com\/?post_type=product&#038;p=7696"},"modified":"2026-03-10T12:46:32","modified_gmt":"2026-03-10T18:46:32","slug":"cuando-ellos-se-van","status":"publish","type":"product","link":"https:\/\/libreriahistoriasdebolsillo.com\/index.php\/producto\/cuando-ellos-se-van\/","title":{"rendered":"Cuando ellos se van"},"content":{"rendered":"<div class=\"justify\">\n<p><b>El libro m\u00e1s emotivo de Julia Navarro es un<\/b>\u00a0<b>homenaje<\/b>\u00a0<b>lleno de amor y ternura por los animales.<\/b><\/p>\n<\/div>\n<div class=\"justify\">\n<p>Aquellos que han vivido con un perro saben que su presencia aligera los d\u00edas y los llena de felicidad. Amigos fieles, cari\u00f1osos e inteligentes, cada instante a su lado supone una lecci\u00f3n de todo lo que merece la pena ser aprendido.<\/p>\n<p>Es posible rastrear el especial v\u00ednculo entre perros y hombres desde el principio de los tiempos, pero uno de los ejemplos m\u00e1s hermosos y emocionantes lo encontramos en la<i>\u00a0Odisea<\/i>. Cuando Ulises alcanza al fin las costas de \u00cdtaca, exhausto tras largos a\u00f1os vagando en el mar, el \u00fanico que lo reconoce es Argos, su leal perro, que todo ese tiempo lo ha recordado y esperado para su \u00faltimo reencuentro.<\/p>\n<p>Julia Navarro tambi\u00e9n tuvo que despedirse de su inseparable Argos, un precioso pastor alem\u00e1n con el que hab\u00eda compartido alegr\u00eda y horas de escritura. Mucho m\u00e1s que un libro de duelo,<i>\u00a0Cuando ellos se van<\/i>\u00a0es el emotivo homenaje lleno de amor y ternura que Julia Navarro rinde -a trav\u00e9s de la Literatura, el Arte, el Cine y la Historia- a esos generosos compa\u00f1eros que nos cuidan, quieren y protegen durante toda su vida.<\/p>\n<\/div>\n","protected":false},"excerpt":{"rendered":"<p>Julia Navarro<br \/>\n240 p\u00e1ginas<\/p>\n","protected":false},"featured_media":7697,"template":"","meta":{"_joinchat":[]},"product_brand":[],"product_cat":[70],"product_tag":[34],"class_list":{"0":"post-7696","1":"product","2":"type-product","3":"status-publish","4":"has-post-thumbnail","6":"product_cat-novedades","7":"product_tag-penguin-random-house","9":"first","10":"outofstock","11":"shipping-taxable","12":"purchasable","13":"product-type-simple"},"_links":{"self":[{"href":"https:\/\/libreriahistoriasdebolsillo.com\/index.php\/wp-json\/wp\/v2\/product\/7696","targetHints":{"allow":["GET"]}}],"collection":[{"href":"https:\/\/libreriahistoriasdebolsillo.com\/index.php\/wp-json\/wp\/v2\/product"}],"about":[{"href":"https:\/\/libreriahistoriasdebolsillo.com\/index.php\/wp-json\/wp\/v2\/types\/product"}],"wp:featuredmedia":[{"embeddable":true,"href":"https:\/\/libreriahistoriasdebolsillo.com\/index.php\/wp-json\/wp\/v2\/media\/7697"}],"wp:attachment":[{"href":"https:\/\/libreriahistoriasdebolsillo.com\/index.php\/wp-json\/wp\/v2\/media?parent=7696"}],"wp:term":[{"taxonomy":"product_brand","embeddable":true,"href":"https:\/\/libreriahistoriasdebolsillo.com\/index.php\/wp-json\/wp\/v2\/product_brand?post=7696"},{"taxonomy":"product_cat","embeddable":true,"href":"https:\/\/libreriahistoriasdebolsillo.com\/index.php\/wp-json\/wp\/v2\/product_cat?post=7696"},{"taxonomy":"product_tag","embeddable":true,"href":"https:\/\/libreriahistoriasdebolsillo.com\/index.php\/wp-json\/wp\/v2\/product_tag?post=7696"}],"curies":[{"name":"wp","href":"https:\/\/api.w.org\/{rel}","templated":true}]}}