{"id":7698,"date":"2025-11-05T15:02:49","date_gmt":"2025-11-05T21:02:49","guid":{"rendered":"https:\/\/libreriahistoriasdebolsillo.com\/?post_type=product&#038;p=7698"},"modified":"2026-03-10T12:45:05","modified_gmt":"2026-03-10T18:45:05","slug":"las-4-virtudes-estoicas-4-la-sabiduria-es-la-recompensa","status":"publish","type":"product","link":"https:\/\/libreriahistoriasdebolsillo.com\/index.php\/producto\/las-4-virtudes-estoicas-4-la-sabiduria-es-la-recompensa\/","title":{"rendered":"Las 4 virtudes estoicas 4. La sabidur\u00eda es la recompensa"},"content":{"rendered":"<div class=\"justify\">\n<p><b>Un homenaje a la sabidur\u00eda y una exhortaci\u00f3n a perseguirla a lo largo de toda la vida; esta es la \u00faltima entrega de la serie<i>\u00a0Las 4 virtudes estoicas\u00a0<\/i>de Ryan Holiday, autor superventas de\u00a0<\/b><i><b>The New York Times.<\/b><\/i><\/p>\n<p>\u00abRyan Holiday ha llevado las antiguas ense\u00f1anzas del estoicismo a millones de lectores, desde atletas y pol\u00edticos hasta directores ejecutivos\u00bb.<br \/>\n<i><b>Good Morning America<\/b><\/i><\/p>\n<\/div>\n<div class=\"justify\">\n<p>La sabidur\u00eda es la madre de todas las virtudes. La necesitamos para poner en pr\u00e1ctica con lucidez el coraje, la disciplina o la justicia, porque la sabidur\u00eda nos da perspectiva, nos descubre la verdad, nos muestra c\u00f3mo funciona el mundo y nos gu\u00eda.<\/p>\n<p>El discernimiento, esa habilidad cr\u00edtica tan poco habitual, no es un don innato. La sabidur\u00eda se cultiva. La sabidur\u00eda se gana. La sabidur\u00eda se conquista con esfuerzo. Eso hicieron los h\u00e9roes de este libro:\u00a0<b>Michel de Montaigne<\/b>, cuya educaci\u00f3n inusual dio origen a una mente abierta y emp\u00e1tica en una \u00e9poca de divisi\u00f3n y disrupci\u00f3n;\u00a0<i>Marco Aurelio<\/i>, quiz\u00e1 el \u00fanico rey fil\u00f3sofo que ha existido;\u00a0<b>Abraham Lincoln<\/b>, un hombre autodidacta y hecho a s\u00ed mismo que sac\u00f3 a Estados Unidos de su peor crisis. Aprendemos de\u00a0<b>Maya Angelou<\/b>\u00a0el h\u00e1bito de escuchar activamente. Aprendemos de\u00a0<b>Zen\u00f3n\u00a0<\/b>y del\u00a0<b>general Patton<\/b>, cuyo amor por la lectura les permiti\u00f3 viajar a trav\u00e9s del tiempo y el espacio y hablar con los muertos. Aprendemos lecciones de advertencia de figuras como\u00a0<b>Elon Musk<\/b>, cuyo ingenio se volvi\u00f3 en su contra y contra el mundo.<\/p>\n<p>Ryan Holiday insiste en la necesidad del esfuerzo mental, nos advierte de los atajos que pueden privarnos del conocimiento real, y nos revela cu\u00e1n peligrosos pueden ser el poder y la inteligencia sin la influencia moderadora de la sabidur\u00eda.<\/p>\n<p>Este libro, incre\u00edblemente oportuno, diagnostica el mayor problema de nuestro presente y ofrece soluciones para el futuro. La sabidur\u00eda es la recompensa. El esfuerzo vale la pena.<\/p>\n<\/div>\n","protected":false},"excerpt":{"rendered":"<p>Ryan Holiday<br \/>\n384 p\u00e1ginas<\/p>\n","protected":false},"featured_media":7699,"template":"","meta":{"_joinchat":[]},"product_brand":[],"product_cat":[41,70],"product_tag":[34],"class_list":{"0":"post-7698","1":"product","2":"type-product","3":"status-publish","4":"has-post-thumbnail","6":"product_cat-desarrollo-humano","7":"product_cat-novedades","8":"product_tag-penguin-random-house","10":"first","11":"outofstock","12":"shipping-taxable","13":"purchasable","14":"product-type-simple"},"_links":{"self":[{"href":"https:\/\/libreriahistoriasdebolsillo.com\/index.php\/wp-json\/wp\/v2\/product\/7698","targetHints":{"allow":["GET"]}}],"collection":[{"href":"https:\/\/libreriahistoriasdebolsillo.com\/index.php\/wp-json\/wp\/v2\/product"}],"about":[{"href":"https:\/\/libreriahistoriasdebolsillo.com\/index.php\/wp-json\/wp\/v2\/types\/product"}],"wp:featuredmedia":[{"embeddable":true,"href":"https:\/\/libreriahistoriasdebolsillo.com\/index.php\/wp-json\/wp\/v2\/media\/7699"}],"wp:attachment":[{"href":"https:\/\/libreriahistoriasdebolsillo.com\/index.php\/wp-json\/wp\/v2\/media?parent=7698"}],"wp:term":[{"taxonomy":"product_brand","embeddable":true,"href":"https:\/\/libreriahistoriasdebolsillo.com\/index.php\/wp-json\/wp\/v2\/product_brand?post=7698"},{"taxonomy":"product_cat","embeddable":true,"href":"https:\/\/libreriahistoriasdebolsillo.com\/index.php\/wp-json\/wp\/v2\/product_cat?post=7698"},{"taxonomy":"product_tag","embeddable":true,"href":"https:\/\/libreriahistoriasdebolsillo.com\/index.php\/wp-json\/wp\/v2\/product_tag?post=7698"}],"curies":[{"name":"wp","href":"https:\/\/api.w.org\/{rel}","templated":true}]}}