{"id":770,"date":"2023-11-20T16:58:04","date_gmt":"2023-11-20T22:58:04","guid":{"rendered":"https:\/\/libreriahistoriasdebolsillo.com\/?post_type=product&#038;p=770"},"modified":"2024-06-20T10:40:44","modified_gmt":"2024-06-20T16:40:44","slug":"aquel-ultimo-verano-serie-cabana","status":"publish","type":"product","link":"https:\/\/libreriahistoriasdebolsillo.com\/index.php\/producto\/aquel-ultimo-verano-serie-cabana\/","title":{"rendered":"Aquel \u00faltimo verano. Serie cabana"},"content":{"rendered":"<p>Priscila llevaba cuatro a\u00f1os lejos de casa, del Mediterr\u00e1neo y de los recuerdos. Alex nunca se fue, pero esos cuatro a\u00f1os tambi\u00e9n han dejado huella en \u00e9l, y el rencor lo ha acompa\u00f1ado todo este tiempo. Ahora vuelven a encontrarse: con ellos, con quienes fueron y con lo que nunca se dijeron. \u00bfPodr\u00e1n olvidar aquel \u00faltimo verano?<\/p>\n","protected":false},"excerpt":{"rendered":"<p>Susanna Herrero<\/p>\n","protected":false},"featured_media":771,"template":"","meta":{"_joinchat":[]},"product_brand":[],"product_cat":[52,35],"product_tag":[48],"class_list":{"0":"post-770","1":"product","2":"type-product","3":"status-publish","4":"has-post-thumbnail","6":"product_cat-juvenil","7":"product_cat-romantica","8":"product_tag-vr-editoras","10":"first","11":"outofstock","12":"shipping-taxable","13":"purchasable","14":"product-type-simple"},"_links":{"self":[{"href":"https:\/\/libreriahistoriasdebolsillo.com\/index.php\/wp-json\/wp\/v2\/product\/770","targetHints":{"allow":["GET"]}}],"collection":[{"href":"https:\/\/libreriahistoriasdebolsillo.com\/index.php\/wp-json\/wp\/v2\/product"}],"about":[{"href":"https:\/\/libreriahistoriasdebolsillo.com\/index.php\/wp-json\/wp\/v2\/types\/product"}],"wp:featuredmedia":[{"embeddable":true,"href":"https:\/\/libreriahistoriasdebolsillo.com\/index.php\/wp-json\/wp\/v2\/media\/771"}],"wp:attachment":[{"href":"https:\/\/libreriahistoriasdebolsillo.com\/index.php\/wp-json\/wp\/v2\/media?parent=770"}],"wp:term":[{"taxonomy":"product_brand","embeddable":true,"href":"https:\/\/libreriahistoriasdebolsillo.com\/index.php\/wp-json\/wp\/v2\/product_brand?post=770"},{"taxonomy":"product_cat","embeddable":true,"href":"https:\/\/libreriahistoriasdebolsillo.com\/index.php\/wp-json\/wp\/v2\/product_cat?post=770"},{"taxonomy":"product_tag","embeddable":true,"href":"https:\/\/libreriahistoriasdebolsillo.com\/index.php\/wp-json\/wp\/v2\/product_tag?post=770"}],"curies":[{"name":"wp","href":"https:\/\/api.w.org\/{rel}","templated":true}]}}