{"id":7702,"date":"2025-11-05T15:17:14","date_gmt":"2025-11-05T21:17:14","guid":{"rendered":"https:\/\/libreriahistoriasdebolsillo.com\/?post_type=product&#038;p=7702"},"modified":"2026-03-10T12:48:11","modified_gmt":"2026-03-10T18:48:11","slug":"almas-perdidas-2-el-nuevo-mundo","status":"publish","type":"product","link":"https:\/\/libreriahistoriasdebolsillo.com\/index.php\/producto\/almas-perdidas-2-el-nuevo-mundo\/","title":{"rendered":"Almas perdidas 2. El nuevo mundo"},"content":{"rendered":"<div class=\"justify\">\n<p><b>Ariana Godoy regresa al tenebroso universo de Almas perdidas con el segundo volumen de su nueva trilog\u00eda.<\/b><\/p>\n<\/div>\n<div class=\"justify\">\n<p>Tras la Purificaci\u00f3n, el mundo ha cambiado, y Morgan debe encontrar de nuevo su lugar en \u00e9l.<\/p>\n<p>Ha descubierto la verdad sobre su nacimiento y su destino, aunque a un precio alt\u00edsimo: sus amigos han desaparecido y lleva en sus entra\u00f1as al hijo de su enemigo. Ahora, pidida entre su amor por el Rey Insurgente y el dolor de su traici\u00f3n, deber\u00e1 recomponer las piezas de su coraz\u00f3n roto y enfrentarse al desaf\u00edo m\u00e1s complicado de su vida si quiere ser libre: destruir un reino y acabar con su soberano.<\/p>\n<p>\u00ab\u00bfQuieres destruirme? Te invito a intentarlo\u00bb.<\/p>\n<p>La autora best seller Ariana Godoy (trilog\u00eda\u00a0<i>Hermanos Hidalg<\/i>o, saga\u00a0<i>Darks<\/i>\u00a0y\u00a0<i>Sigue mi voz<\/i>) crea un universo tenebroso donde las criaturas de la noche reinan y los corazones puros est\u00e1n en clara desventaja.<\/p>\n<\/div>\n","protected":false},"excerpt":{"rendered":"<p>Ariana Godoy<br \/>\n336 p\u00e1ginas<\/p>\n","protected":false},"featured_media":7703,"template":"","meta":{"_joinchat":[]},"product_brand":[],"product_cat":[51,76],"product_tag":[34],"class_list":{"0":"post-7702","1":"product","2":"type-product","3":"status-publish","4":"has-post-thumbnail","6":"product_cat-oferta","7":"product_cat-romantasy","8":"product_tag-penguin-random-house","10":"first","11":"instock","12":"sale","13":"shipping-taxable","14":"purchasable","15":"product-type-simple"},"_links":{"self":[{"href":"https:\/\/libreriahistoriasdebolsillo.com\/index.php\/wp-json\/wp\/v2\/product\/7702","targetHints":{"allow":["GET"]}}],"collection":[{"href":"https:\/\/libreriahistoriasdebolsillo.com\/index.php\/wp-json\/wp\/v2\/product"}],"about":[{"href":"https:\/\/libreriahistoriasdebolsillo.com\/index.php\/wp-json\/wp\/v2\/types\/product"}],"wp:featuredmedia":[{"embeddable":true,"href":"https:\/\/libreriahistoriasdebolsillo.com\/index.php\/wp-json\/wp\/v2\/media\/7703"}],"wp:attachment":[{"href":"https:\/\/libreriahistoriasdebolsillo.com\/index.php\/wp-json\/wp\/v2\/media?parent=7702"}],"wp:term":[{"taxonomy":"product_brand","embeddable":true,"href":"https:\/\/libreriahistoriasdebolsillo.com\/index.php\/wp-json\/wp\/v2\/product_brand?post=7702"},{"taxonomy":"product_cat","embeddable":true,"href":"https:\/\/libreriahistoriasdebolsillo.com\/index.php\/wp-json\/wp\/v2\/product_cat?post=7702"},{"taxonomy":"product_tag","embeddable":true,"href":"https:\/\/libreriahistoriasdebolsillo.com\/index.php\/wp-json\/wp\/v2\/product_tag?post=7702"}],"curies":[{"name":"wp","href":"https:\/\/api.w.org\/{rel}","templated":true}]}}