{"id":7706,"date":"2025-11-05T15:20:43","date_gmt":"2025-11-05T21:20:43","guid":{"rendered":"https:\/\/libreriahistoriasdebolsillo.com\/?post_type=product&#038;p=7706"},"modified":"2026-03-12T18:20:25","modified_gmt":"2026-03-13T00:20:25","slug":"carta-al-padre","status":"publish","type":"product","link":"https:\/\/libreriahistoriasdebolsillo.com\/index.php\/producto\/carta-al-padre\/","title":{"rendered":"Carta al padre"},"content":{"rendered":"<div class=\"justify\">\n<p><b>La carta que Franz Kafka escribi\u00f3 a su padre y nunca fue enviada.<\/b><\/p>\n<\/div>\n<div class=\"justify\">\n<p>La carta m\u00e1s famosa del siglo xx jam\u00e1s lleg\u00f3 a su destinatario. Ni siquiera fue enviada. La escribi\u00f3 Franz Kafka de un tir\u00f3n entre el 4 y el 20 de noviembre de 1919, y est\u00e1 dirigida a su padre, Hermann Kafka, comerciante jud\u00edo en la ciudad de Praga.<\/p>\n<p>Escrita en un estilo que su propio autor calific\u00f3 \u00abde abogado\u00bb, la carta es un memorial de las relaciones que hab\u00eda mantenido con su padre desde su nacimiento. Se trata de un documento literario y autobiogr\u00e1fico de excepcional valor, que sirve para entender los arcanos de la vida afectiva del escritor, su peculiar visi\u00f3n del mundo y el modo en que la plasm\u00f3 en sus textos.<\/p>\n<\/div>\n","protected":false},"excerpt":{"rendered":"<p>Franz Kafka<br \/>\n128 p\u00e1ginas<\/p>\n","protected":false},"featured_media":7707,"template":"","meta":{"_joinchat":[]},"product_brand":[],"product_cat":[42,51],"product_tag":[34],"class_list":{"0":"post-7706","1":"product","2":"type-product","3":"status-publish","4":"has-post-thumbnail","6":"product_cat-literatura-clasica","7":"product_cat-oferta","8":"product_tag-penguin-random-house","10":"first","11":"outofstock","12":"shipping-taxable","13":"purchasable","14":"product-type-simple"},"_links":{"self":[{"href":"https:\/\/libreriahistoriasdebolsillo.com\/index.php\/wp-json\/wp\/v2\/product\/7706","targetHints":{"allow":["GET"]}}],"collection":[{"href":"https:\/\/libreriahistoriasdebolsillo.com\/index.php\/wp-json\/wp\/v2\/product"}],"about":[{"href":"https:\/\/libreriahistoriasdebolsillo.com\/index.php\/wp-json\/wp\/v2\/types\/product"}],"wp:featuredmedia":[{"embeddable":true,"href":"https:\/\/libreriahistoriasdebolsillo.com\/index.php\/wp-json\/wp\/v2\/media\/7707"}],"wp:attachment":[{"href":"https:\/\/libreriahistoriasdebolsillo.com\/index.php\/wp-json\/wp\/v2\/media?parent=7706"}],"wp:term":[{"taxonomy":"product_brand","embeddable":true,"href":"https:\/\/libreriahistoriasdebolsillo.com\/index.php\/wp-json\/wp\/v2\/product_brand?post=7706"},{"taxonomy":"product_cat","embeddable":true,"href":"https:\/\/libreriahistoriasdebolsillo.com\/index.php\/wp-json\/wp\/v2\/product_cat?post=7706"},{"taxonomy":"product_tag","embeddable":true,"href":"https:\/\/libreriahistoriasdebolsillo.com\/index.php\/wp-json\/wp\/v2\/product_tag?post=7706"}],"curies":[{"name":"wp","href":"https:\/\/api.w.org\/{rel}","templated":true}]}}