{"id":7708,"date":"2025-11-05T15:22:42","date_gmt":"2025-11-05T21:22:42","guid":{"rendered":"https:\/\/libreriahistoriasdebolsillo.com\/?post_type=product&#038;p=7708"},"modified":"2026-03-10T12:49:30","modified_gmt":"2026-03-10T18:49:30","slug":"mi-estupido-ninero","status":"publish","type":"product","link":"https:\/\/libreriahistoriasdebolsillo.com\/index.php\/producto\/mi-estupido-ninero\/","title":{"rendered":"Mi est\u00fapido ni\u00f1ero"},"content":{"rendered":"<div class=\"justify\">\n<p><b>\u00bfQu\u00e9 sentir\u00edas si tus padres contrataran a un ni\u00f1ero?<\/b><\/p>\n<\/div>\n<div class=\"justify\">\n<p>A los diecisiete a\u00f1os, no parece que sea muy buena idea, y menos si \u00e9l va a tu misma clase y tiene derecho a vigilarte y castigarte. Tyler Harrison es sin\u00f3nimo de idiota&#8230; Y es mi est\u00fapido ni\u00f1ero.<\/p>\n<p>Sam no le pondr\u00e1 las cosas nada f\u00e1ciles a Tyler, pero poco a poco el v\u00ednculo entre ambos ir\u00e1 cambiando. Al compartir casa y clase, la relaci\u00f3n ser\u00e1 cada vez m\u00e1s intensa, pero \u00e9l siempre ser\u00e1 su est\u00fapido ni\u00f1ero. O\u2026 \u00bfalgo m\u00e1s?<\/p>\n<\/div>\n","protected":false},"excerpt":{"rendered":"<p>Blue Woods<br \/>\n336 p\u00e1ginas<\/p>\n","protected":false},"featured_media":7709,"template":"","meta":{"_joinchat":[]},"product_brand":[],"product_cat":[52,51],"product_tag":[34],"class_list":{"0":"post-7708","1":"product","2":"type-product","3":"status-publish","4":"has-post-thumbnail","6":"product_cat-juvenil","7":"product_cat-oferta","8":"product_tag-penguin-random-house","10":"first","11":"instock","12":"sale","13":"shipping-taxable","14":"purchasable","15":"product-type-simple"},"_links":{"self":[{"href":"https:\/\/libreriahistoriasdebolsillo.com\/index.php\/wp-json\/wp\/v2\/product\/7708","targetHints":{"allow":["GET"]}}],"collection":[{"href":"https:\/\/libreriahistoriasdebolsillo.com\/index.php\/wp-json\/wp\/v2\/product"}],"about":[{"href":"https:\/\/libreriahistoriasdebolsillo.com\/index.php\/wp-json\/wp\/v2\/types\/product"}],"wp:featuredmedia":[{"embeddable":true,"href":"https:\/\/libreriahistoriasdebolsillo.com\/index.php\/wp-json\/wp\/v2\/media\/7709"}],"wp:attachment":[{"href":"https:\/\/libreriahistoriasdebolsillo.com\/index.php\/wp-json\/wp\/v2\/media?parent=7708"}],"wp:term":[{"taxonomy":"product_brand","embeddable":true,"href":"https:\/\/libreriahistoriasdebolsillo.com\/index.php\/wp-json\/wp\/v2\/product_brand?post=7708"},{"taxonomy":"product_cat","embeddable":true,"href":"https:\/\/libreriahistoriasdebolsillo.com\/index.php\/wp-json\/wp\/v2\/product_cat?post=7708"},{"taxonomy":"product_tag","embeddable":true,"href":"https:\/\/libreriahistoriasdebolsillo.com\/index.php\/wp-json\/wp\/v2\/product_tag?post=7708"}],"curies":[{"name":"wp","href":"https:\/\/api.w.org\/{rel}","templated":true}]}}