{"id":7710,"date":"2025-11-05T15:24:57","date_gmt":"2025-11-05T21:24:57","guid":{"rendered":"https:\/\/libreriahistoriasdebolsillo.com\/?post_type=product&#038;p=7710"},"modified":"2026-03-10T12:50:03","modified_gmt":"2026-03-10T18:50:03","slug":"saga-crepusculo-5-sol-de-medianoche","status":"publish","type":"product","link":"https:\/\/libreriahistoriasdebolsillo.com\/index.php\/producto\/saga-crepusculo-5-sol-de-medianoche\/","title":{"rendered":"Saga Crep\u00fasculo 5. Sol de medianoche"},"content":{"rendered":"<div class=\"justify\">\n<p><b>\u00a1Llega la nueva novela de Stephenie Meyer! Revive la historia de amor inmortal de\u00a0<i>Crep\u00fasculo\u00a0<\/i>contada desde la perspectiva de Edward Cullen.<\/b><\/p>\n<\/div>\n<div class=\"justify\">\n<p>Cuando Edward Cullen y Bella Swan se conocieron en\u00a0<i>Crep\u00fasculo<\/i>, naci\u00f3 una historia de amor ic\u00f3nica. Pero hasta ahora, sus fans solo conocen la historia a trav\u00e9s de Bella. Por fin los lectores podr\u00e1n vivir la versi\u00f3n de Edward en la muy esperada novela\u00a0<i>Sol de medianoche.<\/i><\/p>\n<p>La inolvidable historia, contada a trav\u00e9s de los ojos de Edward, toma un cariz nuevo y definitivamente oscuro. Conocer a Bella es lo m\u00e1s perturbador e intrigante que le ha sucedido en todos sus a\u00f1os como vampiro. A medida que se nos desvelan detalles fascinantes del pasado de Edward y la complejidad de sus pensamientos m\u00e1s \u00edntimos, entenderemos por qu\u00e9 este es el conflicto interno que define su vida. \u00bfC\u00f3mo puede justificar los impulsos de su coraz\u00f3n si significan poner a Bella en peligro?<\/p>\n<p>En\u00a0<i>Sol de Medianoche<\/i>, Stephenie Meyer nos transporta de nuevo a un mundo que ha cautivado a millones de lectores y nos trae una novela \u00e9pica sobre los profundos placeres y las consecuencias devastadoras de un amor inmortal.<\/p>\n<\/div>\n","protected":false},"excerpt":{"rendered":"<p>Stephenie Meyer<br \/>\n912 p\u00e1ginas<\/p>\n","protected":false},"featured_media":7711,"template":"","meta":{"_joinchat":[]},"product_brand":[],"product_cat":[76],"product_tag":[34],"class_list":{"0":"post-7710","1":"product","2":"type-product","3":"status-publish","4":"has-post-thumbnail","6":"product_cat-romantasy","7":"product_tag-penguin-random-house","9":"first","10":"outofstock","11":"shipping-taxable","12":"purchasable","13":"product-type-simple"},"_links":{"self":[{"href":"https:\/\/libreriahistoriasdebolsillo.com\/index.php\/wp-json\/wp\/v2\/product\/7710","targetHints":{"allow":["GET"]}}],"collection":[{"href":"https:\/\/libreriahistoriasdebolsillo.com\/index.php\/wp-json\/wp\/v2\/product"}],"about":[{"href":"https:\/\/libreriahistoriasdebolsillo.com\/index.php\/wp-json\/wp\/v2\/types\/product"}],"wp:featuredmedia":[{"embeddable":true,"href":"https:\/\/libreriahistoriasdebolsillo.com\/index.php\/wp-json\/wp\/v2\/media\/7711"}],"wp:attachment":[{"href":"https:\/\/libreriahistoriasdebolsillo.com\/index.php\/wp-json\/wp\/v2\/media?parent=7710"}],"wp:term":[{"taxonomy":"product_brand","embeddable":true,"href":"https:\/\/libreriahistoriasdebolsillo.com\/index.php\/wp-json\/wp\/v2\/product_brand?post=7710"},{"taxonomy":"product_cat","embeddable":true,"href":"https:\/\/libreriahistoriasdebolsillo.com\/index.php\/wp-json\/wp\/v2\/product_cat?post=7710"},{"taxonomy":"product_tag","embeddable":true,"href":"https:\/\/libreriahistoriasdebolsillo.com\/index.php\/wp-json\/wp\/v2\/product_tag?post=7710"}],"curies":[{"name":"wp","href":"https:\/\/api.w.org\/{rel}","templated":true}]}}