{"id":7712,"date":"2025-11-05T15:27:32","date_gmt":"2025-11-05T21:27:32","guid":{"rendered":"https:\/\/libreriahistoriasdebolsillo.com\/?post_type=product&#038;p=7712"},"modified":"2026-03-10T12:50:13","modified_gmt":"2026-03-10T18:50:13","slug":"la-mascara-de-los-espectros","status":"publish","type":"product","link":"https:\/\/libreriahistoriasdebolsillo.com\/index.php\/producto\/la-mascara-de-los-espectros\/","title":{"rendered":"La m\u00e1scara de los espectros"},"content":{"rendered":"<div class=\"justify\">\n<p><b>1889.<\/b><\/p>\n<p><b>El p\u00e1nico llega a los teatros de Londres<\/b><\/p>\n<\/div>\n<div class=\"justify\">\n<p>Tras la \u00faltima representaci\u00f3n de\u00a0<i>Macbeth<\/i>\u00a0se escucha el supuesto aullido de una banshee: el \u00e1nima de la mitolog\u00eda celta que viene a anunciar la muerte de alguien. \u00bfPero de qui\u00e9n?Los augurios se repiten cuando la obra parte de gira a Escocia, y el nervioso administrador de la compa\u00f1\u00eda teatral un tal Bram Stoker tiene que recurrir a las celebridades de la polic\u00eda local: los inspectores Ian Frey y Adolphus \u00abNueve U\u00f1as\u00bb McGray.<\/p>\n<p>Frey est\u00e1 convencido de que los augurios no son m\u00e1s que un descarado truco publicitario, mientras que Nueve U\u00f1as teme la presencia de entes oscuros. La investigaci\u00f3n los llevar\u00e1 a elucidar los peores secretos de m\u00e1s de una celebridad: Ellen Terry, Henry Irving, Lewis Carroll, Oscar Wilde\u2026 Todos tienen motivos para asesinar\u2026 o ser asesinados. S\u00f3lo algo es seguro: ya sea por intervenci\u00f3n humana o sobrenatural, la muerte se har\u00e1 presente en cuanto se levante el tel\u00f3n.<\/p>\n<\/div>\n","protected":false},"excerpt":{"rendered":"<p>Oscar de Muriel<br \/>\n416 p\u00e1ginas<\/p>\n","protected":false},"featured_media":7713,"template":"","meta":{"_joinchat":[]},"product_brand":[],"product_cat":[51,36],"product_tag":[34],"class_list":{"0":"post-7712","1":"product","2":"type-product","3":"status-publish","4":"has-post-thumbnail","6":"product_cat-oferta","7":"product_cat-terror-y-paranormal","8":"product_tag-penguin-random-house","10":"first","11":"instock","12":"sale","13":"shipping-taxable","14":"purchasable","15":"product-type-simple"},"_links":{"self":[{"href":"https:\/\/libreriahistoriasdebolsillo.com\/index.php\/wp-json\/wp\/v2\/product\/7712","targetHints":{"allow":["GET"]}}],"collection":[{"href":"https:\/\/libreriahistoriasdebolsillo.com\/index.php\/wp-json\/wp\/v2\/product"}],"about":[{"href":"https:\/\/libreriahistoriasdebolsillo.com\/index.php\/wp-json\/wp\/v2\/types\/product"}],"wp:featuredmedia":[{"embeddable":true,"href":"https:\/\/libreriahistoriasdebolsillo.com\/index.php\/wp-json\/wp\/v2\/media\/7713"}],"wp:attachment":[{"href":"https:\/\/libreriahistoriasdebolsillo.com\/index.php\/wp-json\/wp\/v2\/media?parent=7712"}],"wp:term":[{"taxonomy":"product_brand","embeddable":true,"href":"https:\/\/libreriahistoriasdebolsillo.com\/index.php\/wp-json\/wp\/v2\/product_brand?post=7712"},{"taxonomy":"product_cat","embeddable":true,"href":"https:\/\/libreriahistoriasdebolsillo.com\/index.php\/wp-json\/wp\/v2\/product_cat?post=7712"},{"taxonomy":"product_tag","embeddable":true,"href":"https:\/\/libreriahistoriasdebolsillo.com\/index.php\/wp-json\/wp\/v2\/product_tag?post=7712"}],"curies":[{"name":"wp","href":"https:\/\/api.w.org\/{rel}","templated":true}]}}