{"id":7716,"date":"2025-11-05T15:33:59","date_gmt":"2025-11-05T21:33:59","guid":{"rendered":"https:\/\/libreriahistoriasdebolsillo.com\/?post_type=product&#038;p=7716"},"modified":"2026-03-10T12:49:10","modified_gmt":"2026-03-10T18:49:10","slug":"elige-tu-propia-aventura-3-el-abominable-hombre-de-las-nieves","status":"publish","type":"product","link":"https:\/\/libreriahistoriasdebolsillo.com\/index.php\/producto\/elige-tu-propia-aventura-3-el-abominable-hombre-de-las-nieves\/","title":{"rendered":"Elige tu propia aventura 3. El abominable hombre de las nieves"},"content":{"rendered":"<div class=\"justify\">\n<p><b>\u00a1CUIDADO! Este libro es diferente a los dem\u00e1s. T\u00fa puedes elegir el desarrollo de la historia.<\/b><\/p>\n<\/div>\n<div class=\"justify\">\n<p>Lo que ocurra en esta historia est\u00e1 SOLO en tus manos.<\/p>\n<p>Tendr\u00e1s que sortear grandes peligros y una mala decisi\u00f3n podr\u00eda acabar en desastre&#8230;<\/p>\n<p>Pero no desesperes. en cualquier momento puedes retroceder y elegir otra opci\u00f3n, alterar el curso de tu historia y cambiar tu destino.<\/p>\n<p>Esta es tu misi\u00f3n: debes encontrar a tu amigo Carlos, desaparecido en el Himalaya en busca del\u00a0<b>abominable<\/b><b>\u00a0hombre de las nieves<\/b>. Tormentas de nieve, monta\u00f1as intransitables y peligros insospechados se interponen en tu camino.<\/p>\n<p>\u00bfConseguir\u00e1s dar con \u00e9l?<\/p>\n<\/div>\n","protected":false},"excerpt":{"rendered":"<p>R.A. Montgomery<br \/>\n144 p\u00e1ginas<\/p>\n","protected":false},"featured_media":7717,"template":"","meta":{"_joinchat":[]},"product_brand":[],"product_cat":[52,37],"product_tag":[34],"class_list":{"0":"post-7716","1":"product","2":"type-product","3":"status-publish","4":"has-post-thumbnail","6":"product_cat-juvenil","7":"product_cat-misterio-y-thriller","8":"product_tag-penguin-random-house","10":"first","11":"outofstock","12":"shipping-taxable","13":"purchasable","14":"product-type-simple"},"_links":{"self":[{"href":"https:\/\/libreriahistoriasdebolsillo.com\/index.php\/wp-json\/wp\/v2\/product\/7716","targetHints":{"allow":["GET"]}}],"collection":[{"href":"https:\/\/libreriahistoriasdebolsillo.com\/index.php\/wp-json\/wp\/v2\/product"}],"about":[{"href":"https:\/\/libreriahistoriasdebolsillo.com\/index.php\/wp-json\/wp\/v2\/types\/product"}],"wp:featuredmedia":[{"embeddable":true,"href":"https:\/\/libreriahistoriasdebolsillo.com\/index.php\/wp-json\/wp\/v2\/media\/7717"}],"wp:attachment":[{"href":"https:\/\/libreriahistoriasdebolsillo.com\/index.php\/wp-json\/wp\/v2\/media?parent=7716"}],"wp:term":[{"taxonomy":"product_brand","embeddable":true,"href":"https:\/\/libreriahistoriasdebolsillo.com\/index.php\/wp-json\/wp\/v2\/product_brand?post=7716"},{"taxonomy":"product_cat","embeddable":true,"href":"https:\/\/libreriahistoriasdebolsillo.com\/index.php\/wp-json\/wp\/v2\/product_cat?post=7716"},{"taxonomy":"product_tag","embeddable":true,"href":"https:\/\/libreriahistoriasdebolsillo.com\/index.php\/wp-json\/wp\/v2\/product_tag?post=7716"}],"curies":[{"name":"wp","href":"https:\/\/api.w.org\/{rel}","templated":true}]}}