{"id":7725,"date":"2025-11-06T17:28:32","date_gmt":"2025-11-06T23:28:32","guid":{"rendered":"https:\/\/libreriahistoriasdebolsillo.com\/?post_type=product&#038;p=7725"},"modified":"2025-11-22T16:58:10","modified_gmt":"2025-11-22T22:58:10","slug":"frankenstein-tapa-dura-y-cantos-pintados","status":"publish","type":"product","link":"https:\/\/libreriahistoriasdebolsillo.com\/index.php\/producto\/frankenstein-tapa-dura-y-cantos-pintados\/","title":{"rendered":"Frankenstein (Tapa dura y cantos pintados)"},"content":{"rendered":"<p>Victor Frankenstein, impulsado por un anhelo desmedido de gloria cient\u00edfica, rompe los l\u00edmites del conocimiento humano y la naturaleza para dar vida a un ser hecho de muerte. Lo que crey\u00f3 un logro pronto se convierte en su condena: incapaz de aceptar su creaci\u00f3n, Frankenstein la abandona, dando inicio a una tragedia devastadora que se extiende hasta las heladas tierras del norte, donde Robert Walton, un explorador con la misma ambici\u00f3n que \u00e9l, recoge su estremecedor testimonio. \u2022 Es un cl\u00e1sico de la literatura estudiado en escuelas y universidades de todo el mundo, lo que asegura una demanda continua y un lugar destacado en la historia literaria. \u2022 La historia ha sido adaptada para numerosas pel\u00edculas, series, c\u00f3mics y obras teatrales, lo que mantiene vivo el inter\u00e9s del p\u00fablico general y atrae a nuevos lectores.<\/p>\n","protected":false},"excerpt":{"rendered":"<p>Mary Shelley<br \/>\n312 p\u00e1ginas<\/p>\n","protected":false},"featured_media":7726,"template":"","meta":{"_joinchat":[]},"product_brand":[],"product_cat":[42,51],"product_tag":[48],"class_list":{"0":"post-7725","1":"product","2":"type-product","3":"status-publish","4":"has-post-thumbnail","6":"product_cat-literatura-clasica","7":"product_cat-oferta","8":"product_tag-vr-editoras","10":"first","11":"outofstock","12":"shipping-taxable","13":"purchasable","14":"product-type-simple"},"_links":{"self":[{"href":"https:\/\/libreriahistoriasdebolsillo.com\/index.php\/wp-json\/wp\/v2\/product\/7725","targetHints":{"allow":["GET"]}}],"collection":[{"href":"https:\/\/libreriahistoriasdebolsillo.com\/index.php\/wp-json\/wp\/v2\/product"}],"about":[{"href":"https:\/\/libreriahistoriasdebolsillo.com\/index.php\/wp-json\/wp\/v2\/types\/product"}],"wp:featuredmedia":[{"embeddable":true,"href":"https:\/\/libreriahistoriasdebolsillo.com\/index.php\/wp-json\/wp\/v2\/media\/7726"}],"wp:attachment":[{"href":"https:\/\/libreriahistoriasdebolsillo.com\/index.php\/wp-json\/wp\/v2\/media?parent=7725"}],"wp:term":[{"taxonomy":"product_brand","embeddable":true,"href":"https:\/\/libreriahistoriasdebolsillo.com\/index.php\/wp-json\/wp\/v2\/product_brand?post=7725"},{"taxonomy":"product_cat","embeddable":true,"href":"https:\/\/libreriahistoriasdebolsillo.com\/index.php\/wp-json\/wp\/v2\/product_cat?post=7725"},{"taxonomy":"product_tag","embeddable":true,"href":"https:\/\/libreriahistoriasdebolsillo.com\/index.php\/wp-json\/wp\/v2\/product_tag?post=7725"}],"curies":[{"name":"wp","href":"https:\/\/api.w.org\/{rel}","templated":true}]}}