{"id":773,"date":"2023-11-20T17:00:02","date_gmt":"2023-11-20T23:00:02","guid":{"rendered":"https:\/\/libreriahistoriasdebolsillo.com\/?post_type=product&#038;p=773"},"modified":"2023-11-20T17:00:02","modified_gmt":"2023-11-20T23:00:02","slug":"el-amor-y-otros-choques-de-tren","status":"publish","type":"product","link":"https:\/\/libreriahistoriasdebolsillo.com\/index.php\/producto\/el-amor-y-otros-choques-de-tren\/","title":{"rendered":"El amor y otros choques de tren"},"content":{"rendered":"<p>Noah es un rom\u00e1ntico empedernido que regresa a casa para recuperar al amor que dej\u00f3 atr\u00e1s al marcharse a la universidad. Ammy no cree en el amor y est\u00e1 escapando de una madre que no le presta atenci\u00f3n, hacia lo de un padre que probablemente no la quiere. Una noche de invierno, ambos se encuentran en el mismo tren con destino a Nueva York. Cuando el veh\u00edculo se aver\u00eda en medio de una tormenta, a los chicos no les queda m\u00e1s remedio que intentar llegar a su destino juntos y por su cuenta, en el que se convertir\u00e1 en el viaje de sus vidas.<\/p>\n","protected":false},"excerpt":{"rendered":"<p>Leah Konen<\/p>\n","protected":false},"featured_media":774,"template":"","meta":{"_joinchat":[]},"product_brand":[],"product_cat":[52,35],"product_tag":[48],"class_list":{"0":"post-773","1":"product","2":"type-product","3":"status-publish","4":"has-post-thumbnail","6":"product_cat-juvenil","7":"product_cat-romantica","8":"product_tag-vr-editoras","10":"first","11":"instock","12":"shipping-taxable","13":"purchasable","14":"product-type-simple"},"_links":{"self":[{"href":"https:\/\/libreriahistoriasdebolsillo.com\/index.php\/wp-json\/wp\/v2\/product\/773","targetHints":{"allow":["GET"]}}],"collection":[{"href":"https:\/\/libreriahistoriasdebolsillo.com\/index.php\/wp-json\/wp\/v2\/product"}],"about":[{"href":"https:\/\/libreriahistoriasdebolsillo.com\/index.php\/wp-json\/wp\/v2\/types\/product"}],"wp:featuredmedia":[{"embeddable":true,"href":"https:\/\/libreriahistoriasdebolsillo.com\/index.php\/wp-json\/wp\/v2\/media\/774"}],"wp:attachment":[{"href":"https:\/\/libreriahistoriasdebolsillo.com\/index.php\/wp-json\/wp\/v2\/media?parent=773"}],"wp:term":[{"taxonomy":"product_brand","embeddable":true,"href":"https:\/\/libreriahistoriasdebolsillo.com\/index.php\/wp-json\/wp\/v2\/product_brand?post=773"},{"taxonomy":"product_cat","embeddable":true,"href":"https:\/\/libreriahistoriasdebolsillo.com\/index.php\/wp-json\/wp\/v2\/product_cat?post=773"},{"taxonomy":"product_tag","embeddable":true,"href":"https:\/\/libreriahistoriasdebolsillo.com\/index.php\/wp-json\/wp\/v2\/product_tag?post=773"}],"curies":[{"name":"wp","href":"https:\/\/api.w.org\/{rel}","templated":true}]}}