{"id":7732,"date":"2025-11-06T17:39:56","date_gmt":"2025-11-06T23:39:56","guid":{"rendered":"https:\/\/libreriahistoriasdebolsillo.com\/?post_type=product&#038;p=7732"},"modified":"2025-11-06T17:39:57","modified_gmt":"2025-11-06T23:39:57","slug":"algo-fabuloso","status":"publish","type":"product","link":"https:\/\/libreriahistoriasdebolsillo.com\/index.php\/producto\/algo-fabuloso\/","title":{"rendered":"Algo fabuloso"},"content":{"rendered":"<p>Si hay algo que los mellizos Bonny y Bella Tarleton no toleran es que la vida no sea una novela de amor.<br \/>\nCuando, cumpliendo con la \u00faltima voluntad de su padre, el duque de Malvern le propone matrimonio a la se\u00f1orita Tarleton, a ella no le queda m\u00e1s remedio que tomarlo como una ofensa mortal y huir.<\/p>\n<p>Entonces, Bonny deber\u00e1 obligar al duque a salir en b\u00fasqueda de su hermana y pedir su mano apropiadamente, con toda la pompa rom\u00e1ntica que una joven sensible y casadera merece.<\/p>\n<p>Pero en ese viaje, el duque descubrir\u00e1 varias cosas. Como que hay hombres que prefieren la compa\u00f1\u00eda de otros hombres, que Bonny Tarleton es menos irritante de lo que parece cuando te sumerges en su visi\u00f3n exagerada del mundo o que, cuando una mujer no quiere casarse contigo, es capaz de tomarte de reh\u00e9n y hasta de dispararte&#8230;<\/p>\n<p>Y por supuesto, que m\u00e1s all\u00e1 de los deseos de su padre muerto, quiz\u00e1 \u00e9l tambi\u00e9n merece ser protagonista de su propia historia de amor.<\/p>\n","protected":false},"excerpt":{"rendered":"<p>Alexis Hall<br \/>\n424 p\u00e1ginas<\/p>\n","protected":false},"featured_media":7733,"template":"","meta":{"_joinchat":[]},"product_brand":[],"product_cat":[38,70],"product_tag":[48],"class_list":{"0":"post-7732","1":"product","2":"type-product","3":"status-publish","4":"has-post-thumbnail","6":"product_cat-lgbtq","7":"product_cat-novedades","8":"product_tag-vr-editoras","10":"first","11":"instock","12":"shipping-taxable","13":"purchasable","14":"product-type-simple"},"_links":{"self":[{"href":"https:\/\/libreriahistoriasdebolsillo.com\/index.php\/wp-json\/wp\/v2\/product\/7732","targetHints":{"allow":["GET"]}}],"collection":[{"href":"https:\/\/libreriahistoriasdebolsillo.com\/index.php\/wp-json\/wp\/v2\/product"}],"about":[{"href":"https:\/\/libreriahistoriasdebolsillo.com\/index.php\/wp-json\/wp\/v2\/types\/product"}],"wp:featuredmedia":[{"embeddable":true,"href":"https:\/\/libreriahistoriasdebolsillo.com\/index.php\/wp-json\/wp\/v2\/media\/7733"}],"wp:attachment":[{"href":"https:\/\/libreriahistoriasdebolsillo.com\/index.php\/wp-json\/wp\/v2\/media?parent=7732"}],"wp:term":[{"taxonomy":"product_brand","embeddable":true,"href":"https:\/\/libreriahistoriasdebolsillo.com\/index.php\/wp-json\/wp\/v2\/product_brand?post=7732"},{"taxonomy":"product_cat","embeddable":true,"href":"https:\/\/libreriahistoriasdebolsillo.com\/index.php\/wp-json\/wp\/v2\/product_cat?post=7732"},{"taxonomy":"product_tag","embeddable":true,"href":"https:\/\/libreriahistoriasdebolsillo.com\/index.php\/wp-json\/wp\/v2\/product_tag?post=7732"}],"curies":[{"name":"wp","href":"https:\/\/api.w.org\/{rel}","templated":true}]}}