{"id":7734,"date":"2025-11-06T17:41:51","date_gmt":"2025-11-06T23:41:51","guid":{"rendered":"https:\/\/libreriahistoriasdebolsillo.com\/?post_type=product&#038;p=7734"},"modified":"2025-12-15T18:29:10","modified_gmt":"2025-12-16T00:29:10","slug":"atrapada-en-las-vacaciones","status":"publish","type":"product","link":"https:\/\/libreriahistoriasdebolsillo.com\/index.php\/producto\/atrapada-en-las-vacaciones\/","title":{"rendered":"Atrapada en las vacaciones"},"content":{"rendered":"<p>Un deseo navide\u00f1o, un h\u00e9roe cari\u00f1oso y toda una vida en juego que te har\u00e1n creer en el poder de los deseos y la magia de las fiestas. Es la \u00e9poca m\u00e1s maravillosa del a\u00f1o&#8230; pero no para Maelyn Jones, que vive con sus padres y odia su trabajo. Sin embargo, quiz\u00e1 lo peor de todo sea que esta es la \u00faltima Navidad que celebrar\u00e1 en su lugar favorito del mundo: la caba\u00f1a nevada de Utah, donde ella y su familia han pasado todas las fiestas desde que naci\u00f3. Al borde de un colapso nervioso, Mae lanza lo que cree que es una simple s\u00faplica al universo: \u201cPor favor, mu\u00e9strame qu\u00e9 me har\u00e1 feliz\u201d. Lo que sigue no es la escena m\u00e1s dichosa del a\u00f1o, sino los neum\u00e1ticos rechinando, el metal chocando y, despu\u00e9s, todo se vuelve negro. Cuando despierta&#8230; est\u00e1 en un avi\u00f3n con destino a Utah, empezando las mismas vacaciones de hace unos instantes. Con un desastre temporal hilarante que la env\u00eda de vuelta al avi\u00f3n una y otra vez, Mae debe descubrir c\u00f3mo liberarse de ese extra\u00f1o bucle, para poder, finalmente, encontrar a su verdadero amor bajo el mu\u00e9rdago.<\/p>\n","protected":false},"excerpt":{"rendered":"<p>Christina Lauren<br \/>\n352 p\u00e1ginas<\/p>\n","protected":false},"featured_media":7735,"template":"","meta":{"_joinchat":[]},"product_brand":[],"product_cat":[70,35],"product_tag":[48],"class_list":{"0":"post-7734","1":"product","2":"type-product","3":"status-publish","4":"has-post-thumbnail","6":"product_cat-novedades","7":"product_cat-romantica","8":"product_tag-vr-editoras","10":"first","11":"instock","12":"shipping-taxable","13":"purchasable","14":"product-type-simple"},"_links":{"self":[{"href":"https:\/\/libreriahistoriasdebolsillo.com\/index.php\/wp-json\/wp\/v2\/product\/7734","targetHints":{"allow":["GET"]}}],"collection":[{"href":"https:\/\/libreriahistoriasdebolsillo.com\/index.php\/wp-json\/wp\/v2\/product"}],"about":[{"href":"https:\/\/libreriahistoriasdebolsillo.com\/index.php\/wp-json\/wp\/v2\/types\/product"}],"wp:featuredmedia":[{"embeddable":true,"href":"https:\/\/libreriahistoriasdebolsillo.com\/index.php\/wp-json\/wp\/v2\/media\/7735"}],"wp:attachment":[{"href":"https:\/\/libreriahistoriasdebolsillo.com\/index.php\/wp-json\/wp\/v2\/media?parent=7734"}],"wp:term":[{"taxonomy":"product_brand","embeddable":true,"href":"https:\/\/libreriahistoriasdebolsillo.com\/index.php\/wp-json\/wp\/v2\/product_brand?post=7734"},{"taxonomy":"product_cat","embeddable":true,"href":"https:\/\/libreriahistoriasdebolsillo.com\/index.php\/wp-json\/wp\/v2\/product_cat?post=7734"},{"taxonomy":"product_tag","embeddable":true,"href":"https:\/\/libreriahistoriasdebolsillo.com\/index.php\/wp-json\/wp\/v2\/product_tag?post=7734"}],"curies":[{"name":"wp","href":"https:\/\/api.w.org\/{rel}","templated":true}]}}