{"id":7736,"date":"2025-11-06T17:44:12","date_gmt":"2025-11-06T23:44:12","guid":{"rendered":"https:\/\/libreriahistoriasdebolsillo.com\/?post_type=product&#038;p=7736"},"modified":"2026-03-03T17:07:03","modified_gmt":"2026-03-03T23:07:03","slug":"sola","status":"publish","type":"product","link":"https:\/\/libreriahistoriasdebolsillo.com\/index.php\/producto\/sola\/","title":{"rendered":"Sola"},"content":{"rendered":"<p>Maddie solo quer\u00eda una pijamada secreta con sus mejores amigas. Pero, al despertar a la ma\u00f1ana siguiente, descubre que la ciudad entera ha sido abandonada. Sin electricidad. Sin tel\u00e9fono. Sin internet. Sin nadie. Solo queda Maddie y un rottweiler llamado George. Y la inquietante pregunta de qu\u00e9 est\u00e1 pasando. A medida que los d\u00edas se convierten en semanas, y las semanas en meses, Maddie tendr\u00e1 que valerse por s\u00ed misma y aceptar que su supervivencia solo est\u00e1 en sus manos.<br \/>\nPor ello, deber\u00e1 aprender a encontrar refugio, comida y la manera de enfrentarse a la soledad. \u00bfPero hasta d\u00f3nde podr\u00e1 llegar, en una ciudad fantasma y sin saber qu\u00e9 amenaza acecha?<\/p>\n","protected":false},"excerpt":{"rendered":"<p>Megan E. Freeman<br \/>\n389 p\u00e1ginas<\/p>\n","protected":false},"featured_media":7737,"template":"","meta":{"_joinchat":[]},"product_brand":[],"product_cat":[52],"product_tag":[48],"class_list":{"0":"post-7736","1":"product","2":"type-product","3":"status-publish","4":"has-post-thumbnail","6":"product_cat-juvenil","7":"product_tag-vr-editoras","9":"first","10":"instock","11":"shipping-taxable","12":"purchasable","13":"product-type-simple"},"_links":{"self":[{"href":"https:\/\/libreriahistoriasdebolsillo.com\/index.php\/wp-json\/wp\/v2\/product\/7736","targetHints":{"allow":["GET"]}}],"collection":[{"href":"https:\/\/libreriahistoriasdebolsillo.com\/index.php\/wp-json\/wp\/v2\/product"}],"about":[{"href":"https:\/\/libreriahistoriasdebolsillo.com\/index.php\/wp-json\/wp\/v2\/types\/product"}],"wp:featuredmedia":[{"embeddable":true,"href":"https:\/\/libreriahistoriasdebolsillo.com\/index.php\/wp-json\/wp\/v2\/media\/7737"}],"wp:attachment":[{"href":"https:\/\/libreriahistoriasdebolsillo.com\/index.php\/wp-json\/wp\/v2\/media?parent=7736"}],"wp:term":[{"taxonomy":"product_brand","embeddable":true,"href":"https:\/\/libreriahistoriasdebolsillo.com\/index.php\/wp-json\/wp\/v2\/product_brand?post=7736"},{"taxonomy":"product_cat","embeddable":true,"href":"https:\/\/libreriahistoriasdebolsillo.com\/index.php\/wp-json\/wp\/v2\/product_cat?post=7736"},{"taxonomy":"product_tag","embeddable":true,"href":"https:\/\/libreriahistoriasdebolsillo.com\/index.php\/wp-json\/wp\/v2\/product_tag?post=7736"}],"curies":[{"name":"wp","href":"https:\/\/api.w.org\/{rel}","templated":true}]}}