{"id":7738,"date":"2025-11-06T17:47:20","date_gmt":"2025-11-06T23:47:20","guid":{"rendered":"https:\/\/libreriahistoriasdebolsillo.com\/?post_type=product&#038;p=7738"},"modified":"2025-11-06T17:47:21","modified_gmt":"2025-11-06T23:47:21","slug":"mientras-dure-la-ficcion","status":"publish","type":"product","link":"https:\/\/libreriahistoriasdebolsillo.com\/index.php\/producto\/mientras-dure-la-ficcion\/","title":{"rendered":"Mientras dure la ficci\u00f3n"},"content":{"rendered":"<p>\u00ab\u00bfEs posible que un beso apasionado lo arruine todo?<\/p>\n<p>Alexa siempre so\u00f1\u00f3 con ser actriz, pero durante el casting m\u00e1s importante de su vida, el gal\u00e1n del momento le dice lo que ella ni en sue\u00f1os hubiera deseado escuchar: \u00abEres mala actriz\u00bb.<\/p>\n<p>Por su culpa, no la contratan, as\u00ed que decide odiarlo para siempre.<\/p>\n<p>Sin embargo, el destino vuelve a juntarlos para protagonizar una nueva telenovela.<\/p>\n<p>Y aunque ella lo odie en la vida real, se ver\u00e1 obligada a amarlo mientras dure la ficci\u00f3n.<\/p>\n<p>\u00bfPodr\u00e1 el amor traspasar la pantalla?\u00bb<\/p>\n","protected":false},"excerpt":{"rendered":"<p>Karen Delorbe<br \/>\n479 p\u00e1ginas<\/p>\n","protected":false},"featured_media":7739,"template":"","meta":{"_joinchat":[]},"product_brand":[],"product_cat":[70,35],"product_tag":[48],"class_list":{"0":"post-7738","1":"product","2":"type-product","3":"status-publish","4":"has-post-thumbnail","6":"product_cat-novedades","7":"product_cat-romantica","8":"product_tag-vr-editoras","10":"first","11":"instock","12":"shipping-taxable","13":"purchasable","14":"product-type-simple"},"_links":{"self":[{"href":"https:\/\/libreriahistoriasdebolsillo.com\/index.php\/wp-json\/wp\/v2\/product\/7738","targetHints":{"allow":["GET"]}}],"collection":[{"href":"https:\/\/libreriahistoriasdebolsillo.com\/index.php\/wp-json\/wp\/v2\/product"}],"about":[{"href":"https:\/\/libreriahistoriasdebolsillo.com\/index.php\/wp-json\/wp\/v2\/types\/product"}],"wp:featuredmedia":[{"embeddable":true,"href":"https:\/\/libreriahistoriasdebolsillo.com\/index.php\/wp-json\/wp\/v2\/media\/7739"}],"wp:attachment":[{"href":"https:\/\/libreriahistoriasdebolsillo.com\/index.php\/wp-json\/wp\/v2\/media?parent=7738"}],"wp:term":[{"taxonomy":"product_brand","embeddable":true,"href":"https:\/\/libreriahistoriasdebolsillo.com\/index.php\/wp-json\/wp\/v2\/product_brand?post=7738"},{"taxonomy":"product_cat","embeddable":true,"href":"https:\/\/libreriahistoriasdebolsillo.com\/index.php\/wp-json\/wp\/v2\/product_cat?post=7738"},{"taxonomy":"product_tag","embeddable":true,"href":"https:\/\/libreriahistoriasdebolsillo.com\/index.php\/wp-json\/wp\/v2\/product_tag?post=7738"}],"curies":[{"name":"wp","href":"https:\/\/api.w.org\/{rel}","templated":true}]}}