{"id":7740,"date":"2025-11-06T17:50:38","date_gmt":"2025-11-06T23:50:38","guid":{"rendered":"https:\/\/libreriahistoriasdebolsillo.com\/?post_type=product&#038;p=7740"},"modified":"2026-03-21T14:00:21","modified_gmt":"2026-03-21T20:00:21","slug":"guia-para-manifestar","status":"publish","type":"product","link":"https:\/\/libreriahistoriasdebolsillo.com\/index.php\/producto\/guia-para-manifestar\/","title":{"rendered":"Gu\u00eda para manifestar"},"content":{"rendered":"<p>Cuenta con estas manifestaciones como compa\u00f1\u00eda de tus ma\u00f1anas; abres este hermoso libro y lee al azar aquello a manifestar durante el d\u00eda. Recibe vibraciones positivas que sintonicen con tu alma que clama por amor. Que esta gu\u00eda para manifestar sea tu gu\u00eda.<\/p>\n","protected":false},"excerpt":{"rendered":"<p>Gaba Robin<br \/>\n140 p\u00e1ginas<\/p>\n","protected":false},"featured_media":7741,"template":"","meta":{"_joinchat":[]},"product_brand":[],"product_cat":[59,41,70],"product_tag":[48],"class_list":{"0":"post-7740","1":"product","2":"type-product","3":"status-publish","4":"has-post-thumbnail","6":"product_cat-esoterismo","7":"product_cat-desarrollo-humano","8":"product_cat-novedades","9":"product_tag-vr-editoras","11":"first","12":"instock","13":"shipping-taxable","14":"purchasable","15":"product-type-simple"},"_links":{"self":[{"href":"https:\/\/libreriahistoriasdebolsillo.com\/index.php\/wp-json\/wp\/v2\/product\/7740","targetHints":{"allow":["GET"]}}],"collection":[{"href":"https:\/\/libreriahistoriasdebolsillo.com\/index.php\/wp-json\/wp\/v2\/product"}],"about":[{"href":"https:\/\/libreriahistoriasdebolsillo.com\/index.php\/wp-json\/wp\/v2\/types\/product"}],"wp:featuredmedia":[{"embeddable":true,"href":"https:\/\/libreriahistoriasdebolsillo.com\/index.php\/wp-json\/wp\/v2\/media\/7741"}],"wp:attachment":[{"href":"https:\/\/libreriahistoriasdebolsillo.com\/index.php\/wp-json\/wp\/v2\/media?parent=7740"}],"wp:term":[{"taxonomy":"product_brand","embeddable":true,"href":"https:\/\/libreriahistoriasdebolsillo.com\/index.php\/wp-json\/wp\/v2\/product_brand?post=7740"},{"taxonomy":"product_cat","embeddable":true,"href":"https:\/\/libreriahistoriasdebolsillo.com\/index.php\/wp-json\/wp\/v2\/product_cat?post=7740"},{"taxonomy":"product_tag","embeddable":true,"href":"https:\/\/libreriahistoriasdebolsillo.com\/index.php\/wp-json\/wp\/v2\/product_tag?post=7740"}],"curies":[{"name":"wp","href":"https:\/\/api.w.org\/{rel}","templated":true}]}}