{"id":7742,"date":"2025-11-06T17:52:19","date_gmt":"2025-11-06T23:52:19","guid":{"rendered":"https:\/\/libreriahistoriasdebolsillo.com\/?post_type=product&#038;p=7742"},"modified":"2025-12-08T18:53:24","modified_gmt":"2025-12-09T00:53:24","slug":"oraculo-de-los-angeles","status":"publish","type":"product","link":"https:\/\/libreriahistoriasdebolsillo.com\/index.php\/producto\/oraculo-de-los-angeles\/","title":{"rendered":"Or\u00e1culo de los \u00e1ngeles"},"content":{"rendered":"<p>Te permitir\u00e1 estar en conexi\u00f3n con lo divino, con la luz y la de Dios. Para usarlo, debes de concentrarte un tiempo y amarte un espacio con vibraciones positivas, a trav\u00e9s de m\u00fasica o silencio ( como prefieras), fragancias, comodidad. Una vez logres ese lugar y estado, ser\u00e1 el momento de hacer tres respiraciones profundas sin apuros. As\u00ed entraras en conexi\u00f3n con los angeles que estan esperando para llegar a ti y darte su mensaje.<\/p>\n","protected":false},"excerpt":{"rendered":"<p>Gaba Robin<br \/>\n180 p\u00e1ginas<\/p>\n","protected":false},"featured_media":7743,"template":"","meta":{"_joinchat":[]},"product_brand":[],"product_cat":[59,70],"product_tag":[48],"class_list":{"0":"post-7742","1":"product","2":"type-product","3":"status-publish","4":"has-post-thumbnail","6":"product_cat-esoterismo","7":"product_cat-novedades","8":"product_tag-vr-editoras","10":"first","11":"instock","12":"shipping-taxable","13":"purchasable","14":"product-type-simple"},"_links":{"self":[{"href":"https:\/\/libreriahistoriasdebolsillo.com\/index.php\/wp-json\/wp\/v2\/product\/7742","targetHints":{"allow":["GET"]}}],"collection":[{"href":"https:\/\/libreriahistoriasdebolsillo.com\/index.php\/wp-json\/wp\/v2\/product"}],"about":[{"href":"https:\/\/libreriahistoriasdebolsillo.com\/index.php\/wp-json\/wp\/v2\/types\/product"}],"wp:featuredmedia":[{"embeddable":true,"href":"https:\/\/libreriahistoriasdebolsillo.com\/index.php\/wp-json\/wp\/v2\/media\/7743"}],"wp:attachment":[{"href":"https:\/\/libreriahistoriasdebolsillo.com\/index.php\/wp-json\/wp\/v2\/media?parent=7742"}],"wp:term":[{"taxonomy":"product_brand","embeddable":true,"href":"https:\/\/libreriahistoriasdebolsillo.com\/index.php\/wp-json\/wp\/v2\/product_brand?post=7742"},{"taxonomy":"product_cat","embeddable":true,"href":"https:\/\/libreriahistoriasdebolsillo.com\/index.php\/wp-json\/wp\/v2\/product_cat?post=7742"},{"taxonomy":"product_tag","embeddable":true,"href":"https:\/\/libreriahistoriasdebolsillo.com\/index.php\/wp-json\/wp\/v2\/product_tag?post=7742"}],"curies":[{"name":"wp","href":"https:\/\/api.w.org\/{rel}","templated":true}]}}