{"id":7745,"date":"2025-11-12T12:45:19","date_gmt":"2025-11-12T18:45:19","guid":{"rendered":"https:\/\/libreriahistoriasdebolsillo.com\/?post_type=product&#038;p=7745"},"modified":"2026-03-12T18:18:14","modified_gmt":"2026-03-13T00:18:14","slug":"guia-para-confiar-en-ti-misma","status":"publish","type":"product","link":"https:\/\/libreriahistoriasdebolsillo.com\/index.php\/producto\/guia-para-confiar-en-ti-misma\/","title":{"rendered":"Gu\u00eda para confiar en ti misma"},"content":{"rendered":"<p>Crecer es fant\u00e1stico, pero no viene con instrucciones. \u00a1No pierdas la calma! Solo tienes que aprender a creer en ti, en tu intuici\u00f3n y en tu poderosa voz interior.<br \/>\nEsta Gu\u00eda para confiar en ti misma te acompa\u00f1ar\u00e1 en un viaje interior para conocerte, quererte y cuidarte m\u00e1s.<\/p>\n","protected":false},"excerpt":{"rendered":"<p>B\u00e1rbara Mielh<br \/>\n72 p\u00e1ginas<\/p>\n","protected":false},"featured_media":7746,"template":"","meta":{"_joinchat":[]},"product_brand":[],"product_cat":[54,52,70],"product_tag":[48],"class_list":{"0":"post-7745","1":"product","2":"type-product","3":"status-publish","4":"has-post-thumbnail","6":"product_cat-infantil","7":"product_cat-juvenil","8":"product_cat-novedades","9":"product_tag-vr-editoras","11":"first","12":"instock","13":"shipping-taxable","14":"purchasable","15":"product-type-simple"},"_links":{"self":[{"href":"https:\/\/libreriahistoriasdebolsillo.com\/index.php\/wp-json\/wp\/v2\/product\/7745","targetHints":{"allow":["GET"]}}],"collection":[{"href":"https:\/\/libreriahistoriasdebolsillo.com\/index.php\/wp-json\/wp\/v2\/product"}],"about":[{"href":"https:\/\/libreriahistoriasdebolsillo.com\/index.php\/wp-json\/wp\/v2\/types\/product"}],"wp:featuredmedia":[{"embeddable":true,"href":"https:\/\/libreriahistoriasdebolsillo.com\/index.php\/wp-json\/wp\/v2\/media\/7746"}],"wp:attachment":[{"href":"https:\/\/libreriahistoriasdebolsillo.com\/index.php\/wp-json\/wp\/v2\/media?parent=7745"}],"wp:term":[{"taxonomy":"product_brand","embeddable":true,"href":"https:\/\/libreriahistoriasdebolsillo.com\/index.php\/wp-json\/wp\/v2\/product_brand?post=7745"},{"taxonomy":"product_cat","embeddable":true,"href":"https:\/\/libreriahistoriasdebolsillo.com\/index.php\/wp-json\/wp\/v2\/product_cat?post=7745"},{"taxonomy":"product_tag","embeddable":true,"href":"https:\/\/libreriahistoriasdebolsillo.com\/index.php\/wp-json\/wp\/v2\/product_tag?post=7745"}],"curies":[{"name":"wp","href":"https:\/\/api.w.org\/{rel}","templated":true}]}}