{"id":7751,"date":"2025-11-12T12:55:55","date_gmt":"2025-11-12T18:55:55","guid":{"rendered":"https:\/\/libreriahistoriasdebolsillo.com\/?post_type=product&#038;p=7751"},"modified":"2025-11-12T12:56:27","modified_gmt":"2025-11-12T18:56:27","slug":"sanar-tu-historia","status":"publish","type":"product","link":"https:\/\/libreriahistoriasdebolsillo.com\/index.php\/producto\/sanar-tu-historia\/","title":{"rendered":"Sanar tu historia"},"content":{"rendered":"<p>ES HORA DE SALIR DEL ESTADO DE SUPERVIVENCIA, SOSTENER TU TRAUMA CON AMOR Y EMPEZAR A VIVIR.<\/p>\n<p>\u00bfDe d\u00f3nde viene tu dolor? \u00bfCrees que afecta la manera en la que te relacionas con el mundo? En estas p\u00e1ginas encontrar\u00e1s herramientas que te ayudar\u00e1n a convertirte en la persona que necesitas ser para ti y quienes te rodean, desde la comprensi\u00f3n, la empat\u00eda, el amor y un profundo entendimiento de c\u00f3mo debiste ser tratado en tus primeros a\u00f1os de vida. Sanar no significa borrar lo que pas\u00f3 ni dejar de sentirlo, mucho menos llegar a un punto donde todo est\u00e9 resuelto. Sanar es entenderte con una mirada compasiva. Ten la certeza de que, al terminar tu lectura, te encontrar\u00e1s frente a frente con tu trauma y no sentir\u00e1s nada m\u00e1s que alivio y paz. Entender y nombrar lo que nos ha ocurrido es solo el primer paso hacia la libertad.<\/p>\n","protected":false},"excerpt":{"rendered":"<p>Machy Guerrero<br \/>\n184 p\u00e1ginas<\/p>\n","protected":false},"featured_media":7752,"template":"","meta":{"_joinchat":[]},"product_brand":[],"product_cat":[58,70],"product_tag":[48],"class_list":{"0":"post-7751","1":"product","2":"type-product","3":"status-publish","4":"has-post-thumbnail","6":"product_cat-desarrollo-humano-y-superacion","7":"product_cat-novedades","8":"product_tag-vr-editoras","10":"first","11":"instock","12":"shipping-taxable","13":"purchasable","14":"product-type-simple"},"_links":{"self":[{"href":"https:\/\/libreriahistoriasdebolsillo.com\/index.php\/wp-json\/wp\/v2\/product\/7751","targetHints":{"allow":["GET"]}}],"collection":[{"href":"https:\/\/libreriahistoriasdebolsillo.com\/index.php\/wp-json\/wp\/v2\/product"}],"about":[{"href":"https:\/\/libreriahistoriasdebolsillo.com\/index.php\/wp-json\/wp\/v2\/types\/product"}],"wp:featuredmedia":[{"embeddable":true,"href":"https:\/\/libreriahistoriasdebolsillo.com\/index.php\/wp-json\/wp\/v2\/media\/7752"}],"wp:attachment":[{"href":"https:\/\/libreriahistoriasdebolsillo.com\/index.php\/wp-json\/wp\/v2\/media?parent=7751"}],"wp:term":[{"taxonomy":"product_brand","embeddable":true,"href":"https:\/\/libreriahistoriasdebolsillo.com\/index.php\/wp-json\/wp\/v2\/product_brand?post=7751"},{"taxonomy":"product_cat","embeddable":true,"href":"https:\/\/libreriahistoriasdebolsillo.com\/index.php\/wp-json\/wp\/v2\/product_cat?post=7751"},{"taxonomy":"product_tag","embeddable":true,"href":"https:\/\/libreriahistoriasdebolsillo.com\/index.php\/wp-json\/wp\/v2\/product_tag?post=7751"}],"curies":[{"name":"wp","href":"https:\/\/api.w.org\/{rel}","templated":true}]}}