{"id":7758,"date":"2025-11-12T13:05:49","date_gmt":"2025-11-12T19:05:49","guid":{"rendered":"https:\/\/libreriahistoriasdebolsillo.com\/?post_type=product&#038;p=7758"},"modified":"2025-12-05T12:44:32","modified_gmt":"2025-12-05T18:44:32","slug":"capibara-bubble-tea-libro-para-colorear","status":"publish","type":"product","link":"https:\/\/libreriahistoriasdebolsillo.com\/index.php\/producto\/capibara-bubble-tea-libro-para-colorear\/","title":{"rendered":"Capibara bubble tea: libro para colorear"},"content":{"rendered":"<p>A relajarse y a disfrutar de las cosas simples de la vida con estos adorables capibaras. Estas ilustraciones para colorear te sumergir\u00e1 en el modo chill, entr\u00e9gate a la creatividad serena, de a una p\u00e1gina a la vez.<\/p>\n","protected":false},"excerpt":{"rendered":"<p>A relajarse y a disfrutar de las cosas simples de la vida con estos adorables capibaras. Estas ilustraciones para colorear te sumergir\u00e1 en el modo chill, entr\u00e9gate a la creatividad serena, de a una p\u00e1gina a la vez.<\/p>\n","protected":false},"featured_media":7759,"template":"","meta":{"_joinchat":[]},"product_brand":[],"product_cat":[50],"product_tag":[48],"class_list":{"0":"post-7758","1":"product","2":"type-product","3":"status-publish","4":"has-post-thumbnail","6":"product_cat-mandalas-y-libros-para-colorear","7":"product_tag-vr-editoras","9":"first","10":"outofstock","11":"shipping-taxable","12":"purchasable","13":"product-type-simple"},"_links":{"self":[{"href":"https:\/\/libreriahistoriasdebolsillo.com\/index.php\/wp-json\/wp\/v2\/product\/7758","targetHints":{"allow":["GET"]}}],"collection":[{"href":"https:\/\/libreriahistoriasdebolsillo.com\/index.php\/wp-json\/wp\/v2\/product"}],"about":[{"href":"https:\/\/libreriahistoriasdebolsillo.com\/index.php\/wp-json\/wp\/v2\/types\/product"}],"wp:featuredmedia":[{"embeddable":true,"href":"https:\/\/libreriahistoriasdebolsillo.com\/index.php\/wp-json\/wp\/v2\/media\/7759"}],"wp:attachment":[{"href":"https:\/\/libreriahistoriasdebolsillo.com\/index.php\/wp-json\/wp\/v2\/media?parent=7758"}],"wp:term":[{"taxonomy":"product_brand","embeddable":true,"href":"https:\/\/libreriahistoriasdebolsillo.com\/index.php\/wp-json\/wp\/v2\/product_brand?post=7758"},{"taxonomy":"product_cat","embeddable":true,"href":"https:\/\/libreriahistoriasdebolsillo.com\/index.php\/wp-json\/wp\/v2\/product_cat?post=7758"},{"taxonomy":"product_tag","embeddable":true,"href":"https:\/\/libreriahistoriasdebolsillo.com\/index.php\/wp-json\/wp\/v2\/product_tag?post=7758"}],"curies":[{"name":"wp","href":"https:\/\/api.w.org\/{rel}","templated":true}]}}