{"id":7763,"date":"2025-11-13T17:09:05","date_gmt":"2025-11-13T23:09:05","guid":{"rendered":"https:\/\/libreriahistoriasdebolsillo.com\/?post_type=product&#038;p=7763"},"modified":"2026-03-26T16:58:02","modified_gmt":"2026-03-26T22:58:02","slug":"dimelo-2-dimelo-en-secreto","status":"publish","type":"product","link":"https:\/\/libreriahistoriasdebolsillo.com\/index.php\/producto\/dimelo-2-dimelo-en-secreto\/","title":{"rendered":"D\u00edmelo 2. D\u00edmelo en secreto"},"content":{"rendered":"<div class=\"justify\">\n<p><b>ENAM\u00d3RATE DE LOS HERMANOS DI BIANCO. TUS MEJORES AMIGOS. TU MAYOR PERDICI\u00d3N.<\/b><\/p>\n<\/div>\n<div class=\"justify\">\n<p>Kamila Hamilton vuelve a tener a sus dos mejores amigos en su vida. El problema es que Taylor y Thiago Di Bianco ya no son simples amigos. Ahora son mucho m\u00e1s. Thiago y sus ojos verdes la dejan sin respiraci\u00f3n. Taylor y sus ojos azules jam\u00e1s la decepcionar\u00e1n. Los hermanos han crecido, y junto a ellos lo que siente Kamila. Y ahora que su vida se desmorona por momentos, su familia se desintegra y sus amigas le dan la espalda, los necesitar\u00e1 m\u00e1s que nunca\u2026 a los dos.<\/p>\n<p>\u00bfC\u00d3MO REACCIONAR\u00c1 KAMI CUANDO THIAGO BESE OTROS LABIOS? \u00bfSER\u00c1 CAPAZ DE PROTEGER A TAYLOR DE SUS PROPIOS SENTIMIENTOS? \u00bfCU\u00c1NTO TIEMPO M\u00c1S PODR\u00c1 MANTENER EL PASADO BAJO LLAVE?<\/p>\n<\/div>\n","protected":false},"excerpt":{"rendered":"<p>Mercedes Ron<br \/>\n416 p\u00e1ginas<\/p>\n","protected":false},"featured_media":7764,"template":"","meta":{"_joinchat":[]},"product_brand":[],"product_cat":[52,51],"product_tag":[34],"class_list":{"0":"post-7763","1":"product","2":"type-product","3":"status-publish","4":"has-post-thumbnail","6":"product_cat-juvenil","7":"product_cat-oferta","8":"product_tag-penguin-random-house","10":"first","11":"outofstock","12":"sale","13":"shipping-taxable","14":"purchasable","15":"product-type-simple"},"_links":{"self":[{"href":"https:\/\/libreriahistoriasdebolsillo.com\/index.php\/wp-json\/wp\/v2\/product\/7763","targetHints":{"allow":["GET"]}}],"collection":[{"href":"https:\/\/libreriahistoriasdebolsillo.com\/index.php\/wp-json\/wp\/v2\/product"}],"about":[{"href":"https:\/\/libreriahistoriasdebolsillo.com\/index.php\/wp-json\/wp\/v2\/types\/product"}],"wp:featuredmedia":[{"embeddable":true,"href":"https:\/\/libreriahistoriasdebolsillo.com\/index.php\/wp-json\/wp\/v2\/media\/7764"}],"wp:attachment":[{"href":"https:\/\/libreriahistoriasdebolsillo.com\/index.php\/wp-json\/wp\/v2\/media?parent=7763"}],"wp:term":[{"taxonomy":"product_brand","embeddable":true,"href":"https:\/\/libreriahistoriasdebolsillo.com\/index.php\/wp-json\/wp\/v2\/product_brand?post=7763"},{"taxonomy":"product_cat","embeddable":true,"href":"https:\/\/libreriahistoriasdebolsillo.com\/index.php\/wp-json\/wp\/v2\/product_cat?post=7763"},{"taxonomy":"product_tag","embeddable":true,"href":"https:\/\/libreriahistoriasdebolsillo.com\/index.php\/wp-json\/wp\/v2\/product_tag?post=7763"}],"curies":[{"name":"wp","href":"https:\/\/api.w.org\/{rel}","templated":true}]}}