{"id":7765,"date":"2025-11-13T17:11:21","date_gmt":"2025-11-13T23:11:21","guid":{"rendered":"https:\/\/libreriahistoriasdebolsillo.com\/?post_type=product&#038;p=7765"},"modified":"2026-03-10T14:40:00","modified_gmt":"2026-03-10T20:40:00","slug":"psicofisiologia-de-la-conciencia-1-los-fundamentos-de-la-experiencia","status":"publish","type":"product","link":"https:\/\/libreriahistoriasdebolsillo.com\/index.php\/producto\/psicofisiologia-de-la-conciencia-1-los-fundamentos-de-la-experiencia\/","title":{"rendered":"Psicofisiolog\u00eda de la conciencia 1. Los fundamentos de la experiencia"},"content":{"rendered":"<div class=\"justify\">\n<p><b>\u00abLA EXPERIENCIA COMO TAL ES EL EVENTO M\u00c1S COTIDIANO,<\/b>\u00a0<b>UNIVERSAL Y DADO, Y AL MISMO TIEMPO<\/b>\u00a0<b>EL M\u00c1S MISTERIOSO Y OCULTO.\u00bb<\/b><\/p>\n<p><b>&#8211;<\/b><b>J. G. Z.<\/b><\/p>\n<\/div>\n<div class=\"justify\">\n<p>En\u00a0<i><b>Los fundamentos de la experiencia<\/b><\/i>, Jacobo Grinberg-Zylberbaum se adentra en uno de los m\u00e1s asombrosos\u00a0<b>misterios cient\u00edficos<\/b>: la creaci\u00f3n de\u00a0<b>la experiencia<\/b>. \u00bfC\u00f3mo vemos, olemos, escuchamos o sentimos\u00a0<b>m\u00e1s all\u00e1 de una explicaci\u00f3n f\u00edsica\u00a0<\/b>de dichos fen\u00f3menos? \u00bfC\u00f3mo experimentamos el amor o el dolor?<\/p>\n<p>El autor \u2014reconocido por su enfoque audaz y transdisciplinario\u2014 propone con un estilo claro y meticuloso, sin renunciar al\u00a0<b>rigor cient\u00edfico<\/b>, que la experiencia no es un simple resultado de los est\u00edmulos sensoriales, sino una manifestaci\u00f3n de una estructura m\u00e1s sutil y\u00a0<b>fundamental<\/b>\u00a0<b>de la realidad<\/b>. Grinberg entreteje conceptos de la neurofisiolog\u00eda, la psicolog\u00eda transpersonal y las\u00a0<b>tradiciones m\u00edsticas<\/b>, proponiendo una teor\u00eda integral del campo neuronal que sostiene la posibilidad de una\u00a0<b>mente interconectada<\/b>.<\/p>\n<p>Este libro, que conforma el volumen uno de la colecci\u00f3n\u00a0<b>Psicofisiolog\u00eda de la conciencia<\/b>, no solo es un tratado sobre c\u00f3mo experimentamos la realidad, sino una\u00a0<b>sensible reflexi\u00f3n<\/b>\u00a0sobre nuestra relaci\u00f3n con el mundo y los sentidos.<\/p>\n<\/div>\n","protected":false},"excerpt":{"rendered":"<p>Jacobo Grinberg-Zylberbaum<br \/>\n240 p\u00e1ginas<\/p>\n","protected":false},"featured_media":7766,"template":"","meta":{"_joinchat":[]},"product_brand":[],"product_cat":[41,70],"product_tag":[34],"class_list":{"0":"post-7765","1":"product","2":"type-product","3":"status-publish","4":"has-post-thumbnail","6":"product_cat-desarrollo-humano","7":"product_cat-novedades","8":"product_tag-penguin-random-house","10":"first","11":"outofstock","12":"shipping-taxable","13":"purchasable","14":"product-type-simple"},"_links":{"self":[{"href":"https:\/\/libreriahistoriasdebolsillo.com\/index.php\/wp-json\/wp\/v2\/product\/7765","targetHints":{"allow":["GET"]}}],"collection":[{"href":"https:\/\/libreriahistoriasdebolsillo.com\/index.php\/wp-json\/wp\/v2\/product"}],"about":[{"href":"https:\/\/libreriahistoriasdebolsillo.com\/index.php\/wp-json\/wp\/v2\/types\/product"}],"wp:featuredmedia":[{"embeddable":true,"href":"https:\/\/libreriahistoriasdebolsillo.com\/index.php\/wp-json\/wp\/v2\/media\/7766"}],"wp:attachment":[{"href":"https:\/\/libreriahistoriasdebolsillo.com\/index.php\/wp-json\/wp\/v2\/media?parent=7765"}],"wp:term":[{"taxonomy":"product_brand","embeddable":true,"href":"https:\/\/libreriahistoriasdebolsillo.com\/index.php\/wp-json\/wp\/v2\/product_brand?post=7765"},{"taxonomy":"product_cat","embeddable":true,"href":"https:\/\/libreriahistoriasdebolsillo.com\/index.php\/wp-json\/wp\/v2\/product_cat?post=7765"},{"taxonomy":"product_tag","embeddable":true,"href":"https:\/\/libreriahistoriasdebolsillo.com\/index.php\/wp-json\/wp\/v2\/product_tag?post=7765"}],"curies":[{"name":"wp","href":"https:\/\/api.w.org\/{rel}","templated":true}]}}