{"id":7769,"date":"2025-11-13T17:16:44","date_gmt":"2025-11-13T23:16:44","guid":{"rendered":"https:\/\/libreriahistoriasdebolsillo.com\/?post_type=product&#038;p=7769"},"modified":"2026-03-10T14:39:45","modified_gmt":"2026-03-10T20:39:45","slug":"el-ickabog-edicion-con-ilustraciones-de-ben-mantle","status":"publish","type":"product","link":"https:\/\/libreriahistoriasdebolsillo.com\/index.php\/producto\/el-ickabog-edicion-con-ilustraciones-de-ben-mantle\/","title":{"rendered":"El ickabog (edici\u00f3n con ilustraciones de Ben Mantle)"},"content":{"rendered":"<div class=\"justify\">\n<p><b>Una historia fant\u00e1stica de J.K.Rowling.<\/b><\/p>\n<p><b>\u00a1Para los lectores m\u00e1s aventureros!<\/b><\/p>\n<\/div>\n<div class=\"justify\">\n<p>Hab\u00eda una vez un peque\u00f1o reino llamado Cornucopia, tan rico en felicidad como en oro, con un rey de magn\u00edficos bigotes y un sinf\u00edn de productos deliciosos.<\/p>\n<p>Pero incluso en el reino m\u00e1s feliz del mundo acecha el peligro. Las leyendas hablan de una temible criatura que escupe fuego y vive en Los Pantanos: el ickabog.<\/p>\n<p>Cuando ese mito cobra vida, dos ni\u00f1os, los mejores amigos Bert y Daisy, se embarcan en una gran aventura para desentra\u00f1ar la verdad y descubrir d\u00f3nde se encuentra el aut\u00e9ntico monstruo, pero\u2026<\/p>\n<p>\u00bfPueden dos ni\u00f1os salvar todo un reino?<\/p>\n<\/div>\n","protected":false},"excerpt":{"rendered":"<p>J.K. Rowling<br \/>\n368 p\u00e1ginas<\/p>\n","protected":false},"featured_media":7770,"template":"","meta":{"_joinchat":[]},"product_brand":[],"product_cat":[39,54,52,70],"product_tag":[34],"class_list":{"0":"post-7769","1":"product","2":"type-product","3":"status-publish","4":"has-post-thumbnail","6":"product_cat-fantasia","7":"product_cat-infantil","8":"product_cat-juvenil","9":"product_cat-novedades","10":"product_tag-penguin-random-house","12":"first","13":"outofstock","14":"shipping-taxable","15":"purchasable","16":"product-type-simple"},"_links":{"self":[{"href":"https:\/\/libreriahistoriasdebolsillo.com\/index.php\/wp-json\/wp\/v2\/product\/7769","targetHints":{"allow":["GET"]}}],"collection":[{"href":"https:\/\/libreriahistoriasdebolsillo.com\/index.php\/wp-json\/wp\/v2\/product"}],"about":[{"href":"https:\/\/libreriahistoriasdebolsillo.com\/index.php\/wp-json\/wp\/v2\/types\/product"}],"wp:featuredmedia":[{"embeddable":true,"href":"https:\/\/libreriahistoriasdebolsillo.com\/index.php\/wp-json\/wp\/v2\/media\/7770"}],"wp:attachment":[{"href":"https:\/\/libreriahistoriasdebolsillo.com\/index.php\/wp-json\/wp\/v2\/media?parent=7769"}],"wp:term":[{"taxonomy":"product_brand","embeddable":true,"href":"https:\/\/libreriahistoriasdebolsillo.com\/index.php\/wp-json\/wp\/v2\/product_brand?post=7769"},{"taxonomy":"product_cat","embeddable":true,"href":"https:\/\/libreriahistoriasdebolsillo.com\/index.php\/wp-json\/wp\/v2\/product_cat?post=7769"},{"taxonomy":"product_tag","embeddable":true,"href":"https:\/\/libreriahistoriasdebolsillo.com\/index.php\/wp-json\/wp\/v2\/product_tag?post=7769"}],"curies":[{"name":"wp","href":"https:\/\/api.w.org\/{rel}","templated":true}]}}