{"id":7771,"date":"2025-11-13T17:19:01","date_gmt":"2025-11-13T23:19:01","guid":{"rendered":"https:\/\/libreriahistoriasdebolsillo.com\/?post_type=product&#038;p=7771"},"modified":"2026-03-10T14:39:20","modified_gmt":"2026-03-10T20:39:20","slug":"ana-de-las-tejas-verdes-1-la-llegada-tapa-dura","status":"publish","type":"product","link":"https:\/\/libreriahistoriasdebolsillo.com\/index.php\/producto\/ana-de-las-tejas-verdes-1-la-llegada-tapa-dura\/","title":{"rendered":"Ana de las tejas verdes 1. La llegada (tapa dura)"},"content":{"rendered":"<div class=\"justify\">\n<p><b>Las peripecias de Ana de las Tejas Verdes, una saga cl\u00e1sica ahora revisada y actualizada en esta cuidada edici\u00f3n ilustrada.<\/b><\/p>\n<p><b>Uno de los personajes m\u00e1s entra\u00f1ables de la literatura universal.<\/b><\/p>\n<\/div>\n<div class=\"justify\">\n<p>Con la llegada de\u00a0<b>Ana Shirley<\/b>\u00a0a\u00a0<b>Avonlea<\/b>, la vida all\u00ed ya no volver\u00e1 a ser igual.<\/p>\n<p>Aunque la\u00a0<b>desbordante imaginaci\u00f3n<\/b>\u00a0de Ana provocar\u00e1 m\u00e1s de un desastre, su pelo rojo, su desparpajo y su buen coraz\u00f3n conquistar\u00e1n a todo aquel que se cruce con ella.<\/p>\n<p><b>Aventura<\/b>,\u00a0<b>humor<\/b>\u00a0y mucha emoci\u00f3n con uno de los\u00a0<b>personajes m\u00e1s entra\u00f1ables<\/b>\u00a0de la literatura universal.<\/p>\n<\/div>\n","protected":false},"excerpt":{"rendered":"<p>Lucy Maud Montgomery<br \/>\n192 p\u00e1ginas<\/p>\n","protected":false},"featured_media":7772,"template":"","meta":{"_joinchat":[]},"product_brand":[],"product_cat":[42,70],"product_tag":[34],"class_list":{"0":"post-7771","1":"product","2":"type-product","3":"status-publish","4":"has-post-thumbnail","6":"product_cat-literatura-clasica","7":"product_cat-novedades","8":"product_tag-penguin-random-house","10":"first","11":"outofstock","12":"shipping-taxable","13":"purchasable","14":"product-type-simple"},"_links":{"self":[{"href":"https:\/\/libreriahistoriasdebolsillo.com\/index.php\/wp-json\/wp\/v2\/product\/7771","targetHints":{"allow":["GET"]}}],"collection":[{"href":"https:\/\/libreriahistoriasdebolsillo.com\/index.php\/wp-json\/wp\/v2\/product"}],"about":[{"href":"https:\/\/libreriahistoriasdebolsillo.com\/index.php\/wp-json\/wp\/v2\/types\/product"}],"wp:featuredmedia":[{"embeddable":true,"href":"https:\/\/libreriahistoriasdebolsillo.com\/index.php\/wp-json\/wp\/v2\/media\/7772"}],"wp:attachment":[{"href":"https:\/\/libreriahistoriasdebolsillo.com\/index.php\/wp-json\/wp\/v2\/media?parent=7771"}],"wp:term":[{"taxonomy":"product_brand","embeddable":true,"href":"https:\/\/libreriahistoriasdebolsillo.com\/index.php\/wp-json\/wp\/v2\/product_brand?post=7771"},{"taxonomy":"product_cat","embeddable":true,"href":"https:\/\/libreriahistoriasdebolsillo.com\/index.php\/wp-json\/wp\/v2\/product_cat?post=7771"},{"taxonomy":"product_tag","embeddable":true,"href":"https:\/\/libreriahistoriasdebolsillo.com\/index.php\/wp-json\/wp\/v2\/product_tag?post=7771"}],"curies":[{"name":"wp","href":"https:\/\/api.w.org\/{rel}","templated":true}]}}