{"id":7775,"date":"2025-11-13T17:22:48","date_gmt":"2025-11-13T23:22:48","guid":{"rendered":"https:\/\/libreriahistoriasdebolsillo.com\/?post_type=product&#038;p=7775"},"modified":"2026-03-10T14:38:41","modified_gmt":"2026-03-10T20:38:41","slug":"ana-de-las-tejas-verdes-3-la-maestra-de-avonlea-tapa-dura","status":"publish","type":"product","link":"https:\/\/libreriahistoriasdebolsillo.com\/index.php\/producto\/ana-de-las-tejas-verdes-3-la-maestra-de-avonlea-tapa-dura\/","title":{"rendered":"Ana de las tejas verdes 3. La maestra de Avonlea (Tapa dura)"},"content":{"rendered":"<div class=\"justify\">\n<p><b>Las peripecias de Ana de las Tejas Verdes, una saga cl\u00e1sica ahora revisada y actualizada en una cuidada edici\u00f3n ilustrada por<\/b>\u00a0<b>Maria<\/b>\u00a0<b>Llovet&#8230;<\/b><\/p>\n<\/div>\n<div class=\"justify\">\n<p>El tiempo pasa en\u00a0<b>Avonlea<\/b>\u00a0y\u00a0<b>Ana Shirley<\/b>\u00a0afronta ilusionada una nueva etapa como\u00a0<b>maestra<\/b>\u00a0de la misma escuela en la que estudi\u00f3.<\/p>\n<p>Decidida a mejorar la vida del peque\u00f1o\u00a0<b>pueblo<\/b>, la so\u00f1adora pelirroja protagonizar\u00e1 nuevos encuentros y m\u00e1s de un enredo, pero \u00bfqui\u00e9n se resiste a su simpat\u00eda y entusiasmo?<\/p>\n<\/div>\n","protected":false},"excerpt":{"rendered":"<p>Lucy Maud Montgomery<br \/>\n192 p\u00e1ginas<\/p>\n","protected":false},"featured_media":7776,"template":"","meta":{"_joinchat":[]},"product_brand":[],"product_cat":[42,70],"product_tag":[34],"class_list":{"0":"post-7775","1":"product","2":"type-product","3":"status-publish","4":"has-post-thumbnail","6":"product_cat-literatura-clasica","7":"product_cat-novedades","8":"product_tag-penguin-random-house","10":"first","11":"outofstock","12":"shipping-taxable","13":"purchasable","14":"product-type-simple"},"_links":{"self":[{"href":"https:\/\/libreriahistoriasdebolsillo.com\/index.php\/wp-json\/wp\/v2\/product\/7775","targetHints":{"allow":["GET"]}}],"collection":[{"href":"https:\/\/libreriahistoriasdebolsillo.com\/index.php\/wp-json\/wp\/v2\/product"}],"about":[{"href":"https:\/\/libreriahistoriasdebolsillo.com\/index.php\/wp-json\/wp\/v2\/types\/product"}],"wp:featuredmedia":[{"embeddable":true,"href":"https:\/\/libreriahistoriasdebolsillo.com\/index.php\/wp-json\/wp\/v2\/media\/7776"}],"wp:attachment":[{"href":"https:\/\/libreriahistoriasdebolsillo.com\/index.php\/wp-json\/wp\/v2\/media?parent=7775"}],"wp:term":[{"taxonomy":"product_brand","embeddable":true,"href":"https:\/\/libreriahistoriasdebolsillo.com\/index.php\/wp-json\/wp\/v2\/product_brand?post=7775"},{"taxonomy":"product_cat","embeddable":true,"href":"https:\/\/libreriahistoriasdebolsillo.com\/index.php\/wp-json\/wp\/v2\/product_cat?post=7775"},{"taxonomy":"product_tag","embeddable":true,"href":"https:\/\/libreriahistoriasdebolsillo.com\/index.php\/wp-json\/wp\/v2\/product_tag?post=7775"}],"curies":[{"name":"wp","href":"https:\/\/api.w.org\/{rel}","templated":true}]}}