{"id":7777,"date":"2025-11-13T17:27:27","date_gmt":"2025-11-13T23:27:27","guid":{"rendered":"https:\/\/libreriahistoriasdebolsillo.com\/?post_type=product&#038;p=7777"},"modified":"2026-03-10T14:38:02","modified_gmt":"2026-03-10T20:38:02","slug":"harry-potter-5-la-orden-del-fenix-nueva-portada","status":"publish","type":"product","link":"https:\/\/libreriahistoriasdebolsillo.com\/index.php\/producto\/harry-potter-5-la-orden-del-fenix-nueva-portada\/","title":{"rendered":"Harry Potter 5. La Orden del F\u00e9nix (nueva portada)"},"content":{"rendered":"<div class=\"justify\">\n<p><b><i>Harry Potter<\/i>: la saga m\u00e1s le\u00edda y querida de todos los tiempos&#8230;<\/b><\/p>\n<p><b>\u00a1Ahora con nuevas cubiertas e ilustraciones de Xavier Bonet!<\/b><\/p>\n<\/div>\n<div class=\"justify\">\n<p>Tras su encuentro con Voldemort en el Torneo de los Tres Magos, Harry sabe que el Se\u00f1or Tenebroso est\u00e1 m\u00e1s cerca que nunca. Pero muchos lo niegan y el ministerio comienza una campa\u00f1a de persecuci\u00f3n contra Dumbledore. Por suerte, Harry no est\u00e1 solo: una orden secreta se re\u00fane en Grimmauld Place para luchar contra las fuerzas oscuras, y en Hogwarts se forma una alianza a favor del director. Ante tantos peligros, Harry y sus amigos se unir\u00e1n m\u00e1s que nunca para defender lo que es justo.<\/p>\n<\/div>\n","protected":false},"excerpt":{"rendered":"<p>J.K. Rowling<br \/>\n928 p\u00e1ginas<\/p>\n","protected":false},"featured_media":7778,"template":"","meta":{"_joinchat":[]},"product_brand":[],"product_cat":[39,54,52,70],"product_tag":[34],"class_list":{"0":"post-7777","1":"product","2":"type-product","3":"status-publish","4":"has-post-thumbnail","6":"product_cat-fantasia","7":"product_cat-infantil","8":"product_cat-juvenil","9":"product_cat-novedades","10":"product_tag-penguin-random-house","12":"first","13":"instock","14":"shipping-taxable","15":"purchasable","16":"product-type-simple"},"_links":{"self":[{"href":"https:\/\/libreriahistoriasdebolsillo.com\/index.php\/wp-json\/wp\/v2\/product\/7777","targetHints":{"allow":["GET"]}}],"collection":[{"href":"https:\/\/libreriahistoriasdebolsillo.com\/index.php\/wp-json\/wp\/v2\/product"}],"about":[{"href":"https:\/\/libreriahistoriasdebolsillo.com\/index.php\/wp-json\/wp\/v2\/types\/product"}],"wp:featuredmedia":[{"embeddable":true,"href":"https:\/\/libreriahistoriasdebolsillo.com\/index.php\/wp-json\/wp\/v2\/media\/7778"}],"wp:attachment":[{"href":"https:\/\/libreriahistoriasdebolsillo.com\/index.php\/wp-json\/wp\/v2\/media?parent=7777"}],"wp:term":[{"taxonomy":"product_brand","embeddable":true,"href":"https:\/\/libreriahistoriasdebolsillo.com\/index.php\/wp-json\/wp\/v2\/product_brand?post=7777"},{"taxonomy":"product_cat","embeddable":true,"href":"https:\/\/libreriahistoriasdebolsillo.com\/index.php\/wp-json\/wp\/v2\/product_cat?post=7777"},{"taxonomy":"product_tag","embeddable":true,"href":"https:\/\/libreriahistoriasdebolsillo.com\/index.php\/wp-json\/wp\/v2\/product_tag?post=7777"}],"curies":[{"name":"wp","href":"https:\/\/api.w.org\/{rel}","templated":true}]}}