{"id":7779,"date":"2025-11-13T17:29:54","date_gmt":"2025-11-13T23:29:54","guid":{"rendered":"https:\/\/libreriahistoriasdebolsillo.com\/?post_type=product&#038;p=7779"},"modified":"2026-03-10T14:37:40","modified_gmt":"2026-03-10T20:37:40","slug":"islas-de-la-ascuaoscura","status":"publish","type":"product","link":"https:\/\/libreriahistoriasdebolsillo.com\/index.php\/producto\/islas-de-la-ascuaoscura\/","title":{"rendered":"Islas de la Ascuaoscura"},"content":{"rendered":"<div class=\"justify\">\n<p><b>Brandon Sanderson, el gran autor de fantas\u00eda del siglo XXI, anticipa el futuro m\u00e1s lejano jam\u00e1s descrito en el Cosmere. Bienvenidos a la quinta novela secreta.<\/b><\/p>\n<\/div>\n<div class=\"justify\">\n<p>Sexto del Ocaso es un trampero tradicional en la mort\u00edfera isla de Patji. Pero una fat\u00eddica noche, empuja a su pueblo a una carrera por modernizarse antes de que los invasores de las estrellas los conquisten. Teme que su pueblo se pierda a s\u00ed mismo en el intento, y por eso parte en busca de su salvaci\u00f3n m\u00e1s all\u00e1 de la Ascuaoscura.<\/p>\n<p>En otro lugar del Ascuaoscura hay una joven dragona encadenada en forma humana: Starling. Ella y su variopinta tripulaci\u00f3n de exiliados est\u00e1n a punto de perder su libertad. Estos dos improbables aliados podr\u00edan ser la soluci\u00f3n a la crisis del otro. En su b\u00fasqueda de la independencia, Ocaso y Starling se enfrentan a peligrosas negociaciones, pol\u00edticas envenenadas y el eco destructivo de un dios muerto.<\/p>\n<\/div>\n","protected":false},"excerpt":{"rendered":"<p>Brandon Sanderson<br \/>\n560 p\u00e1ginas<\/p>\n","protected":false},"featured_media":7780,"template":"","meta":{"_joinchat":[]},"product_brand":[],"product_cat":[39,70],"product_tag":[34],"class_list":{"0":"post-7779","1":"product","2":"type-product","3":"status-publish","4":"has-post-thumbnail","6":"product_cat-fantasia","7":"product_cat-novedades","8":"product_tag-penguin-random-house","10":"first","11":"outofstock","12":"shipping-taxable","13":"purchasable","14":"product-type-simple"},"_links":{"self":[{"href":"https:\/\/libreriahistoriasdebolsillo.com\/index.php\/wp-json\/wp\/v2\/product\/7779","targetHints":{"allow":["GET"]}}],"collection":[{"href":"https:\/\/libreriahistoriasdebolsillo.com\/index.php\/wp-json\/wp\/v2\/product"}],"about":[{"href":"https:\/\/libreriahistoriasdebolsillo.com\/index.php\/wp-json\/wp\/v2\/types\/product"}],"wp:featuredmedia":[{"embeddable":true,"href":"https:\/\/libreriahistoriasdebolsillo.com\/index.php\/wp-json\/wp\/v2\/media\/7780"}],"wp:attachment":[{"href":"https:\/\/libreriahistoriasdebolsillo.com\/index.php\/wp-json\/wp\/v2\/media?parent=7779"}],"wp:term":[{"taxonomy":"product_brand","embeddable":true,"href":"https:\/\/libreriahistoriasdebolsillo.com\/index.php\/wp-json\/wp\/v2\/product_brand?post=7779"},{"taxonomy":"product_cat","embeddable":true,"href":"https:\/\/libreriahistoriasdebolsillo.com\/index.php\/wp-json\/wp\/v2\/product_cat?post=7779"},{"taxonomy":"product_tag","embeddable":true,"href":"https:\/\/libreriahistoriasdebolsillo.com\/index.php\/wp-json\/wp\/v2\/product_tag?post=7779"}],"curies":[{"name":"wp","href":"https:\/\/api.w.org\/{rel}","templated":true}]}}