{"id":7781,"date":"2025-11-13T17:32:35","date_gmt":"2025-11-13T23:32:35","guid":{"rendered":"https:\/\/libreriahistoriasdebolsillo.com\/?post_type=product&#038;p=7781"},"modified":"2026-03-04T17:18:14","modified_gmt":"2026-03-04T23:18:14","slug":"rojo-y-oro","status":"publish","type":"product","link":"https:\/\/libreriahistoriasdebolsillo.com\/index.php\/producto\/rojo-y-oro\/","title":{"rendered":"Rojo y Oro"},"content":{"rendered":"<div class=\"justify\">\n<p><b>UNA HISTORIA \u00c9PICA SOBRE LA JUSTICIA, LA LUCHA POR LA LIBERTAD Y EL AMOR COMO \u00daNICA SALVACI\u00d3N.<\/b><\/p>\n<p><b>Edici\u00f3n especial limitada en tapa dura y con cantos tintados.<\/b><\/p>\n<\/div>\n<div class=\"justify\">\n<p><b>\u00abQuiz\u00e1, simplemente, la Vida y el Dolor no pod\u00edan existir el uno sin el otro\u00bb.<\/b><\/p>\n<p>El mundo de Ori\u00f3n es dorado. Eso es lo \u00fanico que ha visto cada d\u00eda desde que naci\u00f3: el dorado del oro con el que se construyen los palacios de los dioses, el dorado de la ambros\u00eda y de su sangre inmortal. Pero sabe que apenas pertenece a ese mundo. Aunque Ori\u00f3n naci\u00f3 como un dios, lleva toda su existencia siendo solo un esclavo. Y est\u00e1 harto de esa vida.<\/p>\n<p>El mundo de Asteria es rojo. Hubo un tiempo en el que no fue as\u00ed, pero desde que el Imperio de Eladia arras\u00f3 su hogar hace a\u00f1os y la oblig\u00f3 a convertirse en gladiadora, ese es el \u00fanico color que pinta sus d\u00edas. El rojo de la muerte. El rojo del dolor. El rojo de la rabia. Y est\u00e1 harta de esa vida.<\/p>\n<p>Asteria odia a los dioses.<br \/>\nOri\u00f3n no quiere tener nada que ver con los mortales.<br \/>\nPero sus mundos est\u00e1n a punto de chocar y mancharse con la sangre del otro.<br \/>\nY quiz\u00e1 unir fuerzas sea la \u00fanica manera de conseguir la libertad.<\/p>\n<\/div>\n","protected":false},"excerpt":{"rendered":"<p>Iria G. Parente y Selene M. Pascual<br \/>\n480 p\u00e1ginas<\/p>\n","protected":false},"featured_media":7782,"template":"","meta":{"_joinchat":[]},"product_brand":[],"product_cat":[38,75,70],"product_tag":[34],"class_list":{"0":"post-7781","1":"product","2":"type-product","3":"status-publish","4":"has-post-thumbnail","6":"product_cat-lgbtq","7":"product_cat-mitologia","8":"product_cat-novedades","9":"product_tag-penguin-random-house","11":"first","12":"outofstock","13":"shipping-taxable","14":"purchasable","15":"product-type-simple"},"_links":{"self":[{"href":"https:\/\/libreriahistoriasdebolsillo.com\/index.php\/wp-json\/wp\/v2\/product\/7781","targetHints":{"allow":["GET"]}}],"collection":[{"href":"https:\/\/libreriahistoriasdebolsillo.com\/index.php\/wp-json\/wp\/v2\/product"}],"about":[{"href":"https:\/\/libreriahistoriasdebolsillo.com\/index.php\/wp-json\/wp\/v2\/types\/product"}],"wp:featuredmedia":[{"embeddable":true,"href":"https:\/\/libreriahistoriasdebolsillo.com\/index.php\/wp-json\/wp\/v2\/media\/7782"}],"wp:attachment":[{"href":"https:\/\/libreriahistoriasdebolsillo.com\/index.php\/wp-json\/wp\/v2\/media?parent=7781"}],"wp:term":[{"taxonomy":"product_brand","embeddable":true,"href":"https:\/\/libreriahistoriasdebolsillo.com\/index.php\/wp-json\/wp\/v2\/product_brand?post=7781"},{"taxonomy":"product_cat","embeddable":true,"href":"https:\/\/libreriahistoriasdebolsillo.com\/index.php\/wp-json\/wp\/v2\/product_cat?post=7781"},{"taxonomy":"product_tag","embeddable":true,"href":"https:\/\/libreriahistoriasdebolsillo.com\/index.php\/wp-json\/wp\/v2\/product_tag?post=7781"}],"curies":[{"name":"wp","href":"https:\/\/api.w.org\/{rel}","templated":true}]}}