{"id":7783,"date":"2025-11-13T17:35:22","date_gmt":"2025-11-13T23:35:22","guid":{"rendered":"https:\/\/libreriahistoriasdebolsillo.com\/?post_type=product&#038;p=7783"},"modified":"2026-03-26T16:58:54","modified_gmt":"2026-03-26T22:58:54","slug":"dueto-del-gato-y-el-raton-1-haunting-adeline","status":"publish","type":"product","link":"https:\/\/libreriahistoriasdebolsillo.com\/index.php\/producto\/dueto-del-gato-y-el-raton-1-haunting-adeline\/","title":{"rendered":"Dueto del Gato y el Rat\u00f3n 1. Haunting Adeline"},"content":{"rendered":"<div class=\"justify\">\n<p><b>El fen\u00f3meno<\/b>\u00a0<b>dark<\/b><b>\u00a0romance de TikTok: un juego del gato y del rat\u00f3n de lo m\u00e1s oscuro<\/b><\/p>\n<\/div>\n<div class=\"justify\">\n<p><b>LA MANIPULADORA<\/b><\/p>\n<p>Puedo\u00a0<b>manipular las emociones<\/b>\u00a0de cualquiera que me lo permita. Los hago sufrir, los hago llorar, los hago re\u00edr y suspirar. Pero a \u00e9l mis palabras no le afectan. Sobre todo cuando le suplico que\u00a0<b>se vaya<\/b>. Siempre est\u00e1 ah\u00ed, observ\u00e1ndome y esperando. Y yo no soy capaz de apartar la mirada. Especialmente cuando lo \u00fanico que deseo es\u00a0<b>que se acerque<\/b>.<\/p>\n<p><b>LA SOMBRA<\/b><\/p>\n<p>No pretend\u00eda\u00a0<b>enamorarme<\/b>. Pero, ahora que ha ocurrido, no puedo\u00a0<b>mantenerme lejos<\/b>\u00a0de ella. Me fascinan su sonrisa, sus ojos,\u00a0<b>c\u00f3mo se mueve<\/b>\u2026 C\u00f3mo se desnuda\u2026 Continuar\u00e9 observ\u00e1ndola y esperando. Hasta que caiga en mis redes. Y, cuando lo consiga,<b>no la soltar\u00e9<\/b>\u00a0nunca.<\/p>\n<\/div>\n","protected":false},"excerpt":{"rendered":"<p>H.D. Carlton<br \/>\n592 p\u00e1ginas<\/p>\n","protected":false},"featured_media":7784,"template":"","meta":{"_joinchat":[]},"product_brand":[],"product_cat":[63,70],"product_tag":[34],"class_list":{"0":"post-7783","1":"product","2":"type-product","3":"status-publish","4":"has-post-thumbnail","6":"product_cat-dark-romance","7":"product_cat-novedades","8":"product_tag-penguin-random-house","10":"first","11":"instock","12":"shipping-taxable","13":"purchasable","14":"product-type-simple"},"_links":{"self":[{"href":"https:\/\/libreriahistoriasdebolsillo.com\/index.php\/wp-json\/wp\/v2\/product\/7783","targetHints":{"allow":["GET"]}}],"collection":[{"href":"https:\/\/libreriahistoriasdebolsillo.com\/index.php\/wp-json\/wp\/v2\/product"}],"about":[{"href":"https:\/\/libreriahistoriasdebolsillo.com\/index.php\/wp-json\/wp\/v2\/types\/product"}],"wp:featuredmedia":[{"embeddable":true,"href":"https:\/\/libreriahistoriasdebolsillo.com\/index.php\/wp-json\/wp\/v2\/media\/7784"}],"wp:attachment":[{"href":"https:\/\/libreriahistoriasdebolsillo.com\/index.php\/wp-json\/wp\/v2\/media?parent=7783"}],"wp:term":[{"taxonomy":"product_brand","embeddable":true,"href":"https:\/\/libreriahistoriasdebolsillo.com\/index.php\/wp-json\/wp\/v2\/product_brand?post=7783"},{"taxonomy":"product_cat","embeddable":true,"href":"https:\/\/libreriahistoriasdebolsillo.com\/index.php\/wp-json\/wp\/v2\/product_cat?post=7783"},{"taxonomy":"product_tag","embeddable":true,"href":"https:\/\/libreriahistoriasdebolsillo.com\/index.php\/wp-json\/wp\/v2\/product_tag?post=7783"}],"curies":[{"name":"wp","href":"https:\/\/api.w.org\/{rel}","templated":true}]}}