{"id":7797,"date":"2025-11-21T13:53:15","date_gmt":"2025-11-21T19:53:15","guid":{"rendered":"https:\/\/libreriahistoriasdebolsillo.com\/?post_type=product&#038;p=7797"},"modified":"2026-03-10T15:34:50","modified_gmt":"2026-03-10T21:34:50","slug":"los-cantos-de-hyperion-3-endymion","status":"publish","type":"product","link":"https:\/\/libreriahistoriasdebolsillo.com\/index.php\/producto\/los-cantos-de-hyperion-3-endymion\/","title":{"rendered":"Los cantos de Hyperion 3. Endymion"},"content":{"rendered":"<div class=\"justify\">\n<p><i><b>Endymion<\/b><\/i><b>\u00a0es la tercera novela de la tetralog\u00eda \u00abLos Cantos de<\/b>\u00a0<b>Hyperion\u00bb, una saga fundamental de la ciencia ficci\u00f3n moderna<\/b>\u00a0<b>que fue galardonada con tres premios Locus y el Hugo de 1990. La<\/b>\u00a0<b>publicaci\u00f3n de la serie a lo largo de la d\u00e9cada de 1990 coron\u00f3 a<\/b>\u00a0<b>Dan Simmons como un referente indiscutible del g\u00e9nero, capaz<\/b>\u00a0<b>de construir un mundo al estilo de los<\/b>\u00a0<i><b>Cuentos de Canterbury<\/b><\/i>\u00a0<b>y al mismo tiempo hacer un claro homenaje a John Keats.<\/b><\/p>\n<\/div>\n<div class=\"justify\">\n<p>Han pasado doscientos setenta y cuatro a\u00f1os desde la ca\u00edda de Hyperion, y la Hegemon\u00eda se ha transformado en una teocracia regida por Pax, la organizaci\u00f3n c\u00edvico militar de la Iglesia cat\u00f3lica. Gracias al cruciforme, la inmortalidad es efectiva y la nueva fe, universal. Pax solo teme la llegada de un nuevo mes\u00edas. Un joven pastor condenado por asesinato, Endymion, deber\u00e1 muy a su pesar proteger, con el androide Bettik, a ese nuevo mes\u00edas: Aenea, hija de Keats, que regresa de las Tumbas del Tiempo de Hyperion. Tras resolver algunos de los interrogantes planteados en\u00a0<i>Hyperion<\/i>\u00a0y\u00a0<i>La ca\u00edda de Hyperion<\/i>, Simmons vuelve a ofrecernos, con su caracter\u00edstica habilidad y maestr\u00eda, un asombroso universo especulativo.<\/p>\n<\/div>\n","protected":false},"excerpt":{"rendered":"<p>Dan Simmons<br \/>\n730 p\u00e1ginas<\/p>\n","protected":false},"featured_media":7798,"template":"","meta":{"_joinchat":[]},"product_brand":[],"product_cat":[40,51],"product_tag":[34],"class_list":{"0":"post-7797","1":"product","2":"type-product","3":"status-publish","4":"has-post-thumbnail","6":"product_cat-ciencia-ficcion","7":"product_cat-oferta","8":"product_tag-penguin-random-house","10":"first","11":"instock","12":"sale","13":"shipping-taxable","14":"purchasable","15":"product-type-simple"},"_links":{"self":[{"href":"https:\/\/libreriahistoriasdebolsillo.com\/index.php\/wp-json\/wp\/v2\/product\/7797","targetHints":{"allow":["GET"]}}],"collection":[{"href":"https:\/\/libreriahistoriasdebolsillo.com\/index.php\/wp-json\/wp\/v2\/product"}],"about":[{"href":"https:\/\/libreriahistoriasdebolsillo.com\/index.php\/wp-json\/wp\/v2\/types\/product"}],"wp:featuredmedia":[{"embeddable":true,"href":"https:\/\/libreriahistoriasdebolsillo.com\/index.php\/wp-json\/wp\/v2\/media\/7798"}],"wp:attachment":[{"href":"https:\/\/libreriahistoriasdebolsillo.com\/index.php\/wp-json\/wp\/v2\/media?parent=7797"}],"wp:term":[{"taxonomy":"product_brand","embeddable":true,"href":"https:\/\/libreriahistoriasdebolsillo.com\/index.php\/wp-json\/wp\/v2\/product_brand?post=7797"},{"taxonomy":"product_cat","embeddable":true,"href":"https:\/\/libreriahistoriasdebolsillo.com\/index.php\/wp-json\/wp\/v2\/product_cat?post=7797"},{"taxonomy":"product_tag","embeddable":true,"href":"https:\/\/libreriahistoriasdebolsillo.com\/index.php\/wp-json\/wp\/v2\/product_tag?post=7797"}],"curies":[{"name":"wp","href":"https:\/\/api.w.org\/{rel}","templated":true}]}}