{"id":7799,"date":"2025-11-21T13:56:30","date_gmt":"2025-11-21T19:56:30","guid":{"rendered":"https:\/\/libreriahistoriasdebolsillo.com\/?post_type=product&#038;p=7799"},"modified":"2026-03-11T22:32:36","modified_gmt":"2026-03-12T04:32:36","slug":"personas-desconocidas","status":"publish","type":"product","link":"https:\/\/libreriahistoriasdebolsillo.com\/index.php\/producto\/personas-desconocidas\/","title":{"rendered":"Personas desconocidas"},"content":{"rendered":"<div class=\"justify\">\n<p><b>Una ni\u00f1a de trece a\u00f1os que desaparece sin dejar rastro. Cuatro j\u00f3venes blancos asesinados. Dos polic\u00edas retirados que no quieren o no pueden hablar. Un narcotraficante entre rejas con m\u00e1s informaci\u00f3n de la que debiera, y una pareja de polic\u00edas empe\u00f1ados en descubrir la verdad: una perfecta combinaci\u00f3n para un thriller fenomenal, como solo John<\/b>\u00a0<b>Katzenbach podr\u00eda escribirlo.<\/b><\/p>\n<\/div>\n<div class=\"justify\">\n<p>Gabriel Dickinson y Marta Rodriguez-Johnson han servido a la\u00a0<b>polic\u00eda<\/b>\u00a0de manera impecable, hasta que un d\u00eda sus vidas se tuercen de forma irreversible. Ahora est\u00e1n condenados a trabajar juntos en esos\u00a0<b>casos olvidados<\/b>\u00a0y nunca aclarados que nadie quiere, en realidad, resolver. Es una manera de\u00a0<b>matar el tiempo<\/b>\u00a0mientras esperan a que sus jefes decidan qu\u00e9 hacer con ellos.<\/p>\n<p>Sin embargo, entre ese mont\u00f3n de archivos polvorientos, Marta y Gabe est\u00e1n a punto de encontrar la clave para resolver no solo cuatro\u00a0<b>extra\u00f1os asesinatos<\/b>\u00a0cometidos dos d\u00e9cadas atr\u00e1s, sino tambi\u00e9n una de esas impactantes\u00a0<b>desapariciones<\/b>\u00a0que marcaron el antes y el despu\u00e9s de toda una comunidad.<\/p>\n<\/div>\n","protected":false},"excerpt":{"rendered":"<p>John Katzenbach<br \/>\n480 p\u00e1ginas<\/p>\n","protected":false},"featured_media":7800,"template":"","meta":{"_joinchat":[]},"product_brand":[],"product_cat":[37,51],"product_tag":[34],"class_list":{"0":"post-7799","1":"product","2":"type-product","3":"status-publish","4":"has-post-thumbnail","6":"product_cat-misterio-y-thriller","7":"product_cat-oferta","8":"product_tag-penguin-random-house","10":"first","11":"instock","12":"sale","13":"shipping-taxable","14":"purchasable","15":"product-type-simple"},"_links":{"self":[{"href":"https:\/\/libreriahistoriasdebolsillo.com\/index.php\/wp-json\/wp\/v2\/product\/7799","targetHints":{"allow":["GET"]}}],"collection":[{"href":"https:\/\/libreriahistoriasdebolsillo.com\/index.php\/wp-json\/wp\/v2\/product"}],"about":[{"href":"https:\/\/libreriahistoriasdebolsillo.com\/index.php\/wp-json\/wp\/v2\/types\/product"}],"wp:featuredmedia":[{"embeddable":true,"href":"https:\/\/libreriahistoriasdebolsillo.com\/index.php\/wp-json\/wp\/v2\/media\/7800"}],"wp:attachment":[{"href":"https:\/\/libreriahistoriasdebolsillo.com\/index.php\/wp-json\/wp\/v2\/media?parent=7799"}],"wp:term":[{"taxonomy":"product_brand","embeddable":true,"href":"https:\/\/libreriahistoriasdebolsillo.com\/index.php\/wp-json\/wp\/v2\/product_brand?post=7799"},{"taxonomy":"product_cat","embeddable":true,"href":"https:\/\/libreriahistoriasdebolsillo.com\/index.php\/wp-json\/wp\/v2\/product_cat?post=7799"},{"taxonomy":"product_tag","embeddable":true,"href":"https:\/\/libreriahistoriasdebolsillo.com\/index.php\/wp-json\/wp\/v2\/product_tag?post=7799"}],"curies":[{"name":"wp","href":"https:\/\/api.w.org\/{rel}","templated":true}]}}