{"id":7801,"date":"2025-11-21T13:58:49","date_gmt":"2025-11-21T19:58:49","guid":{"rendered":"https:\/\/libreriahistoriasdebolsillo.com\/?post_type=product&#038;p=7801"},"modified":"2026-03-10T15:37:50","modified_gmt":"2026-03-10T21:37:50","slug":"la-desconocida-2","status":"publish","type":"product","link":"https:\/\/libreriahistoriasdebolsillo.com\/index.php\/producto\/la-desconocida-2\/","title":{"rendered":"La desconocida"},"content":{"rendered":"<div class=\"justify\">\n<p><b>Rosa Montero, una de las autoras m\u00e1s queridas y premiadas en lengua espa\u00f1ola, vuelve a la novela negra, esta vez acompa\u00f1ada por Olivier<\/b>\u00a0<b>Truc, ganador del Premio<\/b>\u00a0<b>Quais du Polar, el m\u00e1s prestigioso galard\u00f3n franc\u00e9s del g\u00e9nero policiaco<\/b>.<\/p>\n<\/div>\n<div class=\"justify\">\n<p>Es de noche y en el puerto de\u00a0<b>Barcelona<\/b>\u00a0un guardia hace su ronda cuando su pastora alemana se para en seco a olfatear un contenedor. Al llegar, los mossos hallan en su interior a una mujer inconsciente y deshidratada. Tiene una brecha en la sien, quemaduras en la cara y el cuerpo, y no recuerda qui\u00e9n es ni cu\u00e1l es su lengua materna, pero est\u00e1 viva. Mientras se recupera en el Hospital Cl\u00ednic, un hombre intenta asesinarla.<\/p>\n<p>La inspectora\u00a0<b>Anna Ripoll<\/b>, experta en trata de mujeres, parece haber dado con su identidad y su direcci\u00f3n:\u00a0<b>Alicia<\/b>\u00a0<b>Garone<\/b>; 19,\u00a0<b>rue du<\/b>\u00a0<b>Chariot<\/b>, Lyon. En la ciudad francesa el inspector\u00a0<b>Erik<\/b>\u00a0<b>Zapori<\/b>\u00a0busca el modo de librarse de la investigaci\u00f3n a la que asuntos internos lo est\u00e1 sometiendo por delitos de corrupci\u00f3n y proxenetismo.<\/p>\n<p>Nada mejor que viajar a Espa\u00f1a a ayudar en la resoluci\u00f3n de este caso, aunque pueda ser el m\u00e1s complejo de su vida<\/p>\n<\/div>\n","protected":false},"excerpt":{"rendered":"<p>Rosa Montero y Olivier Truc<br \/>\n160 p\u00e1ginas<\/p>\n","protected":false},"featured_media":7802,"template":"","meta":{"_joinchat":[]},"product_brand":[],"product_cat":[37,51],"product_tag":[34],"class_list":{"0":"post-7801","1":"product","2":"type-product","3":"status-publish","4":"has-post-thumbnail","6":"product_cat-misterio-y-thriller","7":"product_cat-oferta","8":"product_tag-penguin-random-house","10":"first","11":"outofstock","12":"sale","13":"shipping-taxable","14":"purchasable","15":"product-type-simple"},"_links":{"self":[{"href":"https:\/\/libreriahistoriasdebolsillo.com\/index.php\/wp-json\/wp\/v2\/product\/7801","targetHints":{"allow":["GET"]}}],"collection":[{"href":"https:\/\/libreriahistoriasdebolsillo.com\/index.php\/wp-json\/wp\/v2\/product"}],"about":[{"href":"https:\/\/libreriahistoriasdebolsillo.com\/index.php\/wp-json\/wp\/v2\/types\/product"}],"wp:featuredmedia":[{"embeddable":true,"href":"https:\/\/libreriahistoriasdebolsillo.com\/index.php\/wp-json\/wp\/v2\/media\/7802"}],"wp:attachment":[{"href":"https:\/\/libreriahistoriasdebolsillo.com\/index.php\/wp-json\/wp\/v2\/media?parent=7801"}],"wp:term":[{"taxonomy":"product_brand","embeddable":true,"href":"https:\/\/libreriahistoriasdebolsillo.com\/index.php\/wp-json\/wp\/v2\/product_brand?post=7801"},{"taxonomy":"product_cat","embeddable":true,"href":"https:\/\/libreriahistoriasdebolsillo.com\/index.php\/wp-json\/wp\/v2\/product_cat?post=7801"},{"taxonomy":"product_tag","embeddable":true,"href":"https:\/\/libreriahistoriasdebolsillo.com\/index.php\/wp-json\/wp\/v2\/product_tag?post=7801"}],"curies":[{"name":"wp","href":"https:\/\/api.w.org\/{rel}","templated":true}]}}