{"id":7807,"date":"2025-11-21T14:08:35","date_gmt":"2025-11-21T20:08:35","guid":{"rendered":"https:\/\/libreriahistoriasdebolsillo.com\/?post_type=product&#038;p=7807"},"modified":"2026-03-10T15:31:35","modified_gmt":"2026-03-10T21:31:35","slug":"la-viajera-nocturna","status":"publish","type":"product","link":"https:\/\/libreriahistoriasdebolsillo.com\/index.php\/producto\/la-viajera-nocturna\/","title":{"rendered":"La viajera nocturna"},"content":{"rendered":"<div class=\"justify\">\n<p><b>Del autor del bestseller<\/b>\u00a0<i><b>La ni\u00f1a alemana<\/b><\/i><b>, nos llega esta conmovedora novela en la que cuatro generaciones de mujeres experimentan amores, p\u00e9rdidas, guerras y esperanzas, en una historia que comienza con el surgimiento del nazismo en Alemania, pasa por la Revoluci\u00f3n cubana, y se extiende hasta la ca\u00edda del Muro de Berl\u00edn.<\/b><\/p>\n<\/div>\n<div class=\"justify\">\n<p><b>Berl\u00edn, 1931<\/b>: Ally Keller est\u00e1 sola y asustada cuando da a luz a una hija mestiza a la que nombra Lilith. Mientras los nazis ascienden al poder, Ally sabe que debe proteger a su beb\u00e9 de la ideolog\u00eda de la raza aria promovida por Hitler, y pone en marcha un plan desesperado para enviar a su hija a un lugar seguro al otro lado del oc\u00e9ano.<\/p>\n<p><b>La Habana, 1958<\/b>: Ya adulta, Lilith conserva pocos recuerdos de su madre o de su infancia en Alemania. La emociona el futuro con Mart\u00edn, un piloto cubano con fuertes lazos con el gobierno de Batista, por lo que, al estallar la Revoluci\u00f3n, Lilith y su hija reci\u00e9n nacida, Nadine, se encuentran en una encrucijada.<\/p>\n<p><b>Berl\u00edn, 1988<\/b>: Como cient\u00edfica en Berl\u00edn, Nadine ha pasado toda su vida evitando la verdad sobre la historia de su propia familia. Es su hija Luna quien la anima a indagar sobre las decisiones que tomaron su madre y su abuela para asegurar la supervivencia de sus hijas. Le corresponder\u00e1 a Luna aceptar una traici\u00f3n desconcertante que cambiar\u00e1 todo lo que cre\u00eda saber sobre el pasado de su familia. Separadas por el tiempo, pero unidas por el sacrificio, cuatro mujeres se embarcan en viajes de autodescubrimiento y se convierten en testimonios vivientes del poder del amor materno.<\/p>\n<\/div>\n","protected":false},"excerpt":{"rendered":"<p>Armando Lucas Correa<br \/>\n368 p\u00e1ginas<\/p>\n","protected":false},"featured_media":7808,"template":"","meta":{"_joinchat":[]},"product_brand":[],"product_cat":[56,37,51],"product_tag":[34],"class_list":{"0":"post-7807","1":"product","2":"type-product","3":"status-publish","4":"has-post-thumbnail","6":"product_cat-historica","7":"product_cat-misterio-y-thriller","8":"product_cat-oferta","9":"product_tag-penguin-random-house","11":"first","12":"instock","13":"sale","14":"shipping-taxable","15":"purchasable","16":"product-type-simple"},"_links":{"self":[{"href":"https:\/\/libreriahistoriasdebolsillo.com\/index.php\/wp-json\/wp\/v2\/product\/7807","targetHints":{"allow":["GET"]}}],"collection":[{"href":"https:\/\/libreriahistoriasdebolsillo.com\/index.php\/wp-json\/wp\/v2\/product"}],"about":[{"href":"https:\/\/libreriahistoriasdebolsillo.com\/index.php\/wp-json\/wp\/v2\/types\/product"}],"wp:featuredmedia":[{"embeddable":true,"href":"https:\/\/libreriahistoriasdebolsillo.com\/index.php\/wp-json\/wp\/v2\/media\/7808"}],"wp:attachment":[{"href":"https:\/\/libreriahistoriasdebolsillo.com\/index.php\/wp-json\/wp\/v2\/media?parent=7807"}],"wp:term":[{"taxonomy":"product_brand","embeddable":true,"href":"https:\/\/libreriahistoriasdebolsillo.com\/index.php\/wp-json\/wp\/v2\/product_brand?post=7807"},{"taxonomy":"product_cat","embeddable":true,"href":"https:\/\/libreriahistoriasdebolsillo.com\/index.php\/wp-json\/wp\/v2\/product_cat?post=7807"},{"taxonomy":"product_tag","embeddable":true,"href":"https:\/\/libreriahistoriasdebolsillo.com\/index.php\/wp-json\/wp\/v2\/product_tag?post=7807"}],"curies":[{"name":"wp","href":"https:\/\/api.w.org\/{rel}","templated":true}]}}