{"id":7809,"date":"2025-11-21T14:11:12","date_gmt":"2025-11-21T20:11:12","guid":{"rendered":"https:\/\/libreriahistoriasdebolsillo.com\/?post_type=product&#038;p=7809"},"modified":"2026-04-16T14:23:12","modified_gmt":"2026-04-16T20:23:12","slug":"los-nazis-sabian-mi-nombre","status":"publish","type":"product","link":"https:\/\/libreriahistoriasdebolsillo.com\/index.php\/producto\/los-nazis-sabian-mi-nombre\/","title":{"rendered":"Los nazis sab\u00edan mi nombre"},"content":{"rendered":"<div class=\"justify\">\n<p><b>Una historia extraordinaria de supervivencia y coraje en Auschwitz<\/b><\/p>\n<\/div>\n<div class=\"justify\">\n<p><b>Marzo de 1942<\/b>, una joven maestra de jard\u00edn de ni\u00f1os llamada\u00a0<b>Magda<\/b>\u00a0<b>Hellinger,<\/b>\u00a0procedente de\u00a0<b>Eslovaquia<\/b>, fue\u00a0<b>deportada al campo de concentraci\u00f3n de Auschwitz<\/b>\u00a0junto con casi mil mujeres m\u00e1s, en el que ser\u00eda uno de los primeros arribos de\u00a0<b>mujeres jud\u00edas<\/b>\u00a0al terrible campo nazi. En muy poco tiempo la brutalidad del\u00a0<b>nazismo<\/b>\u00a0se volvi\u00f3 el principio de realidad en el que Magda se mov\u00eda. Por si fuera poco, las SS descubrieron que al poner a ciertos prisioneros a cargo de los bloques donde cientos de personas se alojaban les permit\u00eda trasladar sus responsabilidades hacia estos individuos que, si no llevaban a cabo sus labores administrativas de la manera adecuada, simplemente eran eliminados. Magda fue una de esas prisioneras seleccionadas para hacerse cargo del infame\u00a0<b>Bloque 10<\/b>, en el que personal m\u00e9dico alem\u00e1n experimentaba con los reclusos. En estas memorias, Magda nos relata c\u00f3mo camin\u00f3 al filo de la navaja durante varios a\u00f1os:\u00a0<b>salvar la mayor cantidad de vidas mientras evitaba las sospechas de las SS y corr\u00eda el riesgo de ser ejecutada<\/b>. A trav\u00e9s de su fuerza interior y su instinto de supervivencia, pudo superar el horror y la crueldad de Auschwitz y construir relaciones de amistad con las mujeres bajo su vigilancia. La historia de Magda es un testimonio de c\u00f3mo el esp\u00edritu humano puede salir adelante aun en las condiciones m\u00e1s deshumanizantes.<\/p>\n<\/div>\n","protected":false},"excerpt":{"rendered":"<p>Maya Lee,\u00a0 Magda Helllinger y David Brewster<br \/>\n264 p\u00e1ginas<\/p>\n","protected":false},"featured_media":7810,"template":"","meta":{"_joinchat":[]},"product_brand":[],"product_cat":[56,51],"product_tag":[34],"class_list":{"0":"post-7809","1":"product","2":"type-product","3":"status-publish","4":"has-post-thumbnail","6":"product_cat-historica","7":"product_cat-oferta","8":"product_tag-penguin-random-house","10":"first","11":"instock","12":"sale","13":"shipping-taxable","14":"purchasable","15":"product-type-simple"},"_links":{"self":[{"href":"https:\/\/libreriahistoriasdebolsillo.com\/index.php\/wp-json\/wp\/v2\/product\/7809","targetHints":{"allow":["GET"]}}],"collection":[{"href":"https:\/\/libreriahistoriasdebolsillo.com\/index.php\/wp-json\/wp\/v2\/product"}],"about":[{"href":"https:\/\/libreriahistoriasdebolsillo.com\/index.php\/wp-json\/wp\/v2\/types\/product"}],"wp:featuredmedia":[{"embeddable":true,"href":"https:\/\/libreriahistoriasdebolsillo.com\/index.php\/wp-json\/wp\/v2\/media\/7810"}],"wp:attachment":[{"href":"https:\/\/libreriahistoriasdebolsillo.com\/index.php\/wp-json\/wp\/v2\/media?parent=7809"}],"wp:term":[{"taxonomy":"product_brand","embeddable":true,"href":"https:\/\/libreriahistoriasdebolsillo.com\/index.php\/wp-json\/wp\/v2\/product_brand?post=7809"},{"taxonomy":"product_cat","embeddable":true,"href":"https:\/\/libreriahistoriasdebolsillo.com\/index.php\/wp-json\/wp\/v2\/product_cat?post=7809"},{"taxonomy":"product_tag","embeddable":true,"href":"https:\/\/libreriahistoriasdebolsillo.com\/index.php\/wp-json\/wp\/v2\/product_tag?post=7809"}],"curies":[{"name":"wp","href":"https:\/\/api.w.org\/{rel}","templated":true}]}}