{"id":7811,"date":"2025-11-21T14:14:11","date_gmt":"2025-11-21T20:14:11","guid":{"rendered":"https:\/\/libreriahistoriasdebolsillo.com\/?post_type=product&#038;p=7811"},"modified":"2026-03-05T11:04:17","modified_gmt":"2026-03-05T17:04:17","slug":"el-tesoro-cosmico-2","status":"publish","type":"product","link":"https:\/\/libreriahistoriasdebolsillo.com\/index.php\/producto\/el-tesoro-cosmico-2\/","title":{"rendered":"El tesoro c\u00f3smico"},"content":{"rendered":"<p>Algo no marcha bien. Eric, el antiguo vecino de George, est\u00e1 en Florida trabajando en un proyecto cient\u00edfico para descubrir si hay vida en el planeta Marte y en otros lugares del sistema solar. El robot encargado de la misi\u00f3n act\u00faa de forma muy extra\u00f1a y, seg\u00fan le cuenta Annie a George, \u00a1un alien les ha enviado un mensaje para decirles que deben volver al espacio si no quieren que el mundo se acabe! Una vez m\u00e1s, Annie y George deber\u00e1n enfundarse en sus trajes espaciales y seguir las pistas que les conducir\u00e1n hasta un peligros\u00edsimo y siniestro personaje&#8230;<\/p>\n","protected":false},"excerpt":{"rendered":"<p>Stephen Hawking y Lucy Hawking<br \/>\n224 p\u00e1ginas<\/p>\n","protected":false},"featured_media":7812,"template":"","meta":{"_joinchat":[]},"product_brand":[],"product_cat":[60,41,51],"product_tag":[34],"class_list":{"0":"post-7811","1":"product","2":"type-product","3":"status-publish","4":"has-post-thumbnail","6":"product_cat-ciencia","7":"product_cat-desarrollo-humano","8":"product_cat-oferta","9":"product_tag-penguin-random-house","11":"first","12":"instock","13":"sale","14":"shipping-taxable","15":"purchasable","16":"product-type-simple"},"_links":{"self":[{"href":"https:\/\/libreriahistoriasdebolsillo.com\/index.php\/wp-json\/wp\/v2\/product\/7811","targetHints":{"allow":["GET"]}}],"collection":[{"href":"https:\/\/libreriahistoriasdebolsillo.com\/index.php\/wp-json\/wp\/v2\/product"}],"about":[{"href":"https:\/\/libreriahistoriasdebolsillo.com\/index.php\/wp-json\/wp\/v2\/types\/product"}],"wp:featuredmedia":[{"embeddable":true,"href":"https:\/\/libreriahistoriasdebolsillo.com\/index.php\/wp-json\/wp\/v2\/media\/7812"}],"wp:attachment":[{"href":"https:\/\/libreriahistoriasdebolsillo.com\/index.php\/wp-json\/wp\/v2\/media?parent=7811"}],"wp:term":[{"taxonomy":"product_brand","embeddable":true,"href":"https:\/\/libreriahistoriasdebolsillo.com\/index.php\/wp-json\/wp\/v2\/product_brand?post=7811"},{"taxonomy":"product_cat","embeddable":true,"href":"https:\/\/libreriahistoriasdebolsillo.com\/index.php\/wp-json\/wp\/v2\/product_cat?post=7811"},{"taxonomy":"product_tag","embeddable":true,"href":"https:\/\/libreriahistoriasdebolsillo.com\/index.php\/wp-json\/wp\/v2\/product_tag?post=7811"}],"curies":[{"name":"wp","href":"https:\/\/api.w.org\/{rel}","templated":true}]}}