{"id":7815,"date":"2025-11-21T14:19:44","date_gmt":"2025-11-21T20:19:44","guid":{"rendered":"https:\/\/libreriahistoriasdebolsillo.com\/?post_type=product&#038;p=7815"},"modified":"2026-04-16T14:23:02","modified_gmt":"2026-04-16T20:23:02","slug":"la-carne","status":"publish","type":"product","link":"https:\/\/libreriahistoriasdebolsillo.com\/index.php\/producto\/la-carne\/","title":{"rendered":"La carne"},"content":{"rendered":"<div class=\"justify\">\n<p><b>Vuelve Rosa Montero con\u00a0<i>La carne<\/i>, una intriga emocional que nos habla del paso del tiempo, del miedo a la muerte, del fracaso pero tambi\u00e9n de la esperanza, de la necesidad de amar y de la gloriosa tiran\u00eda del sexo, de la vida entendida como un lance fugaz en el que devorar o ser devorado.<\/b><\/p>\n<p>&nbsp;<\/p>\n<p><b>PREMIO NACIONAL DE LAS LETRAS 2017<\/b><\/p>\n<\/div>\n<div class=\"justify\">\n<p>\u00ab<i>Al final todo acaba por desembocar en el amor. Y en el da\u00f1o<\/i>.\u00bb<\/p>\n<p>Una noche de \u00f3pera, Soledad contrata a un gigol\u00f3 para que la acompa\u00f1e a la funci\u00f3n y as\u00ed poder dar celos a un examante. Pero un suceso violento e imprevisto lo complica todo y marca el inicio de una relaci\u00f3n inquietante, volc\u00e1nica y tal vez peligrosa. Ella tiene sesenta a\u00f1os; el gigol\u00f3, treinta y dos.<\/p>\n<p>Desde el humor, pero tambi\u00e9n desde la rabia y la desesperaci\u00f3n de quien se rebela contra los estragos del tiempo, el relato de la vida de Soledad se entreteje con las historias de los escritores malditos de la exposici\u00f3n que est\u00e1 organizando para la Biblioteca Nacional.<\/p>\n<p><i>La carne<\/i>\u00a0es una novela audaz y sorprendente, la m\u00e1s libre y personal de las que ha escrito Rosa Montero.<\/p>\n<p><b>Ganadora, entre otros, del Premio Primavera de Novela, el Premio Grinzane Cavour, El Premio Qu\u00e9 Leer al Mejor Libro del A\u00f1o y el Premio de la Cr\u00edtica de Madrid.<\/b><\/p>\n<\/div>\n","protected":false},"excerpt":{"rendered":"<p>Rosa Montero<br \/>\n240 p\u00e1ginas<\/p>\n","protected":false},"featured_media":7816,"template":"","meta":{"_joinchat":[]},"product_brand":[],"product_cat":[56,51],"product_tag":[34],"class_list":{"0":"post-7815","1":"product","2":"type-product","3":"status-publish","4":"has-post-thumbnail","6":"product_cat-historica","7":"product_cat-oferta","8":"product_tag-penguin-random-house","10":"first","11":"instock","12":"sale","13":"shipping-taxable","14":"purchasable","15":"product-type-simple"},"_links":{"self":[{"href":"https:\/\/libreriahistoriasdebolsillo.com\/index.php\/wp-json\/wp\/v2\/product\/7815","targetHints":{"allow":["GET"]}}],"collection":[{"href":"https:\/\/libreriahistoriasdebolsillo.com\/index.php\/wp-json\/wp\/v2\/product"}],"about":[{"href":"https:\/\/libreriahistoriasdebolsillo.com\/index.php\/wp-json\/wp\/v2\/types\/product"}],"wp:featuredmedia":[{"embeddable":true,"href":"https:\/\/libreriahistoriasdebolsillo.com\/index.php\/wp-json\/wp\/v2\/media\/7816"}],"wp:attachment":[{"href":"https:\/\/libreriahistoriasdebolsillo.com\/index.php\/wp-json\/wp\/v2\/media?parent=7815"}],"wp:term":[{"taxonomy":"product_brand","embeddable":true,"href":"https:\/\/libreriahistoriasdebolsillo.com\/index.php\/wp-json\/wp\/v2\/product_brand?post=7815"},{"taxonomy":"product_cat","embeddable":true,"href":"https:\/\/libreriahistoriasdebolsillo.com\/index.php\/wp-json\/wp\/v2\/product_cat?post=7815"},{"taxonomy":"product_tag","embeddable":true,"href":"https:\/\/libreriahistoriasdebolsillo.com\/index.php\/wp-json\/wp\/v2\/product_tag?post=7815"}],"curies":[{"name":"wp","href":"https:\/\/api.w.org\/{rel}","templated":true}]}}