{"id":7830,"date":"2025-11-28T16:45:16","date_gmt":"2025-11-28T22:45:16","guid":{"rendered":"https:\/\/libreriahistoriasdebolsillo.com\/?post_type=product&#038;p=7830"},"modified":"2025-11-28T16:45:16","modified_gmt":"2025-11-28T22:45:16","slug":"amor-animal","status":"publish","type":"product","link":"https:\/\/libreriahistoriasdebolsillo.com\/index.php\/producto\/amor-animal\/","title":{"rendered":"Amor animal"},"content":{"rendered":"<p>Dos lobos que cambian de forma, una relaci\u00f3n falsa y una conexi\u00f3n apasionante que resultar\u00e1 m\u00e1s real de lo que imaginan.<\/p>\n<p>Mackenzie Carter ha tenido un desastre de citas \u00faltimamente. Desde un experto en maquetas de trenes hasta un tipo extra\u00f1amente obsesionado con su cola\u2026 Y nada indica que vaya a mejorar. A solo un a\u00f1o de la residencia, la obsesi\u00f3n de su abuela porque encuentre pareja y siente la cabeza, la va a volver loca. En un momento determinado y al sentirse acorralada, solo se le ocurre decir que ha conocido a alguien y el primer nombre que le viene a la cabeza es: Noah Taylor, el lobo feroz del Hospital General de Denver. Y precisamente \u00a1el \u00faltimo hombre con el que saldr\u00eda!<\/p>\n<p>Noah Taylor, un cardi\u00f3logo de renombre y mal genio, ha pasado toda su vida ocultando lo que es: un lobo alfa que cambia de forma, el m\u00e1s fuerte, poderoso y amenazador de la manada. Por si fuera poco, todav\u00eda no ha encontrado a su omega, la cambiaformas destinada a pasar toda su vida a su lado, la \u00fanica capaz de calmar sus brutales instintos. Hasta ahora hab\u00eda mantenido su designaci\u00f3n en secreto, pero una denuncia an\u00f3nima hace que todo salga a la luz.<\/p>\n<p>A Noah le quedan dos opciones: sincerarse ante el consejo y arriesgar su carrera, o buscarse una pareja. Y ahora la m\u00e9dico de urgencias, le pide que sea su novio falso, el mismo d\u00eda que lo llaman para reunirse con la junta, tiene que ser el destino, \u00bfverdad?<\/p>\n<p>Esta transacci\u00f3n ser\u00e1 muy beneficiosa para ambos, pero lo que comienza como un acuerdo temporal por conveniencia pronto se convierte en un deseo incontrolable\u2026 Y m\u00e1s r\u00e1pido que una luna cambiante, Mackenzie y Noah se dar\u00e1n cuenta de que la conexi\u00f3n que los une puede ser m\u00e1s fuerte que cualquier instinto animal.<\/p>\n","protected":false},"excerpt":{"rendered":"<p>Lana Ferguson<br \/>\n384 p\u00e1ginas<\/p>\n","protected":false},"featured_media":7831,"template":"","meta":{"_joinchat":[]},"product_brand":[],"product_cat":[70,35],"product_tag":[48],"class_list":{"0":"post-7830","1":"product","2":"type-product","3":"status-publish","4":"has-post-thumbnail","6":"product_cat-novedades","7":"product_cat-romantica","8":"product_tag-vr-editoras","10":"first","11":"instock","12":"shipping-taxable","13":"purchasable","14":"product-type-simple"},"_links":{"self":[{"href":"https:\/\/libreriahistoriasdebolsillo.com\/index.php\/wp-json\/wp\/v2\/product\/7830","targetHints":{"allow":["GET"]}}],"collection":[{"href":"https:\/\/libreriahistoriasdebolsillo.com\/index.php\/wp-json\/wp\/v2\/product"}],"about":[{"href":"https:\/\/libreriahistoriasdebolsillo.com\/index.php\/wp-json\/wp\/v2\/types\/product"}],"wp:featuredmedia":[{"embeddable":true,"href":"https:\/\/libreriahistoriasdebolsillo.com\/index.php\/wp-json\/wp\/v2\/media\/7831"}],"wp:attachment":[{"href":"https:\/\/libreriahistoriasdebolsillo.com\/index.php\/wp-json\/wp\/v2\/media?parent=7830"}],"wp:term":[{"taxonomy":"product_brand","embeddable":true,"href":"https:\/\/libreriahistoriasdebolsillo.com\/index.php\/wp-json\/wp\/v2\/product_brand?post=7830"},{"taxonomy":"product_cat","embeddable":true,"href":"https:\/\/libreriahistoriasdebolsillo.com\/index.php\/wp-json\/wp\/v2\/product_cat?post=7830"},{"taxonomy":"product_tag","embeddable":true,"href":"https:\/\/libreriahistoriasdebolsillo.com\/index.php\/wp-json\/wp\/v2\/product_tag?post=7830"}],"curies":[{"name":"wp","href":"https:\/\/api.w.org\/{rel}","templated":true}]}}