{"id":7836,"date":"2025-11-28T16:50:43","date_gmt":"2025-11-28T22:50:43","guid":{"rendered":"https:\/\/libreriahistoriasdebolsillo.com\/?post_type=product&#038;p=7836"},"modified":"2026-04-18T18:16:11","modified_gmt":"2026-04-19T00:16:11","slug":"el-extranjero-tapa-dura-y-cantos-pintados","status":"publish","type":"product","link":"https:\/\/libreriahistoriasdebolsillo.com\/index.php\/producto\/el-extranjero-tapa-dura-y-cantos-pintados\/","title":{"rendered":"El extranjero (Tapa dura y cantos pintados)"},"content":{"rendered":"<p>En apariencia, un hombre com\u00fan y corriente que vive en Argel, un d\u00eda recibe un telegrama que anuncia la muerte de su madre, en ese momento decide asistir al funeral lo que desencadena una gran serie de acontecimientos; pero dichas circunstancias, adem\u00e1s del mundo que lo rodea, le son ajenos y no puede sino transitar frente a esto con absoluta indiferencia. As\u00ed, la filosof\u00eda del absurdo (t\u00e9rmino acu\u00f1ado por Albert Camus) define la visi\u00f3n del mundo y la condici\u00f3n humana que alimentan esta novela.<\/p>\n","protected":false},"excerpt":{"rendered":"<p>Albert Camus<br \/>\n135 p\u00e1ginas<\/p>\n","protected":false},"featured_media":7837,"template":"","meta":{"_joinchat":[]},"product_brand":[],"product_cat":[42,51],"product_tag":[48],"class_list":{"0":"post-7836","1":"product","2":"type-product","3":"status-publish","4":"has-post-thumbnail","6":"product_cat-literatura-clasica","7":"product_cat-oferta","8":"product_tag-vr-editoras","10":"first","11":"instock","12":"shipping-taxable","13":"purchasable","14":"product-type-simple"},"_links":{"self":[{"href":"https:\/\/libreriahistoriasdebolsillo.com\/index.php\/wp-json\/wp\/v2\/product\/7836","targetHints":{"allow":["GET"]}}],"collection":[{"href":"https:\/\/libreriahistoriasdebolsillo.com\/index.php\/wp-json\/wp\/v2\/product"}],"about":[{"href":"https:\/\/libreriahistoriasdebolsillo.com\/index.php\/wp-json\/wp\/v2\/types\/product"}],"wp:featuredmedia":[{"embeddable":true,"href":"https:\/\/libreriahistoriasdebolsillo.com\/index.php\/wp-json\/wp\/v2\/media\/7837"}],"wp:attachment":[{"href":"https:\/\/libreriahistoriasdebolsillo.com\/index.php\/wp-json\/wp\/v2\/media?parent=7836"}],"wp:term":[{"taxonomy":"product_brand","embeddable":true,"href":"https:\/\/libreriahistoriasdebolsillo.com\/index.php\/wp-json\/wp\/v2\/product_brand?post=7836"},{"taxonomy":"product_cat","embeddable":true,"href":"https:\/\/libreriahistoriasdebolsillo.com\/index.php\/wp-json\/wp\/v2\/product_cat?post=7836"},{"taxonomy":"product_tag","embeddable":true,"href":"https:\/\/libreriahistoriasdebolsillo.com\/index.php\/wp-json\/wp\/v2\/product_tag?post=7836"}],"curies":[{"name":"wp","href":"https:\/\/api.w.org\/{rel}","templated":true}]}}