{"id":7842,"date":"2025-12-02T10:04:10","date_gmt":"2025-12-02T16:04:10","guid":{"rendered":"https:\/\/libreriahistoriasdebolsillo.com\/?post_type=product&#038;p=7842"},"modified":"2026-04-23T13:06:19","modified_gmt":"2026-04-23T19:06:19","slug":"tan-poca-vida-2","status":"publish","type":"product","link":"https:\/\/libreriahistoriasdebolsillo.com\/index.php\/producto\/tan-poca-vida-2\/","title":{"rendered":"Tan poca vida"},"content":{"rendered":"<div class=\"justify\">\n<p><b>Para saber\u2026<\/b><\/p>\n<p><b>Qu\u00e9 dicen y qu\u00e9 callan los hombres<\/b><\/p>\n<p><b>De d\u00f3nde viene y ad\u00f3nde va la culpa<\/b><\/p>\n<p><b>Cu\u00e1nto importa el sexo<\/b><\/p>\n<p><b>A qui\u00e9n podemos llamar amigo<\/b><\/p>\n<p><b>Y finalmente\u2026<\/b><\/p>\n<p><b>Qu\u00e9 precio tiene la vida cuando ya no tiene valor<\/b><\/p>\n<\/div>\n<div class=\"justify\">\n<p>Para descubrir eso y m\u00e1s, aqu\u00ed est\u00e1\u00a0<i><b>Tan poca vida<\/b><\/i>, la historia de cuatro amigos que crecen juntos en Manhattan y comparten una idea muy peculiar de la intimidad, una manera de estar juntos hecha de\u00a0<b>pocas palabras y muchos gestos<\/b>. Esta novela, que sigue el hilo de la gran literatura norteamericana, ha sido un \u00e9xito rotundo en otros pa\u00edses y ha llegado a nuestras librer\u00edas para dar un nuevo sentido al silencio y un especial valor a las emociones.<\/p>\n<\/div>\n","protected":false},"excerpt":{"rendered":"<p>Hanya Yanagihara<br \/>\n1008 p\u00e1ginas<\/p>\n","protected":false},"featured_media":7843,"template":"","meta":{"_joinchat":[]},"product_brand":[],"product_cat":[33,38],"product_tag":[34],"class_list":{"0":"post-7842","1":"product","2":"type-product","3":"status-publish","4":"has-post-thumbnail","6":"product_cat-ficcion-general","7":"product_cat-lgbtq","8":"product_tag-penguin-random-house","10":"first","11":"outofstock","12":"shipping-taxable","13":"purchasable","14":"product-type-simple"},"_links":{"self":[{"href":"https:\/\/libreriahistoriasdebolsillo.com\/index.php\/wp-json\/wp\/v2\/product\/7842","targetHints":{"allow":["GET"]}}],"collection":[{"href":"https:\/\/libreriahistoriasdebolsillo.com\/index.php\/wp-json\/wp\/v2\/product"}],"about":[{"href":"https:\/\/libreriahistoriasdebolsillo.com\/index.php\/wp-json\/wp\/v2\/types\/product"}],"wp:featuredmedia":[{"embeddable":true,"href":"https:\/\/libreriahistoriasdebolsillo.com\/index.php\/wp-json\/wp\/v2\/media\/7843"}],"wp:attachment":[{"href":"https:\/\/libreriahistoriasdebolsillo.com\/index.php\/wp-json\/wp\/v2\/media?parent=7842"}],"wp:term":[{"taxonomy":"product_brand","embeddable":true,"href":"https:\/\/libreriahistoriasdebolsillo.com\/index.php\/wp-json\/wp\/v2\/product_brand?post=7842"},{"taxonomy":"product_cat","embeddable":true,"href":"https:\/\/libreriahistoriasdebolsillo.com\/index.php\/wp-json\/wp\/v2\/product_cat?post=7842"},{"taxonomy":"product_tag","embeddable":true,"href":"https:\/\/libreriahistoriasdebolsillo.com\/index.php\/wp-json\/wp\/v2\/product_tag?post=7842"}],"curies":[{"name":"wp","href":"https:\/\/api.w.org\/{rel}","templated":true}]}}