{"id":7846,"date":"2025-12-02T10:09:45","date_gmt":"2025-12-02T16:09:45","guid":{"rendered":"https:\/\/libreriahistoriasdebolsillo.com\/?post_type=product&#038;p=7846"},"modified":"2026-04-30T16:49:27","modified_gmt":"2026-04-30T22:49:27","slug":"cuando-caiga-la-nieve","status":"publish","type":"product","link":"https:\/\/libreriahistoriasdebolsillo.com\/index.php\/producto\/cuando-caiga-la-nieve\/","title":{"rendered":"Cuando caiga la nieve"},"content":{"rendered":"<div class=\"justify\">\n<p><b>\u00abCLARA DAVENPORT QUIERE RESOLVER LOS PROBLEMAS DE FRASER FALLS.<\/b><\/p>\n<p><b>SEG\u00daN JACK KELLY, EL MAYOR PROBLEMA DE FRASER FALLS ES, CASUALMENTE, CLARA.\u00bb<\/b><\/p>\n<\/div>\n<div class=\"justify\">\n<p>Todo lo que Clara Davenport siempre ha querido hacer es ascender en Davenport Innovation Creative, la empresa de juguetes de su familia, y el plan va seg\u00fan lo previsto hasta que les acusan de robarle a un fabricante de juguetes independiente el dise\u00f1o de una mu\u00f1eca, lo que provoca una oleada de mala publicidad.<\/p>\n<p>Jack Kelly se alegrar\u00eda de no volver a o\u00edr nunca m\u00e1s el apellido Davenport, ya que, ni siquiera un a\u00f1o despu\u00e9s de que un tipo trajeado apareciera en su puerta con un saco lleno de promesas, la empresa ha plagiado su dise\u00f1o. As\u00ed que cuando la mism\u00edsima Clara Davenport se presenta en la ciudad con la esperanza de convencerlos a todos de que su empresa no es el enemigo, Jack est\u00e1 decidido a no dejarse enga\u00f1ar dos veces.<\/p>\n<p>Sin embargo, Clara tiene un plan para gan\u00e1rselos y no tarda en darse cuenta de que bajo la fr\u00eda actitud de Jack se esconde la llave del coraz\u00f3n del pueblo&#8230; y tal vez tambi\u00e9n la del suyo propio.<\/p>\n<\/div>\n","protected":false},"excerpt":{"rendered":"<p>Hannah Grace<br \/>\n432 p\u00e1ginas<\/p>\n","protected":false},"featured_media":7847,"template":"","meta":{"_joinchat":[]},"product_brand":[],"product_cat":[70,35],"product_tag":[34],"class_list":{"0":"post-7846","1":"product","2":"type-product","3":"status-publish","4":"has-post-thumbnail","6":"product_cat-novedades","7":"product_cat-romantica","8":"product_tag-penguin-random-house","10":"first","11":"outofstock","12":"shipping-taxable","13":"purchasable","14":"product-type-simple"},"_links":{"self":[{"href":"https:\/\/libreriahistoriasdebolsillo.com\/index.php\/wp-json\/wp\/v2\/product\/7846","targetHints":{"allow":["GET"]}}],"collection":[{"href":"https:\/\/libreriahistoriasdebolsillo.com\/index.php\/wp-json\/wp\/v2\/product"}],"about":[{"href":"https:\/\/libreriahistoriasdebolsillo.com\/index.php\/wp-json\/wp\/v2\/types\/product"}],"wp:featuredmedia":[{"embeddable":true,"href":"https:\/\/libreriahistoriasdebolsillo.com\/index.php\/wp-json\/wp\/v2\/media\/7847"}],"wp:attachment":[{"href":"https:\/\/libreriahistoriasdebolsillo.com\/index.php\/wp-json\/wp\/v2\/media?parent=7846"}],"wp:term":[{"taxonomy":"product_brand","embeddable":true,"href":"https:\/\/libreriahistoriasdebolsillo.com\/index.php\/wp-json\/wp\/v2\/product_brand?post=7846"},{"taxonomy":"product_cat","embeddable":true,"href":"https:\/\/libreriahistoriasdebolsillo.com\/index.php\/wp-json\/wp\/v2\/product_cat?post=7846"},{"taxonomy":"product_tag","embeddable":true,"href":"https:\/\/libreriahistoriasdebolsillo.com\/index.php\/wp-json\/wp\/v2\/product_tag?post=7846"}],"curies":[{"name":"wp","href":"https:\/\/api.w.org\/{rel}","templated":true}]}}