{"id":7850,"date":"2025-12-02T10:16:59","date_gmt":"2025-12-02T16:16:59","guid":{"rendered":"https:\/\/libreriahistoriasdebolsillo.com\/?post_type=product&#038;p=7850"},"modified":"2026-04-30T16:50:11","modified_gmt":"2026-04-30T22:50:11","slug":"el-canto-de-los-grillos","status":"publish","type":"product","link":"https:\/\/libreriahistoriasdebolsillo.com\/index.php\/producto\/el-canto-de-los-grillos\/","title":{"rendered":"El canto de los grillos"},"content":{"rendered":"<div class=\"justify\">\n<p><b>Tras el \u00e9xito de<\/b>\u00a0<i><b>El brillo de las luci\u00e9rnagas<\/b><\/i><b>, llega la nueva novela de Paul Pen, el autor de thriller viral en redes. La continuaci\u00f3n que m\u00e1s de 300.000 lectores est\u00e1n esperando.<\/b><\/p>\n<p><b>\u00abUn regalo para los amantes de las historias tensas con personajes profundos\u00bb.<\/b><\/p>\n<p><i>Publishers<\/i>\u00a0<i>Weekly<\/i><\/p>\n<p><b>\u00abUno de los mejores autores de suspense del panorama espa\u00f1ol\u00bb.<\/b><\/p>\n<p><i>Zenda Libros<\/i><\/p>\n<\/div>\n<div class=\"justify\">\n<p>\u00abEl s\u00f3tano se ha quedado muy vac\u00edo tras tu marcha\u00bb.<\/p>\n<p>Tengo quince a\u00f1os y he vivido toda mi vida en este antiguo faro. Mi hermano y yo vinimos a vivir aqu\u00ed, con el abuelo, cuando yo todav\u00eda era un beb\u00e9.<\/p>\n<p>Es un sitio incre\u00edble, al borde del acantilado. Me gusta refugiarme del sol en la sombra de la fachada. Me gusta el olor del campo al atardecer. A la zona del t\u00fanel prefiero no acercarme. No quiero que el hombre grillo me lleve a vivir bajo tierra. Ya lo he o\u00eddo dar golpes en la trampilla del terreno alguna noche.<\/p>\n<p>A mi hermano no le gusta que haga preguntas sobre nuestro pasado, sobre qui\u00e9nes fueron mi madre y mi padre. Como dice \u00e9l, no todo el mundo tiene una familia como las dem\u00e1s.<\/p>\n<p>Hasta ahora he sido muy feliz aqu\u00ed.<\/p>\n<p>Pero el otro d\u00eda, en casa, apareci\u00f3 una caja.<\/p>\n<p>Y, desde que mi hermano vio lo que conten\u00eda, nada ha vuelto a ser lo mismo.<\/p>\n<\/div>\n","protected":false},"excerpt":{"rendered":"<p>Paul Pen<br \/>\n400 p\u00e1ginas<\/p>\n","protected":false},"featured_media":7851,"template":"","meta":{"_joinchat":[]},"product_brand":[],"product_cat":[37,70],"product_tag":[34],"class_list":{"0":"post-7850","1":"product","2":"type-product","3":"status-publish","4":"has-post-thumbnail","6":"product_cat-misterio-y-thriller","7":"product_cat-novedades","8":"product_tag-penguin-random-house","10":"first","11":"outofstock","12":"shipping-taxable","13":"purchasable","14":"product-type-simple"},"_links":{"self":[{"href":"https:\/\/libreriahistoriasdebolsillo.com\/index.php\/wp-json\/wp\/v2\/product\/7850","targetHints":{"allow":["GET"]}}],"collection":[{"href":"https:\/\/libreriahistoriasdebolsillo.com\/index.php\/wp-json\/wp\/v2\/product"}],"about":[{"href":"https:\/\/libreriahistoriasdebolsillo.com\/index.php\/wp-json\/wp\/v2\/types\/product"}],"wp:featuredmedia":[{"embeddable":true,"href":"https:\/\/libreriahistoriasdebolsillo.com\/index.php\/wp-json\/wp\/v2\/media\/7851"}],"wp:attachment":[{"href":"https:\/\/libreriahistoriasdebolsillo.com\/index.php\/wp-json\/wp\/v2\/media?parent=7850"}],"wp:term":[{"taxonomy":"product_brand","embeddable":true,"href":"https:\/\/libreriahistoriasdebolsillo.com\/index.php\/wp-json\/wp\/v2\/product_brand?post=7850"},{"taxonomy":"product_cat","embeddable":true,"href":"https:\/\/libreriahistoriasdebolsillo.com\/index.php\/wp-json\/wp\/v2\/product_cat?post=7850"},{"taxonomy":"product_tag","embeddable":true,"href":"https:\/\/libreriahistoriasdebolsillo.com\/index.php\/wp-json\/wp\/v2\/product_tag?post=7850"}],"curies":[{"name":"wp","href":"https:\/\/api.w.org\/{rel}","templated":true}]}}