{"id":7853,"date":"2025-12-02T10:19:15","date_gmt":"2025-12-02T16:19:15","guid":{"rendered":"https:\/\/libreriahistoriasdebolsillo.com\/?post_type=product&#038;p=7853"},"modified":"2026-03-27T17:25:34","modified_gmt":"2026-03-27T23:25:34","slug":"una-mentira-peligrosa","status":"publish","type":"product","link":"https:\/\/libreriahistoriasdebolsillo.com\/index.php\/producto\/una-mentira-peligrosa\/","title":{"rendered":"Una mentira peligrosa"},"content":{"rendered":"<div class=\"justify\">\n<p><b>Vive el suspense de la mano de Elia Barcel\u00f3 con un thriller adictivo que no podr\u00e1s dejar de leer.<\/b><\/p>\n<p><b>\u00bfHasta qu\u00e9 punto tenemos el poder de decidir nuestra propia historia?<\/b><br \/>\n<b>\u00bfY la de los dem\u00e1s?<\/b><\/p>\n<\/div>\n<div class=\"justify\">\n<p>QUINCE CARTAS.<br \/>\nUNA MENTIRA.<br \/>\nUN CLIC QUE LO CAMBIAR\u00c1 TODO.<\/p>\n<p>Cuando Jaime Mart\u00ednez empieza su nueva vida en Valencia, en un colegio diferente y lejos de sus padres, no espera que su mundo vaya a dar un giro como este.<\/p>\n<p>Una misteriosa carta de una desconocida dirigida a su nombre, un esc\u00e1ndalo del pasado volver\u00e1 para remover conciencias y un evento inesperado pondr\u00e1 a Jaime en el ojo del hurac\u00e1n.<\/p>\n<p>En el mundo de las redes, como en el de las cartas, todo puede cambiar de la noche a la ma\u00f1ana, y una peque\u00f1a mentira puede escapar a nuestro control y volverse muy peligrosa.<\/p>\n<\/div>\n","protected":false},"excerpt":{"rendered":"<p>Elia Barcel\u00f3<br \/>\n304 p\u00e1ginas<\/p>\n","protected":false},"featured_media":7854,"template":"","meta":{"_joinchat":[]},"product_brand":[],"product_cat":[52,37,70],"product_tag":[34],"class_list":{"0":"post-7853","1":"product","2":"type-product","3":"status-publish","4":"has-post-thumbnail","6":"product_cat-juvenil","7":"product_cat-misterio-y-thriller","8":"product_cat-novedades","9":"product_tag-penguin-random-house","11":"first","12":"outofstock","13":"shipping-taxable","14":"purchasable","15":"product-type-simple"},"_links":{"self":[{"href":"https:\/\/libreriahistoriasdebolsillo.com\/index.php\/wp-json\/wp\/v2\/product\/7853","targetHints":{"allow":["GET"]}}],"collection":[{"href":"https:\/\/libreriahistoriasdebolsillo.com\/index.php\/wp-json\/wp\/v2\/product"}],"about":[{"href":"https:\/\/libreriahistoriasdebolsillo.com\/index.php\/wp-json\/wp\/v2\/types\/product"}],"wp:featuredmedia":[{"embeddable":true,"href":"https:\/\/libreriahistoriasdebolsillo.com\/index.php\/wp-json\/wp\/v2\/media\/7854"}],"wp:attachment":[{"href":"https:\/\/libreriahistoriasdebolsillo.com\/index.php\/wp-json\/wp\/v2\/media?parent=7853"}],"wp:term":[{"taxonomy":"product_brand","embeddable":true,"href":"https:\/\/libreriahistoriasdebolsillo.com\/index.php\/wp-json\/wp\/v2\/product_brand?post=7853"},{"taxonomy":"product_cat","embeddable":true,"href":"https:\/\/libreriahistoriasdebolsillo.com\/index.php\/wp-json\/wp\/v2\/product_cat?post=7853"},{"taxonomy":"product_tag","embeddable":true,"href":"https:\/\/libreriahistoriasdebolsillo.com\/index.php\/wp-json\/wp\/v2\/product_tag?post=7853"}],"curies":[{"name":"wp","href":"https:\/\/api.w.org\/{rel}","templated":true}]}}