{"id":7855,"date":"2025-12-02T10:22:30","date_gmt":"2025-12-02T16:22:30","guid":{"rendered":"https:\/\/libreriahistoriasdebolsillo.com\/?post_type=product&#038;p=7855"},"modified":"2026-02-28T16:57:19","modified_gmt":"2026-02-28T22:57:19","slug":"despues-de-la-vida","status":"publish","type":"product","link":"https:\/\/libreriahistoriasdebolsillo.com\/index.php\/producto\/despues-de-la-vida\/","title":{"rendered":"Despu\u00e9s de la vida"},"content":{"rendered":"<div class=\"justify\">\n<p><b>\u00bfQu\u00e9 sucede cuando morimos?<\/b><\/p>\n<p><b>El libro que despeja todas las inc\u00f3gnitas.<\/b><\/p>\n<\/div>\n<div class=\"justify\">\n<p>Durante m\u00e1s de cinco a\u00f1os, la doctora Cristina L\u00e1zaro ha entrevistado a m\u00e1s de mil pacientes, familiares y personal sanitario en la UCI y en la unidad de cuidados paliativos del Hospital Reina Sof\u00eda en Murcia.<\/p>\n<p>Los detallados relatos que describen las sensaciones y visiones de las personas que han experimentado una ECM son el hilo conductor de Despu\u00e9s de la vida, que tambi\u00e9n incluye un recorrido antropol\u00f3gico por diferentes culturas para comprender c\u00f3mo el ser humano ha entendido y manejado la muerte y el duelo.<\/p>\n<p><b>Un libro cient\u00edfico y riguroso, c\u00e1lido y cercano. Imprescindible para comprender qui\u00e9nes somos, de d\u00f3nde venimos y hacia d\u00f3nde vamos.<\/b><\/p>\n<\/div>\n","protected":false},"excerpt":{"rendered":"<p>Dra. Cristina L\u00e1zaro<br \/>\n320 p\u00e1ginas<\/p>\n","protected":false},"featured_media":7856,"template":"","meta":{"_joinchat":[]},"product_brand":[],"product_cat":[58,41,70],"product_tag":[34],"class_list":{"0":"post-7855","1":"product","2":"type-product","3":"status-publish","4":"has-post-thumbnail","6":"product_cat-desarrollo-humano-y-superacion","7":"product_cat-desarrollo-humano","8":"product_cat-novedades","9":"product_tag-penguin-random-house","11":"first","12":"outofstock","13":"shipping-taxable","14":"purchasable","15":"product-type-simple"},"_links":{"self":[{"href":"https:\/\/libreriahistoriasdebolsillo.com\/index.php\/wp-json\/wp\/v2\/product\/7855","targetHints":{"allow":["GET"]}}],"collection":[{"href":"https:\/\/libreriahistoriasdebolsillo.com\/index.php\/wp-json\/wp\/v2\/product"}],"about":[{"href":"https:\/\/libreriahistoriasdebolsillo.com\/index.php\/wp-json\/wp\/v2\/types\/product"}],"wp:featuredmedia":[{"embeddable":true,"href":"https:\/\/libreriahistoriasdebolsillo.com\/index.php\/wp-json\/wp\/v2\/media\/7856"}],"wp:attachment":[{"href":"https:\/\/libreriahistoriasdebolsillo.com\/index.php\/wp-json\/wp\/v2\/media?parent=7855"}],"wp:term":[{"taxonomy":"product_brand","embeddable":true,"href":"https:\/\/libreriahistoriasdebolsillo.com\/index.php\/wp-json\/wp\/v2\/product_brand?post=7855"},{"taxonomy":"product_cat","embeddable":true,"href":"https:\/\/libreriahistoriasdebolsillo.com\/index.php\/wp-json\/wp\/v2\/product_cat?post=7855"},{"taxonomy":"product_tag","embeddable":true,"href":"https:\/\/libreriahistoriasdebolsillo.com\/index.php\/wp-json\/wp\/v2\/product_tag?post=7855"}],"curies":[{"name":"wp","href":"https:\/\/api.w.org\/{rel}","templated":true}]}}