{"id":7857,"date":"2025-12-02T10:25:44","date_gmt":"2025-12-02T16:25:44","guid":{"rendered":"https:\/\/libreriahistoriasdebolsillo.com\/?post_type=product&#038;p=7857"},"modified":"2026-04-16T12:01:04","modified_gmt":"2026-04-16T18:01:04","slug":"carl-el-mazmorrero-1","status":"publish","type":"product","link":"https:\/\/libreriahistoriasdebolsillo.com\/index.php\/producto\/carl-el-mazmorrero-1\/","title":{"rendered":"Carl el Mazmorrero 1"},"content":{"rendered":"<div class=\"justify\">\n<p><b>\u00a1EL APOCALIPSIS SER\u00c1 TELEVISADO!<\/b><\/p>\n<p><b>Llega la saga m\u00e1s adictiva y mete\u00f3rica: de autoeditado a superventas con m\u00e1s de 3 millones de lectores.<\/b><\/p>\n<\/div>\n<div class=\"justify\">\n<p><b>Bienvenido a la mazmorra. La supervivencia es opcional, mantener a la audiencia enganchada no.<\/b><\/p>\n<p>\u00bfSabes qu\u00e9 es peor que romper con tu novia? Tener que cuidar de su multipremiada gata de exhibici\u00f3n. \u00bfY sabes qu\u00e9 es a\u00fan peor? Enfrentarse a una invasi\u00f3n alien\u00edgena, la destrucci\u00f3n de todas las estructuras terrestres creadas por la humanidad y la explotaci\u00f3n sistem\u00e1tica de los supervivientes mediante un s\u00e1dico programa de entretenimiento intergal\u00e1ctico.<\/p>\n<p>Carl, un veterano de la Guardia Costera, y la Princesa D\u00f3nut, la gata de su exnovia, intentar\u00e1n sobrevivir al fin del mundo -o pasar al siguiente nivel- en una prisi\u00f3n subterr\u00e1nea llena de trampas y digna de un videojuego. Esta mazmorra es, en realidad, el plat\u00f3 de un\u00a0<i>reality show<\/i>\u00a0con espectadores por toda la galaxia. Goblins explosivos. Pociones m\u00e1gicas. Llamas mort\u00edferas que trafican con drogas. Est\u00e1 claro que no es un programa cualquiera.<\/p>\n<\/div>\n","protected":false},"excerpt":{"rendered":"<p>Matt Dinniman<br \/>\n464 p\u00e1ginas<\/p>\n","protected":false},"featured_media":7858,"template":"","meta":{"_joinchat":[]},"product_brand":[],"product_cat":[39,70],"product_tag":[34],"class_list":{"0":"post-7857","1":"product","2":"type-product","3":"status-publish","4":"has-post-thumbnail","6":"product_cat-fantasia","7":"product_cat-novedades","8":"product_tag-penguin-random-house","10":"first","11":"instock","12":"shipping-taxable","13":"purchasable","14":"product-type-simple"},"_links":{"self":[{"href":"https:\/\/libreriahistoriasdebolsillo.com\/index.php\/wp-json\/wp\/v2\/product\/7857","targetHints":{"allow":["GET"]}}],"collection":[{"href":"https:\/\/libreriahistoriasdebolsillo.com\/index.php\/wp-json\/wp\/v2\/product"}],"about":[{"href":"https:\/\/libreriahistoriasdebolsillo.com\/index.php\/wp-json\/wp\/v2\/types\/product"}],"wp:featuredmedia":[{"embeddable":true,"href":"https:\/\/libreriahistoriasdebolsillo.com\/index.php\/wp-json\/wp\/v2\/media\/7858"}],"wp:attachment":[{"href":"https:\/\/libreriahistoriasdebolsillo.com\/index.php\/wp-json\/wp\/v2\/media?parent=7857"}],"wp:term":[{"taxonomy":"product_brand","embeddable":true,"href":"https:\/\/libreriahistoriasdebolsillo.com\/index.php\/wp-json\/wp\/v2\/product_brand?post=7857"},{"taxonomy":"product_cat","embeddable":true,"href":"https:\/\/libreriahistoriasdebolsillo.com\/index.php\/wp-json\/wp\/v2\/product_cat?post=7857"},{"taxonomy":"product_tag","embeddable":true,"href":"https:\/\/libreriahistoriasdebolsillo.com\/index.php\/wp-json\/wp\/v2\/product_tag?post=7857"}],"curies":[{"name":"wp","href":"https:\/\/api.w.org\/{rel}","templated":true}]}}