{"id":7859,"date":"2025-12-02T10:28:36","date_gmt":"2025-12-02T16:28:36","guid":{"rendered":"https:\/\/libreriahistoriasdebolsillo.com\/?post_type=product&#038;p=7859"},"modified":"2026-03-27T17:27:37","modified_gmt":"2026-03-27T23:27:37","slug":"shutter-island","status":"publish","type":"product","link":"https:\/\/libreriahistoriasdebolsillo.com\/index.php\/producto\/shutter-island\/","title":{"rendered":"Shutter Island"},"content":{"rendered":"<div class=\"justify\">\n<p><b>Una de las obras m\u00e1s impactantes de Dennis Lehane de nuevo disponible en castellano<\/b><\/p>\n<p><b>\u00abUna novela brillantemente concebida y ejecutada.\u00bb<\/b><br \/>\n<i><b>The Washington Post<\/b><\/i><\/p>\n<\/div>\n<div class=\"justify\">\n<p><b>Septiembre de 1954<\/b>. En un islote llamado Shutter Island, frente a la costa de Boston, se alza un conjunto de edificios de aspecto siniestro: se trata de un hospital psiqui\u00e1trico cuyos internos, todos hondamente perturbados y sometidos a una vigilancia estricta, han cometido alg\u00fan crimen grave. El agente federal Teddy Daniels y su ayudante, Chuck Aule, son enviados all\u00ed porque una de las reclusas, Rachel Solando, parece haberse evadido de alg\u00fan modo incomprensible de una celda cerrada a cal y canto. La \u00fanica pista es una hoja de papel con una serie de n\u00fameros y letras sin significado aparente.<\/p>\n<p>Mientras un furioso hurac\u00e1n azota el pe\u00f1\u00f3n, los dos polic\u00edas se adentran en un mundo cada vez m\u00e1s opaco y angustiante, entre indicios de experimentos radicales y maquinaciones gubernamentales encubiertas que ensombrecen un caso ya de por s\u00ed extra\u00f1o. A medida que su investigaci\u00f3n avanza, las preguntas aumentan: ya no se refieren tan solo a la mujer desaparecida, sino a la naturaleza de todo lo que sucede en ese lugar rodeado por una valla electrificada y guardias armados. Y, cuanto m\u00e1s se acercan a la verdad, \u00e9sta se vuelve cada vez m\u00e1s esquiva, hasta el punto de hacerles creer que tal vez nunca puedan abandonar Shutter Island.<\/p>\n<p><b>Homenaje a la novela g\u00f3tica,\u00a0<i>thriller\u00a0<\/i>psicol\u00f3gico apasionante y atmosf\u00e9rico donde nada es lo que parece,\u00a0<i>Shutter Island\u00a0<\/i>es una de las obras maestras de Dennis Lehane y un\u00a0<i>best-seller<\/i>\u00a0internacional que dio pie a una pel\u00edcula de culto de Martin Scorsese. Gracias a un elenco de personajes magistralmente dibujados, Dennis Lehane desciende a los abismos del alma humana y nos desaf\u00eda a enfrentarnos al enga\u00f1oso poder de nuestra mente.<\/b><\/p>\n<\/div>\n","protected":false},"excerpt":{"rendered":"<p>Dennis Lehane<br \/>\n368 p\u00e1ginas<\/p>\n","protected":false},"featured_media":7860,"template":"","meta":{"_joinchat":[]},"product_brand":[],"product_cat":[37,70],"product_tag":[34],"class_list":{"0":"post-7859","1":"product","2":"type-product","3":"status-publish","4":"has-post-thumbnail","6":"product_cat-misterio-y-thriller","7":"product_cat-novedades","8":"product_tag-penguin-random-house","10":"first","11":"outofstock","12":"shipping-taxable","13":"purchasable","14":"product-type-simple"},"_links":{"self":[{"href":"https:\/\/libreriahistoriasdebolsillo.com\/index.php\/wp-json\/wp\/v2\/product\/7859","targetHints":{"allow":["GET"]}}],"collection":[{"href":"https:\/\/libreriahistoriasdebolsillo.com\/index.php\/wp-json\/wp\/v2\/product"}],"about":[{"href":"https:\/\/libreriahistoriasdebolsillo.com\/index.php\/wp-json\/wp\/v2\/types\/product"}],"wp:featuredmedia":[{"embeddable":true,"href":"https:\/\/libreriahistoriasdebolsillo.com\/index.php\/wp-json\/wp\/v2\/media\/7860"}],"wp:attachment":[{"href":"https:\/\/libreriahistoriasdebolsillo.com\/index.php\/wp-json\/wp\/v2\/media?parent=7859"}],"wp:term":[{"taxonomy":"product_brand","embeddable":true,"href":"https:\/\/libreriahistoriasdebolsillo.com\/index.php\/wp-json\/wp\/v2\/product_brand?post=7859"},{"taxonomy":"product_cat","embeddable":true,"href":"https:\/\/libreriahistoriasdebolsillo.com\/index.php\/wp-json\/wp\/v2\/product_cat?post=7859"},{"taxonomy":"product_tag","embeddable":true,"href":"https:\/\/libreriahistoriasdebolsillo.com\/index.php\/wp-json\/wp\/v2\/product_tag?post=7859"}],"curies":[{"name":"wp","href":"https:\/\/api.w.org\/{rel}","templated":true}]}}