{"id":7861,"date":"2025-12-02T10:31:08","date_gmt":"2025-12-02T16:31:08","guid":{"rendered":"https:\/\/libreriahistoriasdebolsillo.com\/?post_type=product&#038;p=7861"},"modified":"2026-03-14T13:36:43","modified_gmt":"2026-03-14T19:36:43","slug":"la-reina-oculta","status":"publish","type":"product","link":"https:\/\/libreriahistoriasdebolsillo.com\/index.php\/producto\/la-reina-oculta\/","title":{"rendered":"La reina oculta"},"content":{"rendered":"<div class=\"justify\">\n<p><b>\u00abEl diablo estaba tejiendo un futuro tr\u00e1gico\u00bb.<\/b><\/p>\n<p><b>Jorge Molist convierte con maestr\u00eda al Medievo en uno de los protagonistas de esta fascinante novela hist\u00f3rica, premio Novela Hist\u00f3rica Alfonso X el Sabio.<\/b><\/p>\n<\/div>\n<div class=\"justify\">\n<p>1208, Roma. Un legado papal que carga en secreto la \u00abherencia del diablo\u00bb, unos documentos que amenazan al papa Inocencio III y a la Iglesia, es asesinado y los escritos, robados. Ser\u00e1 entonces cuando el Papa proclamar\u00e1 una aterradora cruzada contra los c\u00e1taros que acabar\u00e1 arrasando Occitania.<\/p>\n<p>Ajena a la cat\u00e1strofe que la acecha, Bruna, una joven dama enamorada de Hugo, un trovador espa\u00f1ol, no imagina el destino que le espera. Mientras, en Par\u00eds, un pendenciero y juerguista estudiante de teolog\u00eda, Guillermo, se ve obligado a unirse a la lucha, en la que tendr\u00e1 que recuperar los escritos robados y matar a Bruna\u2026<\/p>\n<p>El destino de los tres j\u00f3venes se enlazar\u00e1 en esta devastadora cruzada, entre amores apasionados, rivalidades y muerte.<\/p>\n<\/div>\n","protected":false},"excerpt":{"rendered":"<p>Jorge Molist<br \/>\n592 p\u00e1ginas<\/p>\n","protected":false},"featured_media":7862,"template":"","meta":{"_joinchat":[]},"product_brand":[],"product_cat":[56,70],"product_tag":[34],"class_list":{"0":"post-7861","1":"product","2":"type-product","3":"status-publish","4":"has-post-thumbnail","6":"product_cat-historica","7":"product_cat-novedades","8":"product_tag-penguin-random-house","10":"first","11":"outofstock","12":"shipping-taxable","13":"purchasable","14":"product-type-simple"},"_links":{"self":[{"href":"https:\/\/libreriahistoriasdebolsillo.com\/index.php\/wp-json\/wp\/v2\/product\/7861","targetHints":{"allow":["GET"]}}],"collection":[{"href":"https:\/\/libreriahistoriasdebolsillo.com\/index.php\/wp-json\/wp\/v2\/product"}],"about":[{"href":"https:\/\/libreriahistoriasdebolsillo.com\/index.php\/wp-json\/wp\/v2\/types\/product"}],"wp:featuredmedia":[{"embeddable":true,"href":"https:\/\/libreriahistoriasdebolsillo.com\/index.php\/wp-json\/wp\/v2\/media\/7862"}],"wp:attachment":[{"href":"https:\/\/libreriahistoriasdebolsillo.com\/index.php\/wp-json\/wp\/v2\/media?parent=7861"}],"wp:term":[{"taxonomy":"product_brand","embeddable":true,"href":"https:\/\/libreriahistoriasdebolsillo.com\/index.php\/wp-json\/wp\/v2\/product_brand?post=7861"},{"taxonomy":"product_cat","embeddable":true,"href":"https:\/\/libreriahistoriasdebolsillo.com\/index.php\/wp-json\/wp\/v2\/product_cat?post=7861"},{"taxonomy":"product_tag","embeddable":true,"href":"https:\/\/libreriahistoriasdebolsillo.com\/index.php\/wp-json\/wp\/v2\/product_tag?post=7861"}],"curies":[{"name":"wp","href":"https:\/\/api.w.org\/{rel}","templated":true}]}}