{"id":7863,"date":"2025-12-02T10:32:42","date_gmt":"2025-12-02T16:32:42","guid":{"rendered":"https:\/\/libreriahistoriasdebolsillo.com\/?post_type=product&#038;p=7863"},"modified":"2026-03-27T17:28:33","modified_gmt":"2026-03-27T23:28:33","slug":"matar-a-un-ruisenor","status":"publish","type":"product","link":"https:\/\/libreriahistoriasdebolsillo.com\/index.php\/producto\/matar-a-un-ruisenor\/","title":{"rendered":"Matar a un ruise\u00f1or"},"content":{"rendered":"<div class=\"justify\">\n<p><b>Un cl\u00e1sico de la literatura del siglo XX.<\/b><\/p>\n<\/div>\n<div class=\"justify\">\n<p><i>\u00abDispara a todos los grajos que quieras, si puedes acertarles, pero recuerda que es pecado matar a un ruise\u00f1or.\u00bb<\/i><\/p>\n<p>Este es el consejo que da a sus hijos un abogado que est\u00e1 defendiendo al verdadero ruise\u00f1or del cl\u00e1sico de Harper Lee: un hombre de color acusado de violar a una joven blanca. Desde la mirada de Jem y Scout Finch, Harper Lee explora con humor y una honestidad insobornable la irracional actitud que en cuestiones de raza y clase social ten\u00edan los adultos del Sur profundo de los a\u00f1os treinta.<\/p>\n<p>Harper Lee est\u00e1 de plena actualidad por el redescubrimiento de la novela original, rechazada por sus editores en su momento y una de cuyas tramas secundarias es la que dio origen a la novela\u00a0<i>Matar a un ruise\u00f1or<\/i>\u00a0y a las pel\u00edculas hom\u00f3nima ganadora de varios Oscar.<\/p>\n<p>Jean Louise Finch evoca una \u00e9poca de su infancia en Alabama, cuando su padre, Atticus, decidi\u00f3 defender ante los tribunales a un hombre negro acusado de violar a una mujer blanca. Novela de iniciaci\u00f3n,\u00a0<i>Matar a un ruise\u00f1or<\/i>\u00a0muestra una comunidad, la del sur de Estados Unidos durante la d\u00e9cada de 1930, dominada por los prejuicios raciales, la desconfianza hacia lo diferente, la rigidez de los v\u00ednculos familiares y vecinales, as\u00ed como por un sistema judicial sin apenas garant\u00edas para la poblaci\u00f3n de color.<\/p>\n<\/div>\n","protected":false},"excerpt":{"rendered":"<p>Harper Lee<br \/>\n416 p\u00e1ginas<\/p>\n","protected":false},"featured_media":7864,"template":"","meta":{"_joinchat":[]},"product_brand":[],"product_cat":[33],"product_tag":[34],"class_list":{"0":"post-7863","1":"product","2":"type-product","3":"status-publish","4":"has-post-thumbnail","6":"product_cat-ficcion-general","7":"product_tag-penguin-random-house","9":"first","10":"outofstock","11":"shipping-taxable","12":"purchasable","13":"product-type-simple"},"_links":{"self":[{"href":"https:\/\/libreriahistoriasdebolsillo.com\/index.php\/wp-json\/wp\/v2\/product\/7863","targetHints":{"allow":["GET"]}}],"collection":[{"href":"https:\/\/libreriahistoriasdebolsillo.com\/index.php\/wp-json\/wp\/v2\/product"}],"about":[{"href":"https:\/\/libreriahistoriasdebolsillo.com\/index.php\/wp-json\/wp\/v2\/types\/product"}],"wp:featuredmedia":[{"embeddable":true,"href":"https:\/\/libreriahistoriasdebolsillo.com\/index.php\/wp-json\/wp\/v2\/media\/7864"}],"wp:attachment":[{"href":"https:\/\/libreriahistoriasdebolsillo.com\/index.php\/wp-json\/wp\/v2\/media?parent=7863"}],"wp:term":[{"taxonomy":"product_brand","embeddable":true,"href":"https:\/\/libreriahistoriasdebolsillo.com\/index.php\/wp-json\/wp\/v2\/product_brand?post=7863"},{"taxonomy":"product_cat","embeddable":true,"href":"https:\/\/libreriahistoriasdebolsillo.com\/index.php\/wp-json\/wp\/v2\/product_cat?post=7863"},{"taxonomy":"product_tag","embeddable":true,"href":"https:\/\/libreriahistoriasdebolsillo.com\/index.php\/wp-json\/wp\/v2\/product_tag?post=7863"}],"curies":[{"name":"wp","href":"https:\/\/api.w.org\/{rel}","templated":true}]}}