{"id":7870,"date":"2025-12-12T14:59:40","date_gmt":"2025-12-12T20:59:40","guid":{"rendered":"https:\/\/libreriahistoriasdebolsillo.com\/?post_type=product&#038;p=7870"},"modified":"2026-03-11T13:35:39","modified_gmt":"2026-03-11T19:35:39","slug":"penelope-y-las-doce-criadas","status":"publish","type":"product","link":"https:\/\/libreriahistoriasdebolsillo.com\/index.php\/producto\/penelope-y-las-doce-criadas\/","title":{"rendered":"Pen\u00e9lope y las doce criadas"},"content":{"rendered":"<p>Ganadora en dos ocasiones del\u00a0<b>Premio Booker<\/b>\u00a0-en el a\u00f1o 2000 con\u00a0<i>El asesino ciego<\/i>\u00a0y en 2019 con\u00a0<i>Los testamentos<\/i>-, un hecho ins\u00f3lito en la historia del m\u00e1ximo galard\u00f3n literario de las letras anglosajonas, la aclamada autora de<i>\u00a0El cuento de la criada\u00a0<\/i>nos sorprende con una valiente\u00a0<b>reelaboraci\u00f3n del mito de Pen\u00e9lope<\/b>, esposa de Odiseo y s\u00edmbolo por excelencia de la fidelidad conyugal a lo largo de los siglos.<\/p>\n<p>En el\u00a0<b>relato hom\u00e9rico<\/b>, tras la marcha de\u00a0<b>Odiseo\u00a0<\/b>a la\u00a0<b>guerra de Troya<\/b>, Pen\u00e9lope se las compone -mientras teje y desteje incansablemente su tapiz- para conservar el<b>\u00a0reino de \u00cdtaca<\/b>, criar a su hijo descarriado y mantener a raya a una caterva de pretendientes. Cuando, al cabo de veinte a\u00f1os, Odiseo regresa a casa tras superar un sinf\u00edn de contratiempos, enfrentarse a seres monstruosos y acostarse con diosas, mata a los pretendientes de Pen\u00e9lope y, curiosamente, tambi\u00e9n a doce de sus doncellas. En una espl\u00e9ndida\u00a0<b>vuelta de tuerca al mito antiguo<\/b>, Margaret Atwood ha decidido contar su versi\u00f3n de Pen\u00e9lope y sus doce criadas ejecutadas.\u00a0<b>Sabio, po\u00e9tico y l\u00fadico<\/b>\u00a0a un tiempo, el resultado es un retablo deslumbrante y turbador que presenta una dimensi\u00f3n desconocida de la abnegada esposa de Odiseo y ofrece una\u00a0<b>interpretaci\u00f3n atrevida\u00a0<\/b>de un antiguo misterio.<\/p>\n","protected":false},"excerpt":{"rendered":"<p>Margaret Atwood<br \/>\n176 p\u00e1ginas<\/p>\n","protected":false},"featured_media":7871,"template":"","meta":{"_joinchat":[]},"product_brand":[],"product_cat":[33],"product_tag":[34],"class_list":{"0":"post-7870","1":"product","2":"type-product","3":"status-publish","4":"has-post-thumbnail","6":"product_cat-ficcion-general","7":"product_tag-penguin-random-house","9":"first","10":"outofstock","11":"shipping-taxable","12":"purchasable","13":"product-type-simple"},"_links":{"self":[{"href":"https:\/\/libreriahistoriasdebolsillo.com\/index.php\/wp-json\/wp\/v2\/product\/7870","targetHints":{"allow":["GET"]}}],"collection":[{"href":"https:\/\/libreriahistoriasdebolsillo.com\/index.php\/wp-json\/wp\/v2\/product"}],"about":[{"href":"https:\/\/libreriahistoriasdebolsillo.com\/index.php\/wp-json\/wp\/v2\/types\/product"}],"wp:featuredmedia":[{"embeddable":true,"href":"https:\/\/libreriahistoriasdebolsillo.com\/index.php\/wp-json\/wp\/v2\/media\/7871"}],"wp:attachment":[{"href":"https:\/\/libreriahistoriasdebolsillo.com\/index.php\/wp-json\/wp\/v2\/media?parent=7870"}],"wp:term":[{"taxonomy":"product_brand","embeddable":true,"href":"https:\/\/libreriahistoriasdebolsillo.com\/index.php\/wp-json\/wp\/v2\/product_brand?post=7870"},{"taxonomy":"product_cat","embeddable":true,"href":"https:\/\/libreriahistoriasdebolsillo.com\/index.php\/wp-json\/wp\/v2\/product_cat?post=7870"},{"taxonomy":"product_tag","embeddable":true,"href":"https:\/\/libreriahistoriasdebolsillo.com\/index.php\/wp-json\/wp\/v2\/product_tag?post=7870"}],"curies":[{"name":"wp","href":"https:\/\/api.w.org\/{rel}","templated":true}]}}