{"id":7872,"date":"2025-12-12T15:02:12","date_gmt":"2025-12-12T21:02:12","guid":{"rendered":"https:\/\/libreriahistoriasdebolsillo.com\/?post_type=product&#038;p=7872"},"modified":"2025-12-27T14:24:52","modified_gmt":"2025-12-27T20:24:52","slug":"el-delfin","status":"publish","type":"product","link":"https:\/\/libreriahistoriasdebolsillo.com\/index.php\/producto\/el-delfin\/","title":{"rendered":"El delf\u00edn"},"content":{"rendered":"<div class=\"justify\">\n<p><b>\u00abUn viaje vertiginoso, emotivo y muy trascendente, a caballo entre la Antig\u00fcedad y el presente.\u00bb The Observer<\/b><\/p>\n<\/div>\n<div class=\"justify\">\n<p>Desde la Edad Media hasta el Renacimiento, la tr\u00e1gica historia de\u00a0<b>Apolonio de Tiro<\/b>, perseguido por denunciar la relaci\u00f3n incestuosa del rey Ant\u00edoco con su hija, tuvo una enorme difusi\u00f3n gracias a sus diversas adaptaciones a lo largo de los siglos. Dos d\u00e9cadas despu\u00e9s de conmocionar al p\u00fablico lector con\u00a0<i>El curioso incidente del perro a medianoche<\/i>, Mark Haddon ha escrito una versi\u00f3n polifac\u00e9tica del famoso relato en la que explora, desde el presente, el inagotable poder de los\u00a0<b>mitos\u00a0<\/b>para iluminar los recodos m\u00e1s oscuros del comportamiento humano y servir de inspiraci\u00f3n para superar los momentos m\u00e1s dolorosos.<\/p>\n<p>La esposa del todopoderoso Philippe, una famosa actriz llamada Maia,<b>\u00a0muere en un accidente<\/b>\u00a0de avioneta estando embarazada de treinta y siete semanas. El beb\u00e9, una ni\u00f1a, sobrevive milagrosamente, y Philippe se entrega en cuerpo y alma al cuidado de su hija, a la que llama Angelica. Pero su obsesi\u00f3n en protegerla de los peligros que la rodean se incrementa con el paso de los a\u00f1os hasta convertirse en una perversi\u00f3n aberrante. Cuando Darius, hijo de un marchante de arte que trabajaba para Philippe, se presenta en la casa de \u00e9ste con un cuadro y conoce a Angelica, enseguida intuye que ocurre algo extra\u00f1o y decide ayudarla a escapar de su padre.<\/p>\n<p>Sin embargo, el intento acabar\u00e1 de forma inesperada y obligar\u00e1 a Darius a emprender una<b>\u00a0traves\u00eda fabulosa\u00a0<\/b>a bordo del Delf\u00edn, una expedici\u00f3n plena de batallas navales, combates de gladiadores, secretos de alcoba, muertos vivientes y p\u00e9rdidas devastadoras.<\/p>\n<\/div>\n","protected":false},"excerpt":{"rendered":"<p>Mark Haddon<br \/>\n368 p\u00e1ginas<\/p>\n","protected":false},"featured_media":7873,"template":"","meta":{"_joinchat":[]},"product_brand":[],"product_cat":[39],"product_tag":[34],"class_list":{"0":"post-7872","1":"product","2":"type-product","3":"status-publish","4":"has-post-thumbnail","6":"product_cat-fantasia","7":"product_tag-penguin-random-house","9":"first","10":"instock","11":"shipping-taxable","12":"purchasable","13":"product-type-simple"},"_links":{"self":[{"href":"https:\/\/libreriahistoriasdebolsillo.com\/index.php\/wp-json\/wp\/v2\/product\/7872","targetHints":{"allow":["GET"]}}],"collection":[{"href":"https:\/\/libreriahistoriasdebolsillo.com\/index.php\/wp-json\/wp\/v2\/product"}],"about":[{"href":"https:\/\/libreriahistoriasdebolsillo.com\/index.php\/wp-json\/wp\/v2\/types\/product"}],"wp:featuredmedia":[{"embeddable":true,"href":"https:\/\/libreriahistoriasdebolsillo.com\/index.php\/wp-json\/wp\/v2\/media\/7873"}],"wp:attachment":[{"href":"https:\/\/libreriahistoriasdebolsillo.com\/index.php\/wp-json\/wp\/v2\/media?parent=7872"}],"wp:term":[{"taxonomy":"product_brand","embeddable":true,"href":"https:\/\/libreriahistoriasdebolsillo.com\/index.php\/wp-json\/wp\/v2\/product_brand?post=7872"},{"taxonomy":"product_cat","embeddable":true,"href":"https:\/\/libreriahistoriasdebolsillo.com\/index.php\/wp-json\/wp\/v2\/product_cat?post=7872"},{"taxonomy":"product_tag","embeddable":true,"href":"https:\/\/libreriahistoriasdebolsillo.com\/index.php\/wp-json\/wp\/v2\/product_tag?post=7872"}],"curies":[{"name":"wp","href":"https:\/\/api.w.org\/{rel}","templated":true}]}}